{"id":637,"date":"2018-01-13T06:53:27","date_gmt":"2018-01-13T06:53:27","guid":{"rendered":"http:\/\/victorthemes.com\/themes\/unova\/?page_id=637"},"modified":"2021-11-12T21:01:18","modified_gmt":"2021-11-12T21:01:18","slug":"our-expertise","status":"publish","type":"page","link":"https:\/\/seh-equine.com\/fr\/our-expertise\/","title":{"rendered":"Notre expertise"},"content":{"rendered":"<div class=\"vc_row wpb_row vc_row-fluid unva-dhav-dotted vc_custom_1578163694624\"><div class=\"wpb_column vc_column_container text-default vc_col-sm-12\"><div class=\"vc_column-inner\"><div class=\"wpb_wrapper\">\n\t<div class=\"wpb_text_column wpb_content_element\" >\n\t\t<div class=\"wpb_wrapper\">\n\t\t\t<p><img decoding=\"async\" loading=\"lazy\" class=\"wp-image-1760 alignleft\" src=\"https:\/\/seh-equine.com\/wp-content\/uploads\/2020\/02\/Logo-1-510x243.png\" alt=\"\" width=\"371\" height=\"177\" srcset=\"https:\/\/seh-equine.com\/wp-content\/uploads\/2020\/02\/Logo-1-510x243.png 510w, https:\/\/seh-equine.com\/wp-content\/uploads\/2020\/02\/Logo-1-900x429.png 900w, https:\/\/seh-equine.com\/wp-content\/uploads\/2020\/02\/Logo-1-768x366.png 768w, https:\/\/seh-equine.com\/wp-content\/uploads\/2020\/02\/Logo-1-1536x732.png 1536w, https:\/\/seh-equine.com\/wp-content\/uploads\/2020\/02\/Logo-1-2048x976.png 2048w, https:\/\/seh-equine.com\/wp-content\/uploads\/2020\/02\/Logo-1-600x286.png 600w\" sizes=\"(max-width: 371px) 100vw, 371px\" \/>Stallions, Etalons &amp; Hengste (SEH Equine) est une entreprise familiale d'importation de semence \u00e9quine r\u00e9cemment cr\u00e9\u00e9e. Nous sommes en contact avec de nombreux \u00e9leveurs en France, en Allemagne et au Royaume-Uni et nous nous effor\u00e7ons de pr\u00e9senter les meilleurs \u00e9talons sur notre site Web.<\/p>\n<p>Nous avons cr\u00e9\u00e9 ce site Web pour \u00eatre aussi simple que possible, vous pouvez trouver toutes les informations pertinentes dont vous auriez besoin sur la page de l'\u00e9talon, et vous pouvez nous contacter pour demander plus de d\u00e9tails ou progresser avec une commande. Nous sommes toujours disponibles pour r\u00e9pondre \u00e0 vos questions, alors n'h\u00e9sitez pas \u00e0 nous contacter.<\/p>\n\n\t\t<\/div>\n\t<\/div>\n<\/div><\/div><\/div><\/div><div class=\"vc_row wpb_row vc_row-fluid unva-dhav-dotted vc_custom_1580499027528 vc_column-gap-10\"><div class=\"wpb_column vc_column_container text-default vc_col-sm-12\"><div class=\"vc_column-inner\"><div class=\"wpb_wrapper\"><div class=\"section-title-wrap unva-stitle-69dcd615bc3d4 cpation-center\"><h2 class=\"section-title\">Notre passion<\/h2><\/div>\n\t<div class=\"wpb_text_column wpb_content_element\" >\n\t\t<div class=\"wpb_wrapper\">\n\t\t\t<p style=\"text-align: left;\"><span style=\"font-weight: 400; font-family: georgia, palatino; font-size: 16px;\">Pendant mon enfance, j'ai grandi dans un centre \u00e9questre familial bas\u00e9 \u00e0 Cornwall (Royaume-Uni) o\u00f9 nous avions plus de 50 chevaux \u00e0 un moment donn\u00e9 - avec nos propres \u00e9talons et poulains chaque ann\u00e9e. Tout en \u00e9tudiant mon BA en philosophie, religion et \u00e9thique (PRE) \u00e0 l'UCL, j'ai travaill\u00e9 chez Village Stables (Wimbledon). Par la suite, j'ai \u00e9t\u00e9 Head Girl pour Angela Wise chez Dalcotes STUD, form\u00e9 \u00e0 l'IA et collect\u00e9 des \u00e9talons sous Tony et Marylin Pilgrim au Sporting Horse (o\u00f9 j'\u00e9tais \u00e9galement Head Girl et Stallion Handler).<\/span><\/p>\n<p style=\"text-align: left;\"><span style=\"font-weight: 400; font-family: georgia, palatino; font-size: 16px;\">J'ai \u00e9galement pass\u00e9 une saison chez Twemlows, ce qui m'a \u00e9galement donn\u00e9 l'opportunit\u00e9 de passer du temps avec Stallion AI. J'ai continu\u00e9 \u00e0 d\u00e9velopper mon expertise \u00e0 travers une gamme de r\u00f4les et d'exp\u00e9riences, y compris;<\/span><\/p>\n<ul>\n<li><span style=\"font-weight: 400; font-family: georgia, palatino; font-size: 16px;\">Head Girl et \u00e9talon au Kylemoor Stud, Galway<\/span><\/li>\n<li><span style=\"font-weight: 400; font-family: georgia, palatino; font-size: 16px;\">Schockemohle, Mullen Mares yard in stud season and international groom out of season<\/span><\/li>\n<li><span style=\"font-weight: 400; font-family: georgia, palatino; font-size: 16px;\">Yard manager for Hans Gunter and Debby Winkler 2 years<\/span><\/li>\n<li><span style=\"font-weight: 400; font-family: georgia, palatino; font-size: 16px;\">Freelance groom and horse agent working at the DOKR (german Olympic committee for riders) and other well-known places and people such as Monica Theodoresu (German dressage chef de Equipe) <\/span><span style=\"font-weight: 400; font-family: georgia, palatino; font-size: 16px;\">Michael Klimke, Andreas Ostholt, Susanne Meisner to name a few while arranging horse viewing with different yards throughout Munster and Warendorf for customers<\/span><\/li>\n<\/ul>\n<p style=\"text-align: left;\"><span style=\"font-weight: 400; font-family: georgia, palatino; font-size: 16px;\">Mon r\u00f4le le plus r\u00e9cent \u00e9tait pour une agence europ\u00e9enne du sperme bas\u00e9e en France. Les pays les plus influents comprennent le Royaume-Uni, l'Allemagne et la Su\u00e8de, mais des liens solides dans la plupart des pays de l'UE. Suite \u00e0 toute mon exp\u00e9rience et ma passion pour les \u00e9talons, j'ai d\u00e9cid\u00e9 de cr\u00e9er SEH Equine et nous sommes implant\u00e9s dans la Sarthe, qui est aussi ma maison familiale, compos\u00e9e de for\u00eats, de p\u00e2turages et de divers lacs.<\/span><\/p>\n\n\t\t<\/div>\n\t<\/div>\n<\/div><\/div><\/div><\/div><div class=\"vc_row wpb_row vc_row-fluid unva-dhav-dotted vc_custom_1580499027528 vc_column-gap-10\"><div class=\"wpb_column vc_column_container text-default vc_col-sm-12\"><div class=\"vc_column-inner\"><div class=\"wpb_wrapper\"><div class=\"section-title-wrap unva-stitle-69dcd615bcba6 cpation-center\"><h2 class=\"section-title\">Les r\u00e9f\u00e9rences<\/h2><\/div><div class=\"accordion  collapse-others\" role=\"tablist\" ><div class=\"panel panel-default\"><div class=\"panel-heading\"><h4 class=\"panel-title\"> <a href=\"#69dcd615bcd2a-0\" class=\"in\" data-toggle=\"collapse\" aria-expanded=\"true\">Calagy Sport Horse Ireland<\/a><\/h4><\/div><div id=\"69dcd615bcd2a-0\" class=\"panel-collapse collapse in\"><div class=\"panel-content\">\n\t<div class=\"wpb_text_column wpb_content_element\" >\n\t\t<div class=\"wpb_wrapper\">\n\t\t\t<p>Nous sommes un petit chantier bas\u00e9 dans l'ouest de l'Irlande. Nous nous sp\u00e9cialisons dans l'\u00e9levage de sauteurs d'obstacles, y compris les juments qui ont produit 1,60 prog\u00e9niture. Nous achetons \u00e9galement des chevaux et proposons des services de cassage et de production. Certains de nos anciens dipl\u00f4m\u00e9s incluent Imogen Murray MDSandyhill Penhills Zero plac\u00e9 dans BYEH 4YR et 5YR, Bill Bournes Jumble Reserve Champion Dublin Horse Show. Nous avons \u00e9galement quelques showjumpers \u00e0 venir pour la saison 2021.<\/p>\n<p>Nous faisons \u00e9galement partie du comit\u00e9 pour la vente de poulains s\u00e9lectionn\u00e9s par les \u00e9leveurs en Irlande. Une vente pour le poulain de saut d'obstacles irlandais, et la seule vente au monde pour le poulain de comp\u00e9tition irlandais.<\/p>\n<p>Nous avons eu de nombreuses relations avec Ann et nous l'avons trouv\u00e9e tr\u00e8s professionnelle, ses connaissances et ses contacts dans l'industrie \u00e9quine nous ont aid\u00e9s \u00e0 trouver certains des \u00e9talons les plus prometteurs du continent \u00e0 ramener en Irlande. Nous nous sommes \u00e9galement appuy\u00e9s sur Ann pour nous aider dans la publicit\u00e9 de notre vente dans de nouveaux territoires, dont la France et l'Allemagne.<\/p>\n<p>C'est une grande aide aussi pour nous quand nous pouvons nous tourner vers Ann pour plus d'informations sur l'\u00e9levage sur le continent, elle est toujours disponible pour r\u00e9pondre aux questions, nous envoyer des d\u00e9tails ou m\u00eame passer des contacts.<\/p>\n<p>Nous avons \u00e9t\u00e9 tr\u00e8s heureux de transmettre les d\u00e9tails d'Ann \u00e0 d'autres cavaliers pour divers services. Y compris l'approvisionnement des chevaux et du personnel. Sa connaissance de l'\u00e9levage et des \u00e9talons a \u00e9t\u00e9 d'une grande aide dans notre programme d'\u00e9levage.<\/p>\n<p>Nous sommes impatients de travailler avec Ann \u00e0 l'avenir.<\/p>\n<p>&nbsp;<\/p>\n<p><strong>Chloe Hester<\/strong><br \/>\nCalagy Sport Horse Ireland<\/p>\n\n\t\t<\/div>\n\t<\/div>\n<\/div><\/div><\/div><div class=\"panel panel-default\"><div class=\"panel-heading\"><h4 class=\"panel-title\"> <a href=\"#69dcd615bcd2a-1\" class=\"collapsed\" data-toggle=\"collapse\" aria-expanded=\"true\">Sporting Horse Stud<\/a><\/h4><\/div><div id=\"69dcd615bcd2a-1\" class=\"panel-collapse collapse\"><div class=\"panel-content\">\n\t<div class=\"wpb_text_column wpb_content_element\" >\n\t\t<div class=\"wpb_wrapper\">\n\t\t\t<p>Ann Pearce came to work for Sporting Horse Stud IN 2008.\u00a0 From day one Ann showed a wonderful rapport, with all our horses, Broodmares and foals. Youngstock including colts of various ages, and our Stallions TB, Hanoverian, and Selle Fran\u00e7ais. Ann\u2019s great attention to detail in all she did was outstanding, Ann showed exceptional talent handling the stallions, with Semen collections for Artificial Insemination, Ann took a huge interest in all to do with breeding, with this in mind Ann took her Artificial Insemination Technicians Exam, successfully.<\/p>\n<p>Ses comp\u00e9tences en reproduction \u00e9quine ont continu\u00e9 \u00e0 se d\u00e9velopper pour lui montrer qu'elle avait un flair naturel lors de la collecte d'\u00e9talons individuels et une grande affinit\u00e9 avec les poulini\u00e8res dans la reproduction et tous les aspects de l'\u00e9levage. L\u2019immense talent et les connaissances d\u2019Ann ainsi que les ann\u00e9es d\u2019exp\u00e9rience pratique qu\u2019elle a acquises dans le monde de l\u2019\u00e9levage la placent au sommet de sa sph\u00e8re.<\/p>\n<p><strong>Marilyn Pilgrim<\/strong><br \/>\nCo-fondateur de Sporting Horse Stud<\/p>\n\n\t\t<\/div>\n\t<\/div>\n<\/div><\/div><\/div><div class=\"panel panel-default\"><div class=\"panel-heading\"><h4 class=\"panel-title\"> <a href=\"#69dcd615bcd2a-2\" class=\"collapsed\" data-toggle=\"collapse\" aria-expanded=\"true\">Propri\u00e9taire \/ \u00e9leveur de jument<\/a><\/h4><\/div><div id=\"69dcd615bcd2a-2\" class=\"panel-collapse collapse\"><div class=\"panel-content\">\n\t<div class=\"wpb_text_column wpb_content_element\" >\n\t\t<div class=\"wpb_wrapper\">\n\t\t\t<p>J'ai rencontr\u00e9 Ann Pearce pour la premi\u00e8re fois au Dalcotes Stud \u00e0 Cornwall en f\u00e9vrier 2000. D\u00e8s le d\u00e9but, j'ai \u00e9t\u00e9 tr\u00e8s impressionn\u00e9 par la fa\u00e7on dont elle a g\u00e9r\u00e9 ma pr\u00e9cieuse jument et mon poulain et aussi la fa\u00e7on dont elle m'a donn\u00e9 la confiance dont j'avais besoin en tant que propri\u00e9taire de jument que ma jument et poulain serait soign\u00e9 d'une mani\u00e8re que j'attendais. J'ai toujours pens\u00e9 que si le propri\u00e9taire du haras \u00e9tait absent pour une raison quelconque, alors mes juments et mes poulains seraient bien soign\u00e9s.<\/p>\n<p>Lors de mes diff\u00e9rentes visites au Dalcotes Stud, j'ai toujours not\u00e9 la mani\u00e8re calme mais confiante avec laquelle Ann traitait les divers \u00e9talons, juments, poulains et aussi jeunes.<br \/>\nJe montrais r\u00e9guli\u00e8rement mes juments poulini\u00e8res et mon cheptel aux diverses expositions du comt\u00e9 et je tombais souvent sur Ann lors de tels \u00e9v\u00e9nements en notant toujours ses mani\u00e8res tr\u00e8s agr\u00e9ables.<br \/>\nJe n'h\u00e9siterais pas \u00e0 recommander Ann pour tout travail de haras \u00e9quin.<\/p>\n<p><strong>Brenda Sweet<\/strong><br \/>\nPropri\u00e9taire \/ \u00e9leveur de jument<\/p>\n\n\t\t<\/div>\n\t<\/div>\n<\/div><\/div><\/div><\/div><\/div><\/div><\/div><\/div><div data-vc-full-width=\"true\" data-vc-full-width-init=\"false\" class=\"vc_row wpb_row vc_row-fluid unva-dhav-dotted vc_custom_1591007211344 vc_row-has-fill\"><div class=\"wpb_column vc_column_container text-default vc_col-sm-12\"><div class=\"vc_column-inner\"><div class=\"wpb_wrapper\"><div class=\"section-title-wrap unva-stitle-69dcd615bd4c2 cpation-center\"><h2 class=\"section-title\">Vous recherchez des \u00e9talons ou des reproducteurs?<\/h2><div class=\"unva-btn-group\"><a href=\"https:\/\/seh-equine.com\/fr\/contact-us\/\" class=\"unva-btn\">Contactez-nous<i class=\"fa fa-arrow-circle-right\" aria-hidden=\"true\"><\/i><\/a><\/div><\/div><\/div><\/div><\/div><\/div><div class=\"vc_row-full-width vc_clearfix\"><\/div>","protected":false},"excerpt":{"rendered":"Stallions, Etalons &amp; Hengste (SEH Equine) is a newly formed family-run equine semen importing business. We have connections with a range of breeders throughout France, Germany, and the UK and we're dedicated to showcasing the best stallions on our website. We've created this website to be a simple as possible, you can find all of[...]","protected":false},"author":1,"featured_media":0,"parent":0,"menu_order":0,"comment_status":"closed","ping_status":"closed","template":"","meta":[],"yoast_head":"<!-- This site is optimized with the Yoast SEO plugin v19.9 - https:\/\/yoast.com\/wordpress\/plugins\/seo\/ -->\n<title>Our Expertise - Stallions.\u00c9talons.Hengste<\/title>\n<meta name=\"description\" content=\"We have had many dealings with Ann, founder of S.E.H and found her to be very professional, her knowledge and contacts in the Equine industry\" \/>\n<meta name=\"robots\" content=\"index, follow, max-snippet:-1, max-image-preview:large, max-video-preview:-1\" \/>\n<link rel=\"canonical\" href=\"https:\/\/seh-equine.com\/fr\/our-expertise\/\" \/>\n<meta property=\"og:locale\" content=\"fr_FR\" \/>\n<meta property=\"og:type\" content=\"article\" \/>\n<meta property=\"og:title\" content=\"Our Expertise - Stallions.\u00c9talons.Hengste\" \/>\n<meta property=\"og:description\" content=\"We have had many dealings with Ann, founder of S.E.H and found her to be very professional, her knowledge and contacts in the Equine industry\" \/>\n<meta property=\"og:url\" content=\"https:\/\/seh-equine.com\/fr\/our-expertise\/\" \/>\n<meta property=\"og:site_name\" content=\"Stallions.\u00c9talons.Hengste\" \/>\n<meta property=\"article:modified_time\" content=\"2021-11-12T21:01:18+00:00\" \/>\n<meta property=\"og:image\" content=\"https:\/\/seh-equine.com\/wp-content\/uploads\/2020\/02\/Logo-1-510x243.png\" \/>\n<meta name=\"twitter:card\" content=\"summary_large_image\" \/>\n<meta name=\"twitter:label1\" content=\"Dur\u00e9e de lecture estim\u00e9e\" \/>\n\t<meta name=\"twitter:data1\" content=\"5 minutes\" \/>\n<script type=\"application\/ld+json\" class=\"yoast-schema-graph\">{\"@context\":\"https:\/\/schema.org\",\"@graph\":[{\"@type\":\"WebPage\",\"@id\":\"https:\/\/seh-equine.com\/our-expertise\/\",\"url\":\"https:\/\/seh-equine.com\/our-expertise\/\",\"name\":\"Our Expertise - Stallions.\u00c9talons.Hengste\",\"isPartOf\":{\"@id\":\"https:\/\/seh-equine.com\/#website\"},\"datePublished\":\"2018-01-13T06:53:27+00:00\",\"dateModified\":\"2021-11-12T21:01:18+00:00\",\"description\":\"We have had many dealings with Ann, founder of S.E.H and found her to be very professional, her knowledge and contacts in the Equine industry\",\"breadcrumb\":{\"@id\":\"https:\/\/seh-equine.com\/our-expertise\/#breadcrumb\"},\"inLanguage\":\"fr-FR\",\"potentialAction\":[{\"@type\":\"ReadAction\",\"target\":[\"https:\/\/seh-equine.com\/our-expertise\/\"]}]},{\"@type\":\"BreadcrumbList\",\"@id\":\"https:\/\/seh-equine.com\/our-expertise\/#breadcrumb\",\"itemListElement\":[{\"@type\":\"ListItem\",\"position\":1,\"name\":\"Home\",\"item\":\"https:\/\/seh-equine.com\/\"},{\"@type\":\"ListItem\",\"position\":2,\"name\":\"Our Expertise\"}]},{\"@type\":\"WebSite\",\"@id\":\"https:\/\/seh-equine.com\/#website\",\"url\":\"https:\/\/seh-equine.com\/\",\"name\":\"Stallions.\u00c9talons.Hengste\",\"description\":\"Equine Semen Agency\",\"publisher\":{\"@id\":\"https:\/\/seh-equine.com\/#organization\"},\"potentialAction\":[{\"@type\":\"SearchAction\",\"target\":{\"@type\":\"EntryPoint\",\"urlTemplate\":\"https:\/\/seh-equine.com\/?s={search_term_string}\"},\"query-input\":\"required name=search_term_string\"}],\"inLanguage\":\"fr-FR\"},{\"@type\":\"Organization\",\"@id\":\"https:\/\/seh-equine.com\/#organization\",\"name\":\"SEH Equine\",\"url\":\"https:\/\/seh-equine.com\/\",\"logo\":{\"@type\":\"ImageObject\",\"inLanguage\":\"fr-FR\",\"@id\":\"https:\/\/seh-equine.com\/#\/schema\/logo\/image\/\",\"url\":\"https:\/\/seh-equine.com\/wp-content\/uploads\/2020\/02\/Logo-1.png\",\"contentUrl\":\"https:\/\/seh-equine.com\/wp-content\/uploads\/2020\/02\/Logo-1.png\",\"width\":6900,\"height\":3289,\"caption\":\"SEH Equine\"},\"image\":{\"@id\":\"https:\/\/seh-equine.com\/#\/schema\/logo\/image\/\"}}]}<\/script>\n<!-- \/ Yoast SEO plugin. -->","yoast_head_json":{"title":"Our Expertise - Stallions.\u00c9talons.Hengste","description":"We have had many dealings with Ann, founder of S.E.H and found her to be very professional, her knowledge and contacts in the Equine industry","robots":{"index":"index","follow":"follow","max-snippet":"max-snippet:-1","max-image-preview":"max-image-preview:large","max-video-preview":"max-video-preview:-1"},"canonical":"https:\/\/seh-equine.com\/fr\/our-expertise\/","og_locale":"fr_FR","og_type":"article","og_title":"Our Expertise - Stallions.\u00c9talons.Hengste","og_description":"We have had many dealings with Ann, founder of S.E.H and found her to be very professional, her knowledge and contacts in the Equine industry","og_url":"https:\/\/seh-equine.com\/fr\/our-expertise\/","og_site_name":"Stallions.\u00c9talons.Hengste","article_modified_time":"2021-11-12T21:01:18+00:00","og_image":[{"url":"https:\/\/seh-equine.com\/wp-content\/uploads\/2020\/02\/Logo-1-510x243.png"}],"twitter_card":"summary_large_image","twitter_misc":{"Dur\u00e9e de lecture estim\u00e9e":"5 minutes"},"schema":{"@context":"https:\/\/schema.org","@graph":[{"@type":"WebPage","@id":"https:\/\/seh-equine.com\/our-expertise\/","url":"https:\/\/seh-equine.com\/our-expertise\/","name":"Our Expertise - Stallions.\u00c9talons.Hengste","isPartOf":{"@id":"https:\/\/seh-equine.com\/#website"},"datePublished":"2018-01-13T06:53:27+00:00","dateModified":"2021-11-12T21:01:18+00:00","description":"We have had many dealings with Ann, founder of S.E.H and found her to be very professional, her knowledge and contacts in the Equine industry","breadcrumb":{"@id":"https:\/\/seh-equine.com\/our-expertise\/#breadcrumb"},"inLanguage":"fr-FR","potentialAction":[{"@type":"ReadAction","target":["https:\/\/seh-equine.com\/our-expertise\/"]}]},{"@type":"BreadcrumbList","@id":"https:\/\/seh-equine.com\/our-expertise\/#breadcrumb","itemListElement":[{"@type":"ListItem","position":1,"name":"Home","item":"https:\/\/seh-equine.com\/"},{"@type":"ListItem","position":2,"name":"Our Expertise"}]},{"@type":"WebSite","@id":"https:\/\/seh-equine.com\/#website","url":"https:\/\/seh-equine.com\/","name":"Stallions.\u00c9talons.Hengste","description":"Equine Semen Agency","publisher":{"@id":"https:\/\/seh-equine.com\/#organization"},"potentialAction":[{"@type":"SearchAction","target":{"@type":"EntryPoint","urlTemplate":"https:\/\/seh-equine.com\/?s={search_term_string}"},"query-input":"required name=search_term_string"}],"inLanguage":"fr-FR"},{"@type":"Organization","@id":"https:\/\/seh-equine.com\/#organization","name":"SEH Equine","url":"https:\/\/seh-equine.com\/","logo":{"@type":"ImageObject","inLanguage":"fr-FR","@id":"https:\/\/seh-equine.com\/#\/schema\/logo\/image\/","url":"https:\/\/seh-equine.com\/wp-content\/uploads\/2020\/02\/Logo-1.png","contentUrl":"https:\/\/seh-equine.com\/wp-content\/uploads\/2020\/02\/Logo-1.png","width":6900,"height":3289,"caption":"SEH Equine"},"image":{"@id":"https:\/\/seh-equine.com\/#\/schema\/logo\/image\/"}}]}},"_links":{"self":[{"href":"https:\/\/seh-equine.com\/fr\/wp-json\/wp\/v2\/pages\/637"}],"collection":[{"href":"https:\/\/seh-equine.com\/fr\/wp-json\/wp\/v2\/pages"}],"about":[{"href":"https:\/\/seh-equine.com\/fr\/wp-json\/wp\/v2\/types\/page"}],"author":[{"embeddable":true,"href":"https:\/\/seh-equine.com\/fr\/wp-json\/wp\/v2\/users\/1"}],"replies":[{"embeddable":true,"href":"https:\/\/seh-equine.com\/fr\/wp-json\/wp\/v2\/comments?post=637"}],"version-history":[{"count":34,"href":"https:\/\/seh-equine.com\/fr\/wp-json\/wp\/v2\/pages\/637\/revisions"}],"predecessor-version":[{"id":1856,"href":"https:\/\/seh-equine.com\/fr\/wp-json\/wp\/v2\/pages\/637\/revisions\/1856"}],"wp:attachment":[{"href":"https:\/\/seh-equine.com\/fr\/wp-json\/wp\/v2\/media?parent=637"}],"curies":[{"name":"wp","href":"https:\/\/api.w.org\/{rel}","templated":true}]}}