{"id":468,"date":"2018-01-11T06:17:37","date_gmt":"2018-01-11T06:17:37","guid":{"rendered":"http:\/\/victorthemes.com\/themes\/unova\/?page_id=468"},"modified":"2026-02-01T10:48:54","modified_gmt":"2026-02-01T10:48:54","slug":"home-two","status":"publish","type":"page","link":"https:\/\/seh-equine.com\/fr\/","title":{"rendered":"Stallions. \u00c9talons. Hengste"},"content":{"rendered":"<div data-vc-full-width=\"true\" data-vc-full-width-init=\"false\" data-vc-stretch-content=\"true\" class=\"vc_row wpb_row vc_row-fluid unva-dhav-dotted vc_row-no-padding\"><div class=\"wpb_column vc_column_container text-default vc_col-sm-12 vc_hidden-sm vc_hidden-xs\"><div class=\"vc_column-inner\"><div class=\"wpb_wrapper\">\n\t<div  class=\"wpb_single_image wpb_content_element vc_align_center\">\n\t\t\n\t\t<figure class=\"wpb_wrapper vc_figure\">\n\t\t\t<div class=\"vc_single_image-wrapper   vc_box_border_grey\"><img width=\"1024\" height=\"728\" src=\"https:\/\/seh-equine.com\/wp-content\/uploads\/2024\/02\/IMG-20240115-WA0007.jpg\" class=\"vc_single_image-img attachment-full\" alt=\"Ordering and delivery\" decoding=\"async\" loading=\"lazy\" srcset=\"https:\/\/seh-equine.com\/wp-content\/uploads\/2024\/02\/IMG-20240115-WA0007.jpg 1024w, https:\/\/seh-equine.com\/wp-content\/uploads\/2024\/02\/IMG-20240115-WA0007-510x363.jpg 510w, https:\/\/seh-equine.com\/wp-content\/uploads\/2024\/02\/IMG-20240115-WA0007-900x640.jpg 900w, https:\/\/seh-equine.com\/wp-content\/uploads\/2024\/02\/IMG-20240115-WA0007-768x546.jpg 768w, https:\/\/seh-equine.com\/wp-content\/uploads\/2024\/02\/IMG-20240115-WA0007-18x12.jpg 18w\" sizes=\"(max-width: 1024px) 100vw, 1024px\" \/><\/div>\n\t\t<\/figure>\n\t<\/div>\n<\/div><\/div><\/div><\/div><div class=\"vc_row-full-width vc_clearfix\"><\/div><div class=\"vc_row wpb_row vc_row-fluid unva-dhav-dotted vc_custom_1609768044049\"><div class=\"wpb_column vc_column_container text-default vc_col-sm-12\"><div class=\"vc_column-inner vc_custom_1580507485953\"><div class=\"wpb_wrapper\"><div class=\"section-title-wrap unva-stitle-69dcd70b3d159 cpation-center\"><h2 class=\"section-title\">Les \u00e9talons disponibles<\/h2><\/div><\/div><\/div><\/div><\/div><div class=\"vc_row wpb_row vc_row-fluid unva-dhav-dotted vc_custom_1609768044049\"><div class=\"wpb_column vc_column_container text-default vc_col-sm-4\"><div class=\"vc_column-inner\"><div class=\"wpb_wrapper\"><div class=\"vc_separator wpb_content_element vc_separator_align_center vc_sep_width_100 vc_sep_pos_align_center vc_sep_color_grey vc_separator-has-text\" ><span class=\"vc_sep_holder vc_sep_holder_l\"><span  class=\"vc_sep_line\"><\/span><\/span><h4>Duplexx<\/h4><span class=\"vc_sep_holder vc_sep_holder_r\"><span  class=\"vc_sep_line\"><\/span><\/span>\n<\/div>\n\t<div  class=\"wpb_single_image wpb_content_element vc_align_center\">\n\t\t\n\t\t<figure class=\"wpb_wrapper vc_figure\">\n\t\t\t<a href=\"https:\/\/seh-equine.com\/fr\/stallions\/duplexx\/\" target=\"_self\" class=\"vc_single_image-wrapper vc_box_rounded  vc_box_border_grey\"><img class=\"vc_single_image-img\" src=\"https:\/\/seh-equine.com\/wp-content\/uploads\/2025\/06\/White-Simple-Quotes-Motivational-Facebook-Post-300x200.png\" width=\"300\" height=\"200\" alt=\"Duplexx\" title=\"Duplexx\" \/><\/a>\n\t\t<\/figure>\n\t<\/div>\n\n\t<div class=\"wpb_text_column wpb_content_element\" >\n\t\t<div class=\"wpb_wrapper\">\n\t\t\t<p style=\"text-align: center;\">Duplexx poss\u00e8de un grand charisme et beaucoup d\u2019\u00e9l\u00e9gance. Gr\u00e2ce \u00e0 ses r\u00e9sultats dans plusieurs disciplines \u00e9questres, notamment le concours complet, le dressage et le saut d\u2019obstacles, il a \u00e9t\u00e9 l\u2019une des plus grandes vedettes en Allemagne en 2021.<\/p>\n\n\t\t<\/div>\n\t<\/div>\n<div class=\"vc_btn3-container vc_btn3-center\" >\n\t<a class=\"vc_general vc_btn3 vc_btn3-size-sm vc_btn3-shape-rounded vc_btn3-style-classic vc_btn3-color-primary\" href=\"https:\/\/seh-equine.com\/fr\/stallions\/duplexx\/\" title=\"Duplexx\">En savoir plus<\/a><\/div>\n<\/div><\/div><\/div><div class=\"wpb_column vc_column_container text-default vc_col-sm-4\"><div class=\"vc_column-inner\"><div class=\"wpb_wrapper\"><div class=\"vc_separator wpb_content_element vc_separator_align_center vc_sep_width_100 vc_sep_pos_align_center vc_sep_color_grey vc_separator-has-text\" ><span class=\"vc_sep_holder vc_sep_holder_l\"><span  class=\"vc_sep_line\"><\/span><\/span><h4>OBOS Quality 004<\/h4><span class=\"vc_sep_holder vc_sep_holder_r\"><span  class=\"vc_sep_line\"><\/span><\/span>\n<\/div>\n\t<div  class=\"wpb_single_image wpb_content_element vc_align_center\">\n\t\t\n\t\t<figure class=\"wpb_wrapper vc_figure\">\n\t\t\t<a href=\"https:\/\/seh-equine.com\/fr\/stallions\/obos-quality-004\/\" target=\"_self\" class=\"vc_single_image-wrapper vc_box_rounded  vc_box_border_grey\"><img class=\"vc_single_image-img\" src=\"https:\/\/seh-equine.com\/wp-content\/uploads\/2021\/02\/OBOS-2-min-300x200.png\" width=\"300\" height=\"200\" alt=\"Photo courtesy of Denis Coakley\" title=\"OBOS 2-min\" \/><\/a>\n\t\t<\/figure>\n\t<\/div>\n\n\t<div class=\"wpb_text_column wpb_content_element\" >\n\t\t<div class=\"wpb_wrapper\">\n\t\t\t<p style=\"text-align: center;\">OBOS Quality 004 a \u00e9t\u00e9 une r\u00e9v\u00e9lation au cours des 3 derni\u00e8res ann\u00e9es. Son carnet de saillies \u00e9tait limit\u00e9 en raison de sa carri\u00e8re sportive mais il est \u00e0 pr\u00e9sent disponible en France.<\/p>\n\n\t\t<\/div>\n\t<\/div>\n<div class=\"vc_btn3-container vc_btn3-center\" >\n\t<a class=\"vc_general vc_btn3 vc_btn3-size-sm vc_btn3-shape-rounded vc_btn3-style-classic vc_btn3-color-primary\" href=\"https:\/\/seh-equine.com\/fr\/stallions\/obos-quality-004\/\" title=\"\">En savoir plus<\/a><\/div>\n<\/div><\/div><\/div><div class=\"wpb_column vc_column_container text-default vc_col-sm-4\"><div class=\"vc_column-inner\"><div class=\"wpb_wrapper\"><div class=\"vc_separator wpb_content_element vc_separator_align_center vc_sep_width_100 vc_sep_pos_align_center vc_sep_color_grey vc_separator-has-text\" ><span class=\"vc_sep_holder vc_sep_holder_l\"><span  class=\"vc_sep_line\"><\/span><\/span><h4>Cevin Z<\/h4><span class=\"vc_sep_holder vc_sep_holder_r\"><span  class=\"vc_sep_line\"><\/span><\/span>\n<\/div>\n\t<div  class=\"wpb_single_image wpb_content_element vc_align_center\">\n\t\t\n\t\t<figure class=\"wpb_wrapper vc_figure\">\n\t\t\t<a href=\"https:\/\/seh-equine.com\/fr\/stallions\/cevin-z\/\" target=\"_self\" class=\"vc_single_image-wrapper vc_box_rounded  vc_box_border_grey\"><img class=\"vc_single_image-img\" src=\"https:\/\/seh-equine.com\/wp-content\/uploads\/2025\/06\/Cevin-Z-head-296x200-1.jpg\" width=\"296\" height=\"200\" alt=\"Cevin-Z-head-296x200\" title=\"Cevin-Z-head-296x200\" \/><\/a>\n\t\t<\/figure>\n\t<\/div>\n\n\t<div class=\"wpb_text_column wpb_content_element\" >\n\t\t<div class=\"wpb_wrapper\">\n\t\t\t<p style=\"text-align: center;\">Apr\u00e8s une brillante carri\u00e8re internationale en saut d\u2019obstacles dans les \u00e9preuves jeunes chevaux, Cevin Z s\u2019est impos\u00e9 comme un \u00e9talon remarquable, transmettant \u00e0 sa production un excellent temp\u00e9rament, une technique de saut hors pair et de v\u00e9ritables qualit\u00e9s sportives.<\/p>\n\n\t\t<\/div>\n\t<\/div>\n<div class=\"vc_btn3-container vc_btn3-center\" >\n\t<a class=\"vc_general vc_btn3 vc_btn3-size-sm vc_btn3-shape-rounded vc_btn3-style-classic vc_btn3-color-primary\" href=\"https:\/\/seh-equine.com\/fr\/stallions\/cevin-z\/\" title=\"Cevin Z\">En savoir plus<\/a><\/div>\n<\/div><\/div><\/div><\/div><div class=\"vc_row wpb_row vc_row-fluid unva-dhav-dotted vc_custom_1609768044049\"><div class=\"wpb_column vc_column_container text-default vc_col-sm-12\"><div class=\"vc_column-inner\"><div class=\"wpb_wrapper\"><div class=\"vc_separator wpb_content_element vc_separator_align_center vc_sep_width_100 vc_sep_pos_align_center vc_separator_no_text vc_sep_color_grey\" ><span class=\"vc_sep_holder vc_sep_holder_l\"><span  class=\"vc_sep_line\"><\/span><\/span><span class=\"vc_sep_holder vc_sep_holder_r\"><span  class=\"vc_sep_line\"><\/span><\/span>\n<\/div><div class=\"vc_btn3-container vc_btn3-center\" >\n\t<a class=\"vc_general vc_btn3 vc_btn3-size-lg vc_btn3-shape-rounded vc_btn3-style-classic vc_btn3-block vc_btn3-color-primary\" href=\"https:\/\/seh-equine.com\/fr\/stallions\/\" title=\"Voir tous nos \u00e9talons\">Voir plus d'\u00e9talons<\/a><\/div>\n<\/div><\/div><\/div><\/div>","protected":false},"excerpt":{"rendered":"Our StallionsDuplexx Duplexx has great charisma and charm. Because of his accomplishments in multiple equestrian disciplines, including eventing, dressage, and show jumping, he was one of Germany\u2019s biggest superstars in 2021. Find out more OBOS Quality 004 OBOS Quality 004 has been a revelation in the last 3 years. He had a limited covering book[...]","protected":false},"author":1,"featured_media":0,"parent":0,"menu_order":0,"comment_status":"closed","ping_status":"closed","template":"","meta":[],"yoast_head":"<!-- This site is optimized with the Yoast SEO plugin v19.9 - https:\/\/yoast.com\/wordpress\/plugins\/seo\/ -->\n<title>Stallions. \u00c9talons. Hengste - Stallions.\u00c9talons.Hengste<\/title>\n<meta name=\"robots\" content=\"index, follow, max-snippet:-1, max-image-preview:large, max-video-preview:-1\" \/>\n<link rel=\"canonical\" href=\"https:\/\/seh-equine.com\/fr\/\" \/>\n<meta property=\"og:locale\" content=\"fr_FR\" \/>\n<meta property=\"og:type\" content=\"article\" \/>\n<meta property=\"og:title\" content=\"Stallions. \u00c9talons. Hengste - Stallions.\u00c9talons.Hengste\" \/>\n<meta property=\"og:url\" content=\"https:\/\/seh-equine.com\/fr\/\" \/>\n<meta property=\"og:site_name\" content=\"Stallions.\u00c9talons.Hengste\" \/>\n<meta property=\"article:modified_time\" content=\"2026-02-01T10:48:54+00:00\" \/>\n<meta name=\"twitter:card\" content=\"summary_large_image\" \/>\n<meta name=\"twitter:label1\" content=\"Dur\u00e9e de lecture estim\u00e9e\" \/>\n\t<meta name=\"twitter:data1\" content=\"1 minute\" \/>\n<script type=\"application\/ld+json\" class=\"yoast-schema-graph\">{\"@context\":\"https:\/\/schema.org\",\"@graph\":[{\"@type\":\"WebPage\",\"@id\":\"https:\/\/seh-equine.com\/\",\"url\":\"https:\/\/seh-equine.com\/\",\"name\":\"Stallions. \u00c9talons. Hengste - Stallions.\u00c9talons.Hengste\",\"isPartOf\":{\"@id\":\"https:\/\/seh-equine.com\/#website\"},\"datePublished\":\"2018-01-11T06:17:37+00:00\",\"dateModified\":\"2026-02-01T10:48:54+00:00\",\"breadcrumb\":{\"@id\":\"https:\/\/seh-equine.com\/#breadcrumb\"},\"inLanguage\":\"fr-FR\",\"potentialAction\":[{\"@type\":\"ReadAction\",\"target\":[\"https:\/\/seh-equine.com\/\"]}]},{\"@type\":\"BreadcrumbList\",\"@id\":\"https:\/\/seh-equine.com\/#breadcrumb\",\"itemListElement\":[{\"@type\":\"ListItem\",\"position\":1,\"name\":\"Home\",\"item\":\"https:\/\/seh-equine.com\/\"},{\"@type\":\"ListItem\",\"position\":2,\"name\":\"Stallions. \u00c9talons. Hengste\"}]},{\"@type\":\"WebSite\",\"@id\":\"https:\/\/seh-equine.com\/#website\",\"url\":\"https:\/\/seh-equine.com\/\",\"name\":\"Stallions.\u00c9talons.Hengste\",\"description\":\"Equine Semen Agency\",\"publisher\":{\"@id\":\"https:\/\/seh-equine.com\/#organization\"},\"potentialAction\":[{\"@type\":\"SearchAction\",\"target\":{\"@type\":\"EntryPoint\",\"urlTemplate\":\"https:\/\/seh-equine.com\/?s={search_term_string}\"},\"query-input\":\"required name=search_term_string\"}],\"inLanguage\":\"fr-FR\"},{\"@type\":\"Organization\",\"@id\":\"https:\/\/seh-equine.com\/#organization\",\"name\":\"SEH Equine\",\"url\":\"https:\/\/seh-equine.com\/\",\"logo\":{\"@type\":\"ImageObject\",\"inLanguage\":\"fr-FR\",\"@id\":\"https:\/\/seh-equine.com\/#\/schema\/logo\/image\/\",\"url\":\"https:\/\/seh-equine.com\/wp-content\/uploads\/2020\/02\/Logo-1.png\",\"contentUrl\":\"https:\/\/seh-equine.com\/wp-content\/uploads\/2020\/02\/Logo-1.png\",\"width\":6900,\"height\":3289,\"caption\":\"SEH Equine\"},\"image\":{\"@id\":\"https:\/\/seh-equine.com\/#\/schema\/logo\/image\/\"}}]}<\/script>\n<!-- \/ Yoast SEO plugin. -->","yoast_head_json":{"title":"Stallions. \u00c9talons. Hengste - Stallions.\u00c9talons.Hengste","robots":{"index":"index","follow":"follow","max-snippet":"max-snippet:-1","max-image-preview":"max-image-preview:large","max-video-preview":"max-video-preview:-1"},"canonical":"https:\/\/seh-equine.com\/fr\/","og_locale":"fr_FR","og_type":"article","og_title":"Stallions. \u00c9talons. Hengste - Stallions.\u00c9talons.Hengste","og_url":"https:\/\/seh-equine.com\/fr\/","og_site_name":"Stallions.\u00c9talons.Hengste","article_modified_time":"2026-02-01T10:48:54+00:00","twitter_card":"summary_large_image","twitter_misc":{"Dur\u00e9e de lecture estim\u00e9e":"1 minute"},"schema":{"@context":"https:\/\/schema.org","@graph":[{"@type":"WebPage","@id":"https:\/\/seh-equine.com\/","url":"https:\/\/seh-equine.com\/","name":"Stallions. \u00c9talons. Hengste - Stallions.\u00c9talons.Hengste","isPartOf":{"@id":"https:\/\/seh-equine.com\/#website"},"datePublished":"2018-01-11T06:17:37+00:00","dateModified":"2026-02-01T10:48:54+00:00","breadcrumb":{"@id":"https:\/\/seh-equine.com\/#breadcrumb"},"inLanguage":"fr-FR","potentialAction":[{"@type":"ReadAction","target":["https:\/\/seh-equine.com\/"]}]},{"@type":"BreadcrumbList","@id":"https:\/\/seh-equine.com\/#breadcrumb","itemListElement":[{"@type":"ListItem","position":1,"name":"Home","item":"https:\/\/seh-equine.com\/"},{"@type":"ListItem","position":2,"name":"Stallions. \u00c9talons. Hengste"}]},{"@type":"WebSite","@id":"https:\/\/seh-equine.com\/#website","url":"https:\/\/seh-equine.com\/","name":"Stallions.\u00c9talons.Hengste","description":"Equine Semen Agency","publisher":{"@id":"https:\/\/seh-equine.com\/#organization"},"potentialAction":[{"@type":"SearchAction","target":{"@type":"EntryPoint","urlTemplate":"https:\/\/seh-equine.com\/?s={search_term_string}"},"query-input":"required name=search_term_string"}],"inLanguage":"fr-FR"},{"@type":"Organization","@id":"https:\/\/seh-equine.com\/#organization","name":"SEH Equine","url":"https:\/\/seh-equine.com\/","logo":{"@type":"ImageObject","inLanguage":"fr-FR","@id":"https:\/\/seh-equine.com\/#\/schema\/logo\/image\/","url":"https:\/\/seh-equine.com\/wp-content\/uploads\/2020\/02\/Logo-1.png","contentUrl":"https:\/\/seh-equine.com\/wp-content\/uploads\/2020\/02\/Logo-1.png","width":6900,"height":3289,"caption":"SEH Equine"},"image":{"@id":"https:\/\/seh-equine.com\/#\/schema\/logo\/image\/"}}]}},"_links":{"self":[{"href":"https:\/\/seh-equine.com\/fr\/wp-json\/wp\/v2\/pages\/468"}],"collection":[{"href":"https:\/\/seh-equine.com\/fr\/wp-json\/wp\/v2\/pages"}],"about":[{"href":"https:\/\/seh-equine.com\/fr\/wp-json\/wp\/v2\/types\/page"}],"author":[{"embeddable":true,"href":"https:\/\/seh-equine.com\/fr\/wp-json\/wp\/v2\/users\/1"}],"replies":[{"embeddable":true,"href":"https:\/\/seh-equine.com\/fr\/wp-json\/wp\/v2\/comments?post=468"}],"version-history":[{"count":115,"href":"https:\/\/seh-equine.com\/fr\/wp-json\/wp\/v2\/pages\/468\/revisions"}],"predecessor-version":[{"id":1874,"href":"https:\/\/seh-equine.com\/fr\/wp-json\/wp\/v2\/pages\/468\/revisions\/1874"}],"wp:attachment":[{"href":"https:\/\/seh-equine.com\/fr\/wp-json\/wp\/v2\/media?parent=468"}],"curies":[{"name":"wp","href":"https:\/\/api.w.org\/{rel}","templated":true}]}}