{"id":3184,"date":"2025-02-18T21:00:04","date_gmt":"2025-02-18T21:00:04","guid":{"rendered":"https:\/\/seh-equine.com\/?page_id=3184"},"modified":"2025-05-26T09:12:55","modified_gmt":"2025-05-26T09:12:55","slug":"tomatillo-eventing-stallion","status":"publish","type":"page","link":"https:\/\/seh-equine.com\/fr\/stallions\/tomatillo-eventing-stallion\/","title":{"rendered":"TOMATILLO"},"content":{"rendered":"<div class=\"vc_row wpb_row vc_row-fluid unva-dhav-dotted vc_custom_1580499027528 vc_column-gap-10\"><div class=\"wpb_column vc_column_container text-default vc_col-sm-8\"><div class=\"vc_column-inner\"><div class=\"wpb_wrapper\">\n\t<div class=\"wpb_text_column wpb_content_element\" >\n\t\t<div class=\"wpb_wrapper\">\n\t\t\t<h1>TOMATILLO<\/h1>\n<h3><span style=\"font-size: 16px;\">TARNIC X MASTER SPIRITUS <\/span><\/h3>\n<h3><span style=\"font-size: 16px;\">Genetic clone of the renowned event horse, Tamarillo.\u00a0<\/span><\/h3>\n<p>&nbsp;<\/p>\n<div class=\"Horse-details__row\"><\/div>\n<div class=\"Horse-details__row\">Breed: Part bred Arab<\/div>\n<div class=\"Horse-details__row\">Colour: Bay<\/div>\n<div class=\"Horse-details__row\">Year of Birth: 2013<\/div>\n<div class=\"Horse-details__row\">Stud Fee: 950\u20ac<\/div>\n<div>Blood:\u00a0 61.50%<\/div>\n\n\t\t<\/div>\n\t<\/div>\n<div class=\"vc_separator wpb_content_element vc_separator_align_center vc_sep_width_100 vc_sep_dashed vc_sep_border_width_2 vc_sep_pos_align_center vc_separator_no_text vc_sep_color_grey\" ><span class=\"vc_sep_holder vc_sep_holder_l\"><span  class=\"vc_sep_line\"><\/span><\/span><span class=\"vc_sep_holder vc_sep_holder_r\"><span  class=\"vc_sep_line\"><\/span><\/span>\n<\/div>\n\t<div class=\"wpb_text_column wpb_content_element\" >\n\t\t<div class=\"wpb_wrapper\">\n\t\t\t<p>Tomatillo est un \u00e9talon Anglo-Arabe n\u00e9 en 2013, clone g\u00e9n\u00e9tique du c\u00e9l\u00e8bre cheval de concours complet Tamarillo.<br \/>\nhorse Tamarillo, who was a key member of the British team for many years, ridden by<br \/>\nWilliam Fox-Pitt. Tamarillo won both Badminton and Burghley, and when his performance<br \/>\ncareer ended, plans were made to preserve his exceptional athleticism and talents through<br \/>\ncloning. As a gelding, Tamarillo could not sire offspring, so Tomatillo was produced to<br \/>\ncontinue his legacy.<\/p>\n<p>Tomatillo has since developed his own competitive career, progressing to Four Star level<br \/>\nunder Aaron Millar. He has accumulated 64 British Eventing points and has competed at<br \/>\nAdvanced level, achieving impressive results, including a double clear and an 8th place finish<br \/>\nat Ballendenisk, as well as a clear round at Little Downham. Tomatillo continues to show<br \/>\ngreat promise in the eventing world and has sired excellent foals, with the oldest now<br \/>\nentering competition age. His movement, which reflects Tamarillo\u2019s family traits, is light<br \/>\nwith a big stride and natural cadence, making him a valuable asset in breeding.<\/p>\n\n\t\t<\/div>\n\t<\/div>\n\n\t<div  class=\"wpb_single_image wpb_content_element vc_align_left\">\n\t\t\n\t\t<figure class=\"wpb_wrapper vc_figure\">\n\t\t\t<div class=\"vc_single_image-wrapper   vc_box_border_grey\"><img width=\"510\" height=\"340\" src=\"https:\/\/seh-equine.com\/wp-content\/uploads\/2025\/02\/9fbcdd37-8443-4410-acf9-cc39b187ff4a-510x340.jpeg\" class=\"vc_single_image-img attachment-medium\" alt=\"\" decoding=\"async\" loading=\"lazy\" srcset=\"https:\/\/seh-equine.com\/wp-content\/uploads\/2025\/02\/9fbcdd37-8443-4410-acf9-cc39b187ff4a-510x340.jpeg 510w, https:\/\/seh-equine.com\/wp-content\/uploads\/2025\/02\/9fbcdd37-8443-4410-acf9-cc39b187ff4a-768x512.jpeg 768w, https:\/\/seh-equine.com\/wp-content\/uploads\/2025\/02\/9fbcdd37-8443-4410-acf9-cc39b187ff4a-18x12.jpeg 18w, https:\/\/seh-equine.com\/wp-content\/uploads\/2025\/02\/9fbcdd37-8443-4410-acf9-cc39b187ff4a.jpeg 800w\" sizes=\"(max-width: 510px) 100vw, 510px\" \/><\/div>\n\t\t<\/figure>\n\t<\/div>\n\n\t<div class=\"wpb_text_column wpb_content_element\" >\n\t\t<div class=\"wpb_wrapper\">\n\t\t\t<p>While Tomatillo shares many similarities with Tamarillo, there are notable differences, such<br \/>\nas size and behavior. As a stallion, Tomatillo has male hormones circulating, which can<br \/>\ninfluence behavior and increase muscle mass, but he is slightly smaller than Tamarillo due to<br \/>\nthe effects of castration on body size in mammals.<\/p>\n<p>Tamarillo\u2019s sire, Tarnik, was a Polish Anglo Arab with three-quarters Thoroughbred and<br \/>\nsome Arab and Shagya blood, known for his toughness and capability, including winning the<br \/>\nArab Horse Society Marathon. Tamarillo\u2019s dam, Mellita, was an Anglo Arab by the legendary<br \/>\neventing sire Master Spiritus. Tomatillo offers one of the best opportunities to access Master<br \/>\nSpiritus\u2019 bloodline, as his frozen semen was never available before his passing.<\/p>\n<p>Initially covering naturally, Tomatillo is now restricted to frozen semen while his competition<br \/>\ncareer continues.<\/p>\n\n\t\t<\/div>\n\t<\/div>\n<div class=\"vc_separator wpb_content_element vc_separator_align_center vc_sep_width_100 vc_sep_pos_align_center vc_separator_no_text vc_sep_color_grey\" ><span class=\"vc_sep_holder vc_sep_holder_l\"><span  class=\"vc_sep_line\"><\/span><\/span><span class=\"vc_sep_holder vc_sep_holder_r\"><span  class=\"vc_sep_line\"><\/span><\/span>\n<\/div><\/div><\/div><\/div><div class=\"wpb_column vc_column_container text-default vc_col-sm-4 vc_col-has-fill\"><div class=\"vc_column-inner vc_custom_1609769338301\"><div class=\"wpb_wrapper\">\n\t<div  class=\"wpb_single_image wpb_content_element vc_align_center\">\n\t\t\n\t\t<figure class=\"wpb_wrapper vc_figure\">\n\t\t\t<div class=\"vc_single_image-wrapper vc_box_shadow  vc_box_border_grey\"><img width=\"1600\" height=\"1248\" src=\"https:\/\/seh-equine.com\/wp-content\/uploads\/2025\/02\/2805002f-36cf-4cd2-85e7-853f5df1fb66.jpeg\" class=\"vc_single_image-img attachment-full\" alt=\"\" decoding=\"async\" loading=\"lazy\" srcset=\"https:\/\/seh-equine.com\/wp-content\/uploads\/2025\/02\/2805002f-36cf-4cd2-85e7-853f5df1fb66.jpeg 1600w, https:\/\/seh-equine.com\/wp-content\/uploads\/2025\/02\/2805002f-36cf-4cd2-85e7-853f5df1fb66-510x398.jpeg 510w, https:\/\/seh-equine.com\/wp-content\/uploads\/2025\/02\/2805002f-36cf-4cd2-85e7-853f5df1fb66-900x702.jpeg 900w, https:\/\/seh-equine.com\/wp-content\/uploads\/2025\/02\/2805002f-36cf-4cd2-85e7-853f5df1fb66-768x599.jpeg 768w, https:\/\/seh-equine.com\/wp-content\/uploads\/2025\/02\/2805002f-36cf-4cd2-85e7-853f5df1fb66-1536x1198.jpeg 1536w, https:\/\/seh-equine.com\/wp-content\/uploads\/2025\/02\/2805002f-36cf-4cd2-85e7-853f5df1fb66-15x12.jpeg 15w\" sizes=\"(max-width: 1600px) 100vw, 1600px\" \/><\/div>\n\t\t<\/figure>\n\t<\/div>\n\n\t<div class=\"wpb_text_column wpb_content_element\" >\n\t\t<div class=\"wpb_wrapper\">\n\t\t\t<h3 style=\"font-weight: 400;\"><strong>Tomatillo, stud fee<\/strong><\/h3>\n<p style=\"font-weight: 400;\"><strong>950\u20ac frozen. Maximum of two inseminations for one nominated mare.\u00a0<\/strong><\/p>\n<p style=\"font-weight: 400;\"><strong>\u00a0<\/strong><\/p>\n\n\t\t<\/div>\n\t<\/div>\n<div class=\"vc_btn3-container vc_btn3-center\" >\n\t<a class=\"vc_general vc_btn3 vc_btn3-size-lg vc_btn3-shape-round vc_btn3-style-3d vc_btn3-icon-left vc_btn3-color-primary\" href=\"https:\/\/seh-equine.com\/fr\/contact-us\/\" title=\"\"><i class=\"vc_btn3-icon fa fa-envelope\"><\/i> Obtenir plus d'informations<\/a><\/div>\n<\/div><\/div><\/div><\/div><div class=\"vc_row wpb_row vc_row-fluid unva-dhav-dotted vc_custom_1580499027528 vc_column-gap-10\"><div class=\"wpb_column vc_column_container text-default vc_col-sm-12\"><div class=\"vc_column-inner\"><div class=\"wpb_wrapper\"><div class=\"vc_row wpb_row vc_inner vc_row-fluid\"><div class=\"wpb_column vc_column_container vc_col-sm-6\"><div class=\"vc_column-inner vc_custom_1592220059575\"><div class=\"wpb_wrapper\"><div class=\"vc_separator wpb_content_element vc_separator_align_center vc_sep_width_100 vc_sep_pos_align_center vc_sep_color_grey vc_separator-has-text\" ><span class=\"vc_sep_holder vc_sep_holder_l\"><span  class=\"vc_sep_line\"><\/span><\/span><h4>D\u00e9tails du pedigree<\/h4><span class=\"vc_sep_holder vc_sep_holder_r\"><span  class=\"vc_sep_line\"><\/span><\/span>\n<\/div>\n\t<div  class=\"wpb_single_image wpb_content_element vc_align_center  wpb_animate_when_almost_visible wpb_bounceIn bounceIn\">\n\t\t\n\t\t<figure class=\"wpb_wrapper vc_figure\">\n\t\t\t<a href=\"https:\/\/sporthorse-data.com\/pedigree\/ansiei\" target=\"_blank\" class=\"vc_single_image-wrapper vc_box_shadow_3d  vc_box_border_grey\"><img width=\"532\" height=\"336\" src=\"https:\/\/seh-equine.com\/wp-content\/uploads\/2025\/02\/tomatillo-pedegree.jpg\" class=\"vc_single_image-img attachment-full\" alt=\"\" decoding=\"async\" loading=\"lazy\" srcset=\"https:\/\/seh-equine.com\/wp-content\/uploads\/2025\/02\/tomatillo-pedegree.jpg 532w, https:\/\/seh-equine.com\/wp-content\/uploads\/2025\/02\/tomatillo-pedegree-510x322.jpg 510w, https:\/\/seh-equine.com\/wp-content\/uploads\/2025\/02\/tomatillo-pedegree-18x12.jpg 18w\" sizes=\"(max-width: 532px) 100vw, 532px\" \/><\/a>\n\t\t<\/figure>\n\t<\/div>\n<div class=\"vc_btn3-container vc_btn3-center\" >\n\t<a class=\"vc_general vc_btn3 vc_btn3-size-sm vc_btn3-shape-round vc_btn3-style-3d vc_btn3-icon-left vc_btn3-color-primary\" href=\"https:\/\/horsetelex.fr\/horses\/pedigree\/1780280\/i-am-a-harley\" title=\"\" target=\"_blank\"><i class=\"vc_btn3-icon fa fa-mouse-pointer\"><\/i> En savoir plus<\/a><\/div>\n<\/div><\/div><\/div><\/div><div class=\"vc_row wpb_row vc_inner vc_row-fluid\"><div class=\"wpb_column vc_column_container vc_col-sm-12 vc_col-has-fill\"><div class=\"vc_column-inner vc_custom_1592220069561\"><div class=\"wpb_wrapper\"><div  class=\"wpb_images_carousel wpb_content_element vc_clearfix\">\n\t<div class=\"wpb_wrapper\">\n\t\t\t\t<div id=\"vc_images-carousel-1-1776086480\" data-ride=\"vc_carousel\" data-wrap=\"false\" style=\"width: 150px;\" data-interval=\"0\" data-auto-height=\"yes\" data-mode=\"horizontal\" data-partial=\"false\" data-per-view=\"1\" data-hide-on-end=\"true\" class=\"vc_slide vc_images_carousel\">\n\t\t\t\t\t\t\t<!-- Indicators -->\n\t\t\t\t<ol class=\"vc_carousel-indicators\">\n\t\t\t\t\t\t\t\t\t\t\t<li data-target=\"#vc_images-carousel-1-1776086480\" data-slide-to=\"0\"><\/li>\n\t\t\t\t\t\t\t\t\t\t\t<li data-target=\"#vc_images-carousel-1-1776086480\" data-slide-to=\"1\"><\/li>\n\t\t\t\t\t\t\t\t\t\t\t<li data-target=\"#vc_images-carousel-1-1776086480\" data-slide-to=\"2\"><\/li>\n\t\t\t\t\t\t\t\t\t\t\t<li data-target=\"#vc_images-carousel-1-1776086480\" data-slide-to=\"3\"><\/li>\n\t\t\t\t\t\t\t\t\t<\/ol>\n\t\t\t\t\t\t<!-- Wrapper for slides -->\n\t\t\t<div class=\"vc_carousel-inner\">\n\t\t\t\t<div class=\"vc_carousel-slideline\">\n\t\t\t\t\t<div class=\"vc_carousel-slideline-inner\">\n\t\t\t\t\t\t\t\t\t\t\t\t\t\t\t\t\t\t\t\t<div class=\"vc_item\">\n\t\t\t\t\t\t\t\t<div class=\"vc_inner\">\n\t\t\t\t\t\t\t\t\t\t\t\t\t\t\t\t\t\t\t\t\t\t\t\t\t\t\t\t\t<a class=\"prettyphoto\" href=\"https:\/\/seh-equine.com\/wp-content\/uploads\/2025\/02\/9fbcdd37-8443-4410-acf9-cc39b187ff4a.jpeg\"  data-rel=\"prettyPhoto[rel-3184-1153825079]\">\n\t\t\t\t\t\t\t\t\t\t\t<img width=\"150\" height=\"150\" src=\"https:\/\/seh-equine.com\/wp-content\/uploads\/2025\/02\/9fbcdd37-8443-4410-acf9-cc39b187ff4a-150x150.jpeg\" class=\"attachment-thumbnail\" alt=\"\" decoding=\"async\" loading=\"lazy\" \/>\t\t\t\t\t\t\t\t\t\t<\/a>\n\t\t\t\t\t\t\t\t\t\t\t\t\t\t\t\t\t<\/div>\n\t\t\t\t\t\t\t<\/div>\n\t\t\t\t\t\t\t\t\t\t\t\t\t\t\t\t\t\t\t\t<div class=\"vc_item\">\n\t\t\t\t\t\t\t\t<div class=\"vc_inner\">\n\t\t\t\t\t\t\t\t\t\t\t\t\t\t\t\t\t\t\t\t\t\t\t\t\t\t\t\t\t<a class=\"prettyphoto\" href=\"https:\/\/seh-equine.com\/wp-content\/uploads\/2025\/02\/2805002f-36cf-4cd2-85e7-853f5df1fb66-900x702.jpeg\"  data-rel=\"prettyPhoto[rel-3184-1153825079]\">\n\t\t\t\t\t\t\t\t\t\t\t<img width=\"150\" height=\"150\" src=\"https:\/\/seh-equine.com\/wp-content\/uploads\/2025\/02\/2805002f-36cf-4cd2-85e7-853f5df1fb66-150x150.jpeg\" class=\"attachment-thumbnail\" alt=\"\" decoding=\"async\" loading=\"lazy\" \/>\t\t\t\t\t\t\t\t\t\t<\/a>\n\t\t\t\t\t\t\t\t\t\t\t\t\t\t\t\t\t<\/div>\n\t\t\t\t\t\t\t<\/div>\n\t\t\t\t\t\t\t\t\t\t\t\t\t\t\t\t\t\t\t\t<div class=\"vc_item\">\n\t\t\t\t\t\t\t\t<div class=\"vc_inner\">\n\t\t\t\t\t\t\t\t\t\t\t\t\t\t\t\t\t\t\t\t\t\t\t\t\t\t\t\t\t<a class=\"prettyphoto\" href=\"https:\/\/seh-equine.com\/wp-content\/uploads\/2025\/02\/557e1978-c0aa-4bf6-ba62-a5197daf98d1-900x664.jpeg\"  data-rel=\"prettyPhoto[rel-3184-1153825079]\">\n\t\t\t\t\t\t\t\t\t\t\t<img width=\"150\" height=\"150\" src=\"https:\/\/seh-equine.com\/wp-content\/uploads\/2025\/02\/557e1978-c0aa-4bf6-ba62-a5197daf98d1-150x150.jpeg\" class=\"attachment-thumbnail\" alt=\"\" decoding=\"async\" loading=\"lazy\" \/>\t\t\t\t\t\t\t\t\t\t<\/a>\n\t\t\t\t\t\t\t\t\t\t\t\t\t\t\t\t\t<\/div>\n\t\t\t\t\t\t\t<\/div>\n\t\t\t\t\t\t\t\t\t\t\t\t\t\t\t\t\t\t\t\t<div class=\"vc_item\">\n\t\t\t\t\t\t\t\t<div class=\"vc_inner\">\n\t\t\t\t\t\t\t\t\t\t\t\t\t\t\t\t\t\t\t\t\t\t\t\t\t\t\t\t\t<a class=\"prettyphoto\" href=\"https:\/\/seh-equine.com\/wp-content\/uploads\/2025\/02\/74c9b7e8-5296-4576-b3bc-75bb24ad6a9d-900x600.jpeg\"  data-rel=\"prettyPhoto[rel-3184-1153825079]\">\n\t\t\t\t\t\t\t\t\t\t\t<img width=\"150\" height=\"150\" src=\"https:\/\/seh-equine.com\/wp-content\/uploads\/2025\/02\/74c9b7e8-5296-4576-b3bc-75bb24ad6a9d-150x150.jpeg\" class=\"attachment-thumbnail\" alt=\"\" decoding=\"async\" loading=\"lazy\" \/>\t\t\t\t\t\t\t\t\t\t<\/a>\n\t\t\t\t\t\t\t\t\t\t\t\t\t\t\t\t\t<\/div>\n\t\t\t\t\t\t\t<\/div>\n\t\t\t\t\t\t\t\t\t\t\t<\/div>\n\t\t\t\t<\/div>\n\t\t\t<\/div>\n\t\t\t\t\t\t\t<!-- Controls -->\n\t\t\t\t<a class=\"vc_left vc_carousel-control\" href=\"#vc_images-carousel-1-1776086480\" data-slide=\"prev\">\n\t\t\t\t\t<span class=\"icon-prev\"><\/span>\n\t\t\t\t<\/a>\n\t\t\t\t<a class=\"vc_right vc_carousel-control\" href=\"#vc_images-carousel-1-1776086480\" data-slide=\"next\">\n\t\t\t\t\t<span class=\"icon-next\"><\/span>\n\t\t\t\t<\/a>\n\t\t\t\t\t<\/div>\n\t<\/div>\n<\/div>\n<\/div><\/div><\/div><\/div>\n\t<div class=\"wpb_text_column wpb_content_element\" >\n\t\t<div class=\"wpb_wrapper\">\n\t\t\t\n\t\t<\/div>\n\t<\/div>\n<\/div><\/div><\/div><div class=\"wpb_column vc_column_container text-default vc_col-sm-12\"><div class=\"vc_column-inner\"><div class=\"wpb_wrapper\"><\/div><\/div><\/div><\/div>","protected":false},"excerpt":{"rendered":"TOMATILLO TARNIC X MASTER SPIRITUS Genetic clone of the renowned event horse, Tamarillo.\u00a0 &nbsp; Breed: Part bred Arab Colour: Bay Year of Birth: 2013 Stud Fee: 950\u20ac Blood:\u00a0 61.50% Tomatillo is a part-bred Arab stallion born in 2013 and a genetic clone of the renowned event horse Tamarillo, who was a key member of the[...]","protected":false},"author":2,"featured_media":0,"parent":742,"menu_order":0,"comment_status":"closed","ping_status":"closed","template":"","meta":[],"yoast_head":"<!-- This site is optimized with the Yoast SEO plugin v19.9 - https:\/\/yoast.com\/wordpress\/plugins\/seo\/ -->\n<title>Stallions.\u00c9talons.Hengste TOMATILLO -<\/title>\n<meta name=\"description\" content=\"Tomatillo is a part-bred Arab stallion born in 2013 and a genetic clone of the renowned eventhorse Tamarillo\" \/>\n<meta name=\"robots\" content=\"index, follow, max-snippet:-1, max-image-preview:large, max-video-preview:-1\" \/>\n<link rel=\"canonical\" href=\"https:\/\/seh-equine.com\/fr\/stallions\/tomatillo-eventing-stallion\/\" \/>\n<meta property=\"og:locale\" content=\"fr_FR\" \/>\n<meta property=\"og:type\" content=\"article\" \/>\n<meta property=\"og:title\" content=\"Tomatillo\" \/>\n<meta property=\"og:description\" content=\"Tomatillo is a part-bred Arab stallion born in 2013 and a genetic clone of the renowned eventhorse Tamarillo\" \/>\n<meta property=\"og:url\" content=\"https:\/\/seh-equine.com\/fr\/stallions\/tomatillo-eventing-stallion\/\" \/>\n<meta property=\"og:site_name\" content=\"Stallions.\u00c9talons.Hengste\" \/>\n<meta property=\"article:modified_time\" content=\"2025-05-26T09:12:55+00:00\" \/>\n<meta property=\"og:image\" content=\"https:\/\/seh-equine.com\/wp-content\/uploads\/2025\/02\/9fbcdd37-8443-4410-acf9-cc39b187ff4a.jpeg\" \/>\n\t<meta property=\"og:image:width\" content=\"800\" \/>\n\t<meta property=\"og:image:height\" content=\"533\" \/>\n\t<meta property=\"og:image:type\" content=\"image\/jpeg\" \/>\n<meta name=\"twitter:card\" content=\"summary_large_image\" \/>\n<meta name=\"twitter:title\" content=\"Tomatillo\" \/>\n<meta name=\"twitter:description\" content=\"Tomatillo is a part-bred Arab stallion born in 2013 and a genetic clone of the renowned eventhorse Tamarillo\" \/>\n<meta name=\"twitter:image\" content=\"https:\/\/seh-equine.com\/wp-content\/uploads\/2025\/02\/9fbcdd37-8443-4410-acf9-cc39b187ff4a.jpeg\" \/>\n<meta name=\"twitter:label1\" content=\"Dur\u00e9e de lecture estim\u00e9e\" \/>\n\t<meta name=\"twitter:data1\" content=\"2 minutes\" \/>\n<script type=\"application\/ld+json\" class=\"yoast-schema-graph\">{\"@context\":\"https:\/\/schema.org\",\"@graph\":[{\"@type\":\"WebPage\",\"@id\":\"https:\/\/seh-equine.com\/stallions\/tomatillo-eventing-stallion\/\",\"url\":\"https:\/\/seh-equine.com\/stallions\/tomatillo-eventing-stallion\/\",\"name\":\"Stallions.\u00c9talons.Hengste TOMATILLO -\",\"isPartOf\":{\"@id\":\"https:\/\/seh-equine.com\/#website\"},\"datePublished\":\"2025-02-18T21:00:04+00:00\",\"dateModified\":\"2025-05-26T09:12:55+00:00\",\"description\":\"Tomatillo is a part-bred Arab stallion born in 2013 and a genetic clone of the renowned eventhorse Tamarillo\",\"breadcrumb\":{\"@id\":\"https:\/\/seh-equine.com\/stallions\/tomatillo-eventing-stallion\/#breadcrumb\"},\"inLanguage\":\"fr-FR\",\"potentialAction\":[{\"@type\":\"ReadAction\",\"target\":[\"https:\/\/seh-equine.com\/stallions\/tomatillo-eventing-stallion\/\"]}]},{\"@type\":\"BreadcrumbList\",\"@id\":\"https:\/\/seh-equine.com\/stallions\/tomatillo-eventing-stallion\/#breadcrumb\",\"itemListElement\":[{\"@type\":\"ListItem\",\"position\":1,\"name\":\"Home\",\"item\":\"https:\/\/seh-equine.com\/\"},{\"@type\":\"ListItem\",\"position\":2,\"name\":\"Stallions\",\"item\":\"https:\/\/seh-equine.com\/stallions\/\"},{\"@type\":\"ListItem\",\"position\":3,\"name\":\"TOMATILLO\"}]},{\"@type\":\"WebSite\",\"@id\":\"https:\/\/seh-equine.com\/#website\",\"url\":\"https:\/\/seh-equine.com\/\",\"name\":\"Stallions.\u00c9talons.Hengste\",\"description\":\"Equine Semen Agency\",\"publisher\":{\"@id\":\"https:\/\/seh-equine.com\/#organization\"},\"potentialAction\":[{\"@type\":\"SearchAction\",\"target\":{\"@type\":\"EntryPoint\",\"urlTemplate\":\"https:\/\/seh-equine.com\/?s={search_term_string}\"},\"query-input\":\"required name=search_term_string\"}],\"inLanguage\":\"fr-FR\"},{\"@type\":\"Organization\",\"@id\":\"https:\/\/seh-equine.com\/#organization\",\"name\":\"SEH Equine\",\"url\":\"https:\/\/seh-equine.com\/\",\"logo\":{\"@type\":\"ImageObject\",\"inLanguage\":\"fr-FR\",\"@id\":\"https:\/\/seh-equine.com\/#\/schema\/logo\/image\/\",\"url\":\"https:\/\/seh-equine.com\/wp-content\/uploads\/2020\/02\/Logo-1.png\",\"contentUrl\":\"https:\/\/seh-equine.com\/wp-content\/uploads\/2020\/02\/Logo-1.png\",\"width\":6900,\"height\":3289,\"caption\":\"SEH Equine\"},\"image\":{\"@id\":\"https:\/\/seh-equine.com\/#\/schema\/logo\/image\/\"}}]}<\/script>\n<!-- \/ Yoast SEO plugin. -->","yoast_head_json":{"title":"Stallions.\u00c9talons.Hengste TOMATILLO -","description":"Tomatillo is a part-bred Arab stallion born in 2013 and a genetic clone of the renowned eventhorse Tamarillo","robots":{"index":"index","follow":"follow","max-snippet":"max-snippet:-1","max-image-preview":"max-image-preview:large","max-video-preview":"max-video-preview:-1"},"canonical":"https:\/\/seh-equine.com\/fr\/stallions\/tomatillo-eventing-stallion\/","og_locale":"fr_FR","og_type":"article","og_title":"Tomatillo","og_description":"Tomatillo is a part-bred Arab stallion born in 2013 and a genetic clone of the renowned eventhorse Tamarillo","og_url":"https:\/\/seh-equine.com\/fr\/stallions\/tomatillo-eventing-stallion\/","og_site_name":"Stallions.\u00c9talons.Hengste","article_modified_time":"2025-05-26T09:12:55+00:00","og_image":[{"width":800,"height":533,"url":"https:\/\/seh-equine.com\/wp-content\/uploads\/2025\/02\/9fbcdd37-8443-4410-acf9-cc39b187ff4a.jpeg","type":"image\/jpeg"}],"twitter_card":"summary_large_image","twitter_title":"Tomatillo","twitter_description":"Tomatillo is a part-bred Arab stallion born in 2013 and a genetic clone of the renowned eventhorse Tamarillo","twitter_image":"https:\/\/seh-equine.com\/wp-content\/uploads\/2025\/02\/9fbcdd37-8443-4410-acf9-cc39b187ff4a.jpeg","twitter_misc":{"Dur\u00e9e de lecture estim\u00e9e":"2 minutes"},"schema":{"@context":"https:\/\/schema.org","@graph":[{"@type":"WebPage","@id":"https:\/\/seh-equine.com\/stallions\/tomatillo-eventing-stallion\/","url":"https:\/\/seh-equine.com\/stallions\/tomatillo-eventing-stallion\/","name":"Stallions.\u00c9talons.Hengste TOMATILLO -","isPartOf":{"@id":"https:\/\/seh-equine.com\/#website"},"datePublished":"2025-02-18T21:00:04+00:00","dateModified":"2025-05-26T09:12:55+00:00","description":"Tomatillo is a part-bred Arab stallion born in 2013 and a genetic clone of the renowned eventhorse Tamarillo","breadcrumb":{"@id":"https:\/\/seh-equine.com\/stallions\/tomatillo-eventing-stallion\/#breadcrumb"},"inLanguage":"fr-FR","potentialAction":[{"@type":"ReadAction","target":["https:\/\/seh-equine.com\/stallions\/tomatillo-eventing-stallion\/"]}]},{"@type":"BreadcrumbList","@id":"https:\/\/seh-equine.com\/stallions\/tomatillo-eventing-stallion\/#breadcrumb","itemListElement":[{"@type":"ListItem","position":1,"name":"Home","item":"https:\/\/seh-equine.com\/"},{"@type":"ListItem","position":2,"name":"Stallions","item":"https:\/\/seh-equine.com\/stallions\/"},{"@type":"ListItem","position":3,"name":"TOMATILLO"}]},{"@type":"WebSite","@id":"https:\/\/seh-equine.com\/#website","url":"https:\/\/seh-equine.com\/","name":"Stallions.\u00c9talons.Hengste","description":"Equine Semen Agency","publisher":{"@id":"https:\/\/seh-equine.com\/#organization"},"potentialAction":[{"@type":"SearchAction","target":{"@type":"EntryPoint","urlTemplate":"https:\/\/seh-equine.com\/?s={search_term_string}"},"query-input":"required name=search_term_string"}],"inLanguage":"fr-FR"},{"@type":"Organization","@id":"https:\/\/seh-equine.com\/#organization","name":"SEH Equine","url":"https:\/\/seh-equine.com\/","logo":{"@type":"ImageObject","inLanguage":"fr-FR","@id":"https:\/\/seh-equine.com\/#\/schema\/logo\/image\/","url":"https:\/\/seh-equine.com\/wp-content\/uploads\/2020\/02\/Logo-1.png","contentUrl":"https:\/\/seh-equine.com\/wp-content\/uploads\/2020\/02\/Logo-1.png","width":6900,"height":3289,"caption":"SEH Equine"},"image":{"@id":"https:\/\/seh-equine.com\/#\/schema\/logo\/image\/"}}]}},"_links":{"self":[{"href":"https:\/\/seh-equine.com\/fr\/wp-json\/wp\/v2\/pages\/3184"}],"collection":[{"href":"https:\/\/seh-equine.com\/fr\/wp-json\/wp\/v2\/pages"}],"about":[{"href":"https:\/\/seh-equine.com\/fr\/wp-json\/wp\/v2\/types\/page"}],"author":[{"embeddable":true,"href":"https:\/\/seh-equine.com\/fr\/wp-json\/wp\/v2\/users\/2"}],"replies":[{"embeddable":true,"href":"https:\/\/seh-equine.com\/fr\/wp-json\/wp\/v2\/comments?post=3184"}],"version-history":[{"count":2,"href":"https:\/\/seh-equine.com\/fr\/wp-json\/wp\/v2\/pages\/3184\/revisions"}],"predecessor-version":[{"id":3192,"href":"https:\/\/seh-equine.com\/fr\/wp-json\/wp\/v2\/pages\/3184\/revisions\/3192"}],"up":[{"embeddable":true,"href":"https:\/\/seh-equine.com\/fr\/wp-json\/wp\/v2\/pages\/742"}],"wp:attachment":[{"href":"https:\/\/seh-equine.com\/fr\/wp-json\/wp\/v2\/media?parent=3184"}],"curies":[{"name":"wp","href":"https:\/\/api.w.org\/{rel}","templated":true}]}}