{"id":2410,"date":"2021-04-26T11:12:14","date_gmt":"2021-04-26T11:12:14","guid":{"rendered":"https:\/\/seh-equine.com\/?page_id=2410"},"modified":"2021-10-28T08:13:46","modified_gmt":"2021-10-28T08:13:46","slug":"classic-opera","status":"publish","type":"page","link":"https:\/\/seh-equine.com\/fr\/stallions\/classic-opera\/","title":{"rendered":"Classic Opera"},"content":{"rendered":"<div class=\"vc_row wpb_row vc_row-fluid unva-dhav-dotted\"><div class=\"wpb_column vc_column_container text-default vc_col-sm-12 vc_hidden-lg\"><div class=\"vc_column-inner vc_custom_1615230389856\"><div class=\"wpb_wrapper\">\n\t<div  class=\"wpb_single_image wpb_content_element vc_align_left\">\n\t\t\n\t\t<figure class=\"wpb_wrapper vc_figure\">\n\t\t\t<div class=\"vc_single_image-wrapper   vc_box_border_grey\"><img width=\"479\" height=\"510\" src=\"https:\/\/seh-equine.com\/wp-content\/uploads\/2021\/05\/GeminiClassicOpera-479x510.jpg\" class=\"vc_single_image-img attachment-medium\" alt=\"\" decoding=\"async\" loading=\"lazy\" srcset=\"https:\/\/seh-equine.com\/wp-content\/uploads\/2021\/05\/GeminiClassicOpera-479x510.jpg 479w, https:\/\/seh-equine.com\/wp-content\/uploads\/2021\/05\/GeminiClassicOpera-11x12.jpg 11w, https:\/\/seh-equine.com\/wp-content\/uploads\/2021\/05\/GeminiClassicOpera.jpg 500w\" sizes=\"(max-width: 479px) 100vw, 479px\" \/><\/div>\n\t\t<\/figure>\n\t<\/div>\n<\/div><\/div><\/div><\/div><div class=\"vc_row wpb_row vc_row-fluid unva-dhav-dotted vc_custom_1580499027528 vc_column-gap-10\"><div class=\"wpb_column vc_column_container text-default vc_col-sm-8\"><div class=\"vc_column-inner\"><div class=\"wpb_wrapper\">\n\t<div class=\"wpb_text_column wpb_content_element\" >\n\t\t<div class=\"wpb_wrapper\">\n\t\t\t<h1>Classic Opera<\/h1>\n<p><em>Classic Primitive x Weltregent H<\/em><\/p>\n<p class=\"p1\"><em><span class=\"s1\">Sport Horse GB Graded Stallion, Dark Bay, 152cm<\/span><\/em><\/p>\n<p>WFFS Negative<\/p>\n<p class=\"p1\"><strong>Available throughout Europe via S.E.H, stocked in France and Belgium\u00a0<\/strong><\/p>\n\n\t\t<\/div>\n\t<\/div>\n<div class=\"vc_separator wpb_content_element vc_separator_align_center vc_sep_width_100 vc_sep_dashed vc_sep_border_width_2 vc_sep_pos_align_center vc_separator_no_text vc_sep_color_grey\" ><span class=\"vc_sep_holder vc_sep_holder_l\"><span  class=\"vc_sep_line\"><\/span><\/span><span class=\"vc_sep_holder vc_sep_holder_r\"><span  class=\"vc_sep_line\"><\/span><\/span>\n<\/div>\n\t<div class=\"wpb_text_column wpb_content_element\" >\n\t\t<div class=\"wpb_wrapper\">\n\t\t\t<h3>Our Five Year Old Sport Horse GB Graded Stallion Is Starting His First Season Under Saddle.<\/h3>\n<p>Classic Opera a termin\u00e9 sa premi\u00e8re saison de concours complet britannique \u00e0 l'\u00e2ge de 5 ans par une victoire \u00e0 Speetley avec seulement une note de dressage dans les 20. Il obtient r\u00e9guli\u00e8rement plus de 70 % \u00e0 ses tests de dressage et compte \u00e0 son actif des parcours sans faute ainsi que des prix de la British Show Jumping Association (BSJA).<\/p>\n<p>Having had a CCI**** Burghley Mare at the start of his stud career, he has continued to attract the very best mares from Eventing and Showing. This is in parallel to his own very successful career in the Show Ring culminating to being a Cuddy In Hand Finalist at Horse of The Year Show.<\/p>\n<p>His In Hand Showing Record is exceptional and a credit to his versatility. He has either won or been Champion in the following In Hand Classes; Hunter, Sports Horse, Small Hunter, Sports Pony and Show Hunter Pony.<\/p>\n<p>As a yearling took the Hunters In Hand (1st) at Equifest, Champion In Hand Hunter at Equitest, Sports Horse In Hand at Equifest (1st), Hunters In Hand (1st) Bucks County, Small Hunters (1st) The National Hunter Show.<\/p>\n<p>As a 3 year old he was shown just 3 times at County Level and went Champion on all 3 occasions. He was 1st and Champion at Derbyshire Festival, 1st and Champion at Cheshire County, 1st and Champion at NPS Summer Championships and Overall Cuddy Qualifier winner. He was a HOYS Cuddy Finalist at Horse of The Year Show 2015.\u00a0 These are all prestigious British in hand competitions for young potential sport horses.<\/p>\n<p>Classic Opera\u2019s dam Weltmusik is a jet black Hanoverian Elite Graded mare and she is also the dam of the first horse in Great Britain to score a perfect ten for type at the British Equestrian Federation Futurity. In her own sire Weltregent H she shares a paternal line with some of the worlds most famous dressage sires via both Weltmeyer &amp; Donnerhall. Weltregent H is no stranger to accolades in that he is the grandsire of Woodlander Farouche\u2019s first foal who was the highest scoring foal ever at the British Equestrian Federation Futurity scoring 9.79.<\/p>\n<p><iframe loading=\"lazy\" title=\"YouTube video player\" src=\"https:\/\/www.youtube.com\/embed\/SMGDwfgpRcI\" width=\"560\" height=\"315\" frameborder=\"0\" allowfullscreen=\"allowfullscreen\"><\/iframe><img decoding=\"async\" loading=\"lazy\" class=\"alignnone size-full wp-image-2478\" src=\"https:\/\/seh-equine.com\/wp-content\/uploads\/2021\/10\/Screenshot-2021-10-28-at-09.12.52.png\" alt=\"\" width=\"1264\" height=\"726\" srcset=\"https:\/\/seh-equine.com\/wp-content\/uploads\/2021\/10\/Screenshot-2021-10-28-at-09.12.52.png 1264w, https:\/\/seh-equine.com\/wp-content\/uploads\/2021\/10\/Screenshot-2021-10-28-at-09.12.52-510x293.png 510w, https:\/\/seh-equine.com\/wp-content\/uploads\/2021\/10\/Screenshot-2021-10-28-at-09.12.52-900x517.png 900w, https:\/\/seh-equine.com\/wp-content\/uploads\/2021\/10\/Screenshot-2021-10-28-at-09.12.52-768x441.png 768w, https:\/\/seh-equine.com\/wp-content\/uploads\/2021\/10\/Screenshot-2021-10-28-at-09.12.52-16x9.png 16w\" sizes=\"(max-width: 1264px) 100vw, 1264px\" \/><\/p>\n\n\t\t<\/div>\n\t<\/div>\n<\/div><\/div><\/div><div class=\"wpb_column vc_column_container text-default vc_col-sm-4 vc_col-has-fill\"><div class=\"vc_column-inner vc_custom_1609769338301\"><div class=\"wpb_wrapper\">\n\t<div  class=\"wpb_single_image wpb_content_element vc_align_center\">\n\t\t\n\t\t<figure class=\"wpb_wrapper vc_figure\">\n\t\t\t<div class=\"vc_single_image-wrapper vc_box_shadow  vc_box_border_grey\"><img width=\"249\" height=\"228\" src=\"https:\/\/seh-equine.com\/wp-content\/uploads\/2021\/05\/classic-opera-wood-e1620985643743.png\" class=\"vc_single_image-img attachment-full\" alt=\"\" decoding=\"async\" loading=\"lazy\" srcset=\"https:\/\/seh-equine.com\/wp-content\/uploads\/2021\/05\/classic-opera-wood-e1620985643743.png 249w, https:\/\/seh-equine.com\/wp-content\/uploads\/2021\/05\/classic-opera-wood-e1620985643743-13x12.png 13w\" sizes=\"(max-width: 249px) 100vw, 249px\" \/><\/div>\n\t\t<\/figure>\n\t<\/div>\n\n\t<div class=\"wpb_text_column wpb_content_element\" >\n\t\t<div class=\"wpb_wrapper\">\n\t\t\t<h3 style=\"font-weight: 400;\"><strong>Classic Opera stud fee<\/strong><\/h3>\n<p class=\"p1\"><em><span class=\"s1\">\u20ac 900, (50% on ordering and 50% foaling) plus shipping &#8211; <\/span><span class=\"s1\">Live Foal\u00a0<\/span><\/em><i>guarantee.<\/i><\/p>\n\n\t\t<\/div>\n\t<\/div>\n<div class=\"vc_btn3-container vc_btn3-center\" >\n\t<a class=\"vc_general vc_btn3 vc_btn3-size-lg vc_btn3-shape-round vc_btn3-style-3d vc_btn3-icon-left vc_btn3-color-primary\" href=\"https:\/\/seh-equine.com\/fr\/contact-us\/\" title=\"\"><i class=\"vc_btn3-icon fa fa-envelope\"><\/i> Obtenir plus d'informations<\/a><\/div>\n<div class=\"vc_row wpb_row vc_inner vc_row-fluid\"><div class=\"wpb_column vc_column_container vc_col-sm-12\"><div class=\"vc_column-inner\"><div class=\"wpb_wrapper\"><div class=\"vc_empty_space\"   style=\"height: 32px\" ><span class=\"vc_empty_space_inner\"><\/span><\/div>\n\n\t<div  class=\"wpb_single_image wpb_content_element vc_align_center\">\n\t\t\n\t\t<figure class=\"wpb_wrapper vc_figure\">\n\t\t\t<div class=\"vc_single_image-wrapper   vc_box_border_grey\"><img width=\"285\" height=\"510\" src=\"https:\/\/seh-equine.com\/wp-content\/uploads\/2021\/05\/GeminiClassicOpera-2-285x510.jpg\" class=\"vc_single_image-img attachment-medium\" alt=\"\" decoding=\"async\" loading=\"lazy\" srcset=\"https:\/\/seh-equine.com\/wp-content\/uploads\/2021\/05\/GeminiClassicOpera-2-285x510.jpg 285w, https:\/\/seh-equine.com\/wp-content\/uploads\/2021\/05\/GeminiClassicOpera-2-7x12.jpg 7w, https:\/\/seh-equine.com\/wp-content\/uploads\/2021\/05\/GeminiClassicOpera-2.jpg 500w\" sizes=\"(max-width: 285px) 100vw, 285px\" \/><\/div>\n\t\t<\/figure>\n\t<\/div>\n<\/div><\/div><\/div><\/div><\/div><\/div><\/div><\/div>","protected":false},"excerpt":{"rendered":"Classic Opera Classic Primitive x Weltregent H Sport Horse GB Graded Stallion, Dark Bay, 152cm WFFS Negative Available throughout Europe via S.E.H, stocked in France and Belgium\u00a0 Our Five Year Old Sport Horse GB Graded Stallion Is Starting His First Season Under Saddle. Classic Opera finished his first season British Eventing as a 5 year[...]","protected":false},"author":2,"featured_media":0,"parent":742,"menu_order":0,"comment_status":"closed","ping_status":"closed","template":"","meta":[],"yoast_head":"<!-- This site is optimized with the Yoast SEO plugin v19.9 - https:\/\/yoast.com\/wordpress\/plugins\/seo\/ -->\n<title>Classic Opera - Stallions.\u00c9talons.Hengste<\/title>\n<meta name=\"robots\" content=\"index, follow, max-snippet:-1, max-image-preview:large, max-video-preview:-1\" \/>\n<link rel=\"canonical\" href=\"https:\/\/seh-equine.com\/fr\/stallions\/classic-opera\/\" \/>\n<meta property=\"og:locale\" content=\"fr_FR\" \/>\n<meta property=\"og:type\" content=\"article\" \/>\n<meta property=\"og:title\" content=\"Classic Opera - Stallions.\u00c9talons.Hengste\" \/>\n<meta property=\"og:url\" content=\"https:\/\/seh-equine.com\/fr\/stallions\/classic-opera\/\" \/>\n<meta property=\"og:site_name\" content=\"Stallions.\u00c9talons.Hengste\" \/>\n<meta property=\"article:modified_time\" content=\"2021-10-28T08:13:46+00:00\" \/>\n<meta property=\"og:image\" content=\"https:\/\/seh-equine.com\/wp-content\/uploads\/2021\/10\/Screenshot-2021-10-28-at-09.12.52.png\" \/>\n<meta name=\"twitter:card\" content=\"summary_large_image\" \/>\n<meta name=\"twitter:label1\" content=\"Dur\u00e9e de lecture estim\u00e9e\" \/>\n\t<meta name=\"twitter:data1\" content=\"3 minutes\" \/>\n<script type=\"application\/ld+json\" class=\"yoast-schema-graph\">{\"@context\":\"https:\/\/schema.org\",\"@graph\":[{\"@type\":\"WebPage\",\"@id\":\"https:\/\/seh-equine.com\/stallions\/classic-opera\/\",\"url\":\"https:\/\/seh-equine.com\/stallions\/classic-opera\/\",\"name\":\"Classic Opera - Stallions.\u00c9talons.Hengste\",\"isPartOf\":{\"@id\":\"https:\/\/seh-equine.com\/#website\"},\"datePublished\":\"2021-04-26T11:12:14+00:00\",\"dateModified\":\"2021-10-28T08:13:46+00:00\",\"breadcrumb\":{\"@id\":\"https:\/\/seh-equine.com\/stallions\/classic-opera\/#breadcrumb\"},\"inLanguage\":\"fr-FR\",\"potentialAction\":[{\"@type\":\"ReadAction\",\"target\":[\"https:\/\/seh-equine.com\/stallions\/classic-opera\/\"]}]},{\"@type\":\"BreadcrumbList\",\"@id\":\"https:\/\/seh-equine.com\/stallions\/classic-opera\/#breadcrumb\",\"itemListElement\":[{\"@type\":\"ListItem\",\"position\":1,\"name\":\"Home\",\"item\":\"https:\/\/seh-equine.com\/\"},{\"@type\":\"ListItem\",\"position\":2,\"name\":\"Stallions\",\"item\":\"https:\/\/seh-equine.com\/stallions\/\"},{\"@type\":\"ListItem\",\"position\":3,\"name\":\"Classic Opera\"}]},{\"@type\":\"WebSite\",\"@id\":\"https:\/\/seh-equine.com\/#website\",\"url\":\"https:\/\/seh-equine.com\/\",\"name\":\"Stallions.\u00c9talons.Hengste\",\"description\":\"Equine Semen Agency\",\"publisher\":{\"@id\":\"https:\/\/seh-equine.com\/#organization\"},\"potentialAction\":[{\"@type\":\"SearchAction\",\"target\":{\"@type\":\"EntryPoint\",\"urlTemplate\":\"https:\/\/seh-equine.com\/?s={search_term_string}\"},\"query-input\":\"required name=search_term_string\"}],\"inLanguage\":\"fr-FR\"},{\"@type\":\"Organization\",\"@id\":\"https:\/\/seh-equine.com\/#organization\",\"name\":\"SEH Equine\",\"url\":\"https:\/\/seh-equine.com\/\",\"logo\":{\"@type\":\"ImageObject\",\"inLanguage\":\"fr-FR\",\"@id\":\"https:\/\/seh-equine.com\/#\/schema\/logo\/image\/\",\"url\":\"https:\/\/seh-equine.com\/wp-content\/uploads\/2020\/02\/Logo-1.png\",\"contentUrl\":\"https:\/\/seh-equine.com\/wp-content\/uploads\/2020\/02\/Logo-1.png\",\"width\":6900,\"height\":3289,\"caption\":\"SEH Equine\"},\"image\":{\"@id\":\"https:\/\/seh-equine.com\/#\/schema\/logo\/image\/\"}}]}<\/script>\n<!-- \/ Yoast SEO plugin. -->","yoast_head_json":{"title":"Classic Opera - Stallions.\u00c9talons.Hengste","robots":{"index":"index","follow":"follow","max-snippet":"max-snippet:-1","max-image-preview":"max-image-preview:large","max-video-preview":"max-video-preview:-1"},"canonical":"https:\/\/seh-equine.com\/fr\/stallions\/classic-opera\/","og_locale":"fr_FR","og_type":"article","og_title":"Classic Opera - Stallions.\u00c9talons.Hengste","og_url":"https:\/\/seh-equine.com\/fr\/stallions\/classic-opera\/","og_site_name":"Stallions.\u00c9talons.Hengste","article_modified_time":"2021-10-28T08:13:46+00:00","og_image":[{"url":"https:\/\/seh-equine.com\/wp-content\/uploads\/2021\/10\/Screenshot-2021-10-28-at-09.12.52.png"}],"twitter_card":"summary_large_image","twitter_misc":{"Dur\u00e9e de lecture estim\u00e9e":"3 minutes"},"schema":{"@context":"https:\/\/schema.org","@graph":[{"@type":"WebPage","@id":"https:\/\/seh-equine.com\/stallions\/classic-opera\/","url":"https:\/\/seh-equine.com\/stallions\/classic-opera\/","name":"Classic Opera - Stallions.\u00c9talons.Hengste","isPartOf":{"@id":"https:\/\/seh-equine.com\/#website"},"datePublished":"2021-04-26T11:12:14+00:00","dateModified":"2021-10-28T08:13:46+00:00","breadcrumb":{"@id":"https:\/\/seh-equine.com\/stallions\/classic-opera\/#breadcrumb"},"inLanguage":"fr-FR","potentialAction":[{"@type":"ReadAction","target":["https:\/\/seh-equine.com\/stallions\/classic-opera\/"]}]},{"@type":"BreadcrumbList","@id":"https:\/\/seh-equine.com\/stallions\/classic-opera\/#breadcrumb","itemListElement":[{"@type":"ListItem","position":1,"name":"Home","item":"https:\/\/seh-equine.com\/"},{"@type":"ListItem","position":2,"name":"Stallions","item":"https:\/\/seh-equine.com\/stallions\/"},{"@type":"ListItem","position":3,"name":"Classic Opera"}]},{"@type":"WebSite","@id":"https:\/\/seh-equine.com\/#website","url":"https:\/\/seh-equine.com\/","name":"Stallions.\u00c9talons.Hengste","description":"Equine Semen Agency","publisher":{"@id":"https:\/\/seh-equine.com\/#organization"},"potentialAction":[{"@type":"SearchAction","target":{"@type":"EntryPoint","urlTemplate":"https:\/\/seh-equine.com\/?s={search_term_string}"},"query-input":"required name=search_term_string"}],"inLanguage":"fr-FR"},{"@type":"Organization","@id":"https:\/\/seh-equine.com\/#organization","name":"SEH Equine","url":"https:\/\/seh-equine.com\/","logo":{"@type":"ImageObject","inLanguage":"fr-FR","@id":"https:\/\/seh-equine.com\/#\/schema\/logo\/image\/","url":"https:\/\/seh-equine.com\/wp-content\/uploads\/2020\/02\/Logo-1.png","contentUrl":"https:\/\/seh-equine.com\/wp-content\/uploads\/2020\/02\/Logo-1.png","width":6900,"height":3289,"caption":"SEH Equine"},"image":{"@id":"https:\/\/seh-equine.com\/#\/schema\/logo\/image\/"}}]}},"_links":{"self":[{"href":"https:\/\/seh-equine.com\/fr\/wp-json\/wp\/v2\/pages\/2410"}],"collection":[{"href":"https:\/\/seh-equine.com\/fr\/wp-json\/wp\/v2\/pages"}],"about":[{"href":"https:\/\/seh-equine.com\/fr\/wp-json\/wp\/v2\/types\/page"}],"author":[{"embeddable":true,"href":"https:\/\/seh-equine.com\/fr\/wp-json\/wp\/v2\/users\/2"}],"replies":[{"embeddable":true,"href":"https:\/\/seh-equine.com\/fr\/wp-json\/wp\/v2\/comments?post=2410"}],"version-history":[{"count":11,"href":"https:\/\/seh-equine.com\/fr\/wp-json\/wp\/v2\/pages\/2410\/revisions"}],"predecessor-version":[{"id":2479,"href":"https:\/\/seh-equine.com\/fr\/wp-json\/wp\/v2\/pages\/2410\/revisions\/2479"}],"up":[{"embeddable":true,"href":"https:\/\/seh-equine.com\/fr\/wp-json\/wp\/v2\/pages\/742"}],"wp:attachment":[{"href":"https:\/\/seh-equine.com\/fr\/wp-json\/wp\/v2\/media?parent=2410"}],"curies":[{"name":"wp","href":"https:\/\/api.w.org\/{rel}","templated":true}]}}