{"id":2403,"date":"2021-04-26T11:09:55","date_gmt":"2021-04-26T11:09:55","guid":{"rendered":"https:\/\/seh-equine.com\/?page_id=2403"},"modified":"2021-04-26T13:07:36","modified_gmt":"2021-04-26T13:07:36","slug":"kitt-sb","status":"publish","type":"page","link":"https:\/\/seh-equine.com\/fr\/stallions\/kitt-sb\/","title":{"rendered":"Kitt SB"},"content":{"rendered":"<div class=\"vc_row wpb_row vc_row-fluid unva-dhav-dotted\"><div class=\"wpb_column vc_column_container text-default vc_col-sm-12 vc_hidden-lg\"><div class=\"vc_column-inner vc_custom_1615230389856\"><div class=\"wpb_wrapper\">\n\t<div  class=\"wpb_single_image wpb_content_element vc_align_left\">\n\t\t\n\t\t<figure class=\"wpb_wrapper vc_figure\">\n\t\t\t<div class=\"vc_single_image-wrapper   vc_box_border_grey\"><img width=\"652\" height=\"979\" src=\"https:\/\/seh-equine.com\/wp-content\/uploads\/2021\/04\/kitt2.jpg\" class=\"vc_single_image-img attachment-full\" alt=\"\" decoding=\"async\" loading=\"lazy\" srcset=\"https:\/\/seh-equine.com\/wp-content\/uploads\/2021\/04\/kitt2.jpg 652w, https:\/\/seh-equine.com\/wp-content\/uploads\/2021\/04\/kitt2-340x510.jpg 340w, https:\/\/seh-equine.com\/wp-content\/uploads\/2021\/04\/kitt2-599x900.jpg 599w, https:\/\/seh-equine.com\/wp-content\/uploads\/2021\/04\/kitt2-8x12.jpg 8w\" sizes=\"(max-width: 652px) 100vw, 652px\" \/><\/div>\n\t\t<\/figure>\n\t<\/div>\n<\/div><\/div><\/div><\/div><div class=\"vc_row wpb_row vc_row-fluid unva-dhav-dotted vc_custom_1580499027528 vc_column-gap-10\"><div class=\"wpb_column vc_column_container text-default vc_col-sm-8\"><div class=\"vc_column-inner\"><div class=\"wpb_wrapper\">\n\t<div class=\"wpb_text_column wpb_content_element\" >\n\t\t<div class=\"wpb_wrapper\">\n\t\t\t<h1>Kitt SB<\/h1>\n<p><em>EMIR R x SAM R<\/em><\/p>\n<p><em>1.64m, Born: 2015, Studbook: KWPN, licensed AES<\/em><\/p>\n<p><strong>Disponible en France par l\u2019interm\u00e9diaire de S.E.H<\/strong><\/p>\n\n\t\t<\/div>\n\t<\/div>\n<div class=\"vc_separator wpb_content_element vc_separator_align_center vc_sep_width_100 vc_sep_dashed vc_sep_border_width_2 vc_sep_pos_align_center vc_separator_no_text vc_sep_color_grey\" ><span class=\"vc_sep_holder vc_sep_holder_l\"><span  class=\"vc_sep_line\"><\/span><\/span><span class=\"vc_sep_holder vc_sep_holder_r\"><span  class=\"vc_sep_line\"><\/span><\/span>\n<\/div>\n\t<div class=\"wpb_text_column wpb_content_element\" >\n\t\t<div class=\"wpb_wrapper\">\n\t\t\t<p>Kitt SB est le premier fils approuv\u00e9 par le KWPN de l'impressionnant \u00e9talon gris Emir R. Kitt SB a termin\u00e9 le test d'approbation d'automne 2018 et est devenu champion de r\u00e9serve. Kitt SB a \u00e9t\u00e9 approuv\u00e9 KWPN avec pas moins de 85,5 points.<\/p>\n<p>Emir R is a son of the well-breeding Carthago son Colman. Emir R&#8217;s dam is the mare B. Termie R 23 ( Rubert R x Voltaire), who was a striking combination with Ben Schr\u00f6der. This duo performed together at 1.30m level.<\/p>\n<p>Since the spring of 2018, Emir R has been at the stables of the Swedish Olympic top rider Rolf G\u00f6ran Bengsston. Together with Rolf, Emir R already managed to win a fourth prize in the Grand Prix at the international 3-star 1.50m competition in Sommersted, Denmark, last year. In addition, Emir R jumped several clear rounds in, for example, the Grand Prix of Lier 1.50m***, the Grand Prix of Ehlersdorf 1.50m ***, and during the Sires of the World 1.50m in Lanaken.<\/p>\n<p>The mother of Kitt SB is the mare G. Rubertha R3. This relatively young mare, currently 8 years old, performs well in the international circuit at 1.40m level. She is by the KWPN-approved stallion Sam R. Behind her we see the blood of the stallions Voltaire, Joost, Abgar and Wagner.<\/p>\n<p>Kitt SB comes from a dam line that produces a lot of sport. A grandmother and great-grandmother both produced, amongst others, a 1.40m and a 1.45m horse, and several 1.35m horses. In addition, the direct mother line has produced, for example, 1.60m horses: K.Rubertha 52 (Calando), Warinde B (Padinus), KWPN approved stallion Zerlin (Berlin), KWPN approved stallion Zazou R (Tolan R), KWPN approved stallion Dexter R (Namelus R), NRPS approved stallion Nubertus R (Nimmerdor) and the KWPN approved stallion VIP (Joost).<\/p>\n\n\t\t<\/div>\n\t<\/div>\n<\/div><\/div><\/div><div class=\"wpb_column vc_column_container text-default vc_col-sm-4 vc_col-has-fill\"><div class=\"vc_column-inner vc_custom_1609769338301\"><div class=\"wpb_wrapper\">\n\t<div  class=\"wpb_single_image wpb_content_element vc_align_center\">\n\t\t\n\t\t<figure class=\"wpb_wrapper vc_figure\">\n\t\t\t<div class=\"vc_single_image-wrapper vc_box_shadow  vc_box_border_grey\"><img width=\"1379\" height=\"919\" src=\"https:\/\/seh-equine.com\/wp-content\/uploads\/2021\/04\/kitt.jpg\" class=\"vc_single_image-img attachment-full\" alt=\"\" decoding=\"async\" loading=\"lazy\" srcset=\"https:\/\/seh-equine.com\/wp-content\/uploads\/2021\/04\/kitt.jpg 1379w, https:\/\/seh-equine.com\/wp-content\/uploads\/2021\/04\/kitt-510x340.jpg 510w, https:\/\/seh-equine.com\/wp-content\/uploads\/2021\/04\/kitt-900x600.jpg 900w, https:\/\/seh-equine.com\/wp-content\/uploads\/2021\/04\/kitt-768x512.jpg 768w, https:\/\/seh-equine.com\/wp-content\/uploads\/2021\/04\/kitt-16x12.jpg 16w\" sizes=\"(max-width: 1379px) 100vw, 1379px\" \/><\/div>\n\t\t<\/figure>\n\t<\/div>\n\n\t<div class=\"wpb_text_column wpb_content_element\" >\n\t\t<div class=\"wpb_wrapper\">\n\t\t\t<h3 style=\"font-weight: 400;\"><strong>Kitt SB stud fee &#8211; Chilled<\/strong><\/h3>\n<p class=\"p1\"><em><span class=\"s1\">\u20ac 1000 (fixed costs \u20ac 250 + at gestation \u20ac 750) plus shipping<\/span><\/em><\/p>\n<p><em>Live foal guarantee\u00a0<\/em><\/p>\n\n\t\t<\/div>\n\t<\/div>\n<div class=\"vc_btn3-container vc_btn3-center\" >\n\t<a class=\"vc_general vc_btn3 vc_btn3-size-lg vc_btn3-shape-round vc_btn3-style-3d vc_btn3-icon-left vc_btn3-color-primary\" href=\"https:\/\/seh-equine.com\/fr\/contact-us\/\" title=\"\"><i class=\"vc_btn3-icon fa fa-envelope\"><\/i> Obtenir plus d'informations<\/a><\/div>\n<\/div><\/div><\/div><\/div><div class=\"vc_row wpb_row vc_row-fluid unva-dhav-dotted\"><div class=\"wpb_column vc_column_container text-default vc_col-sm-12 vc_hidden-sm vc_hidden-xs\"><div class=\"vc_column-inner\"><div class=\"wpb_wrapper\">\n\t<div  class=\"wpb_single_image wpb_content_element vc_align_center\">\n\t\t\n\t\t<figure class=\"wpb_wrapper vc_figure\">\n\t\t\t<div class=\"vc_single_image-wrapper   vc_box_border_grey\"><img width=\"340\" height=\"510\" src=\"https:\/\/seh-equine.com\/wp-content\/uploads\/2021\/04\/kitt2-340x510.jpg\" class=\"vc_single_image-img attachment-medium\" alt=\"\" decoding=\"async\" loading=\"lazy\" srcset=\"https:\/\/seh-equine.com\/wp-content\/uploads\/2021\/04\/kitt2-340x510.jpg 340w, https:\/\/seh-equine.com\/wp-content\/uploads\/2021\/04\/kitt2-599x900.jpg 599w, https:\/\/seh-equine.com\/wp-content\/uploads\/2021\/04\/kitt2-8x12.jpg 8w, https:\/\/seh-equine.com\/wp-content\/uploads\/2021\/04\/kitt2.jpg 652w\" sizes=\"(max-width: 340px) 100vw, 340px\" \/><\/div>\n\t\t<\/figure>\n\t<\/div>\n<\/div><\/div><\/div><\/div><div class=\"vc_row wpb_row vc_row-fluid unva-dhav-dotted\"><div class=\"wpb_column vc_column_container text-default vc_col-sm-12\"><div class=\"vc_column-inner\"><div class=\"wpb_wrapper\">\n\t<div  class=\"wpb_single_image wpb_content_element vc_align_left\">\n\t\t\n\t\t<figure class=\"wpb_wrapper vc_figure\">\n\t\t\t<div class=\"vc_single_image-wrapper   vc_box_border_grey\"><img width=\"399\" height=\"402\" src=\"https:\/\/seh-equine.com\/wp-content\/uploads\/2021\/04\/Kitt-SB-Blue-and-res-jump.png\" class=\"vc_single_image-img attachment-medium\" alt=\"\" decoding=\"async\" loading=\"lazy\" srcset=\"https:\/\/seh-equine.com\/wp-content\/uploads\/2021\/04\/Kitt-SB-Blue-and-res-jump.png 399w, https:\/\/seh-equine.com\/wp-content\/uploads\/2021\/04\/Kitt-SB-Blue-and-res-jump-150x150.png 150w, https:\/\/seh-equine.com\/wp-content\/uploads\/2021\/04\/Kitt-SB-Blue-and-res-jump-12x12.png 12w\" sizes=\"(max-width: 399px) 100vw, 399px\" \/><\/div>\n\t\t<\/figure>\n\t<\/div>\n<\/div><\/div><\/div><\/div><div class=\"vc_row wpb_row vc_row-fluid unva-dhav-dotted\"><div class=\"wpb_column vc_column_container text-default vc_col-sm-12\"><div class=\"vc_column-inner\"><div class=\"wpb_wrapper\">\n\t<div  class=\"wpb_single_image wpb_content_element vc_align_left\">\n\t\t\n\t\t<figure class=\"wpb_wrapper vc_figure\">\n\t\t\t<div class=\"vc_single_image-wrapper   vc_box_border_grey\"><img width=\"510\" height=\"367\" src=\"https:\/\/seh-equine.com\/wp-content\/uploads\/2021\/04\/kitt-sb-red-jump-510x367.png\" class=\"vc_single_image-img attachment-medium\" alt=\"\" decoding=\"async\" loading=\"lazy\" srcset=\"https:\/\/seh-equine.com\/wp-content\/uploads\/2021\/04\/kitt-sb-red-jump-510x367.png 510w, https:\/\/seh-equine.com\/wp-content\/uploads\/2021\/04\/kitt-sb-red-jump-16x12.png 16w, https:\/\/seh-equine.com\/wp-content\/uploads\/2021\/04\/kitt-sb-red-jump.png 542w\" sizes=\"(max-width: 510px) 100vw, 510px\" \/><\/div>\n\t\t<\/figure>\n\t<\/div>\n<\/div><\/div><\/div><\/div><div class=\"vc_row wpb_row vc_row-fluid unva-dhav-dotted\"><div class=\"wpb_column vc_column_container text-default vc_col-sm-12\"><div class=\"vc_column-inner\"><div class=\"wpb_wrapper\">\n\t<div  class=\"wpb_single_image wpb_content_element vc_align_left\">\n\t\t\n\t\t<figure class=\"wpb_wrapper vc_figure\">\n\t\t\t<div class=\"vc_single_image-wrapper   vc_box_border_grey\"><img width=\"150\" height=\"150\" src=\"https:\/\/seh-equine.com\/wp-content\/uploads\/2021\/04\/kitt-sb-head-and-neck-150x150.png\" class=\"vc_single_image-img attachment-thumbnail\" alt=\"\" decoding=\"async\" loading=\"lazy\" \/><\/div>\n\t\t<\/figure>\n\t<\/div>\n<\/div><\/div><\/div><\/div>","protected":false},"excerpt":{"rendered":"Kitt SB EMIR R x SAM R 1.64m, Born: 2015, Studbook: KWPN, licensed AES Available in France through S.E.H Kitt SB is the first KWPN-approved son of the impressive grey stallion Emir R. Kitt SB completed the 2018 autumn performance test and became reserve champion. Kitt SB was registered with the KWPN with no less[...]","protected":false},"author":2,"featured_media":0,"parent":742,"menu_order":0,"comment_status":"closed","ping_status":"closed","template":"","meta":[],"yoast_head":"<!-- This site is optimized with the Yoast SEO plugin v19.9 - https:\/\/yoast.com\/wordpress\/plugins\/seo\/ -->\n<title>Kitt SB - Stallions.\u00c9talons.Hengste<\/title>\n<meta name=\"robots\" content=\"index, follow, max-snippet:-1, max-image-preview:large, max-video-preview:-1\" \/>\n<link rel=\"canonical\" href=\"https:\/\/seh-equine.com\/fr\/stallions\/kitt-sb\/\" \/>\n<meta property=\"og:locale\" content=\"fr_FR\" \/>\n<meta property=\"og:type\" content=\"article\" \/>\n<meta property=\"og:title\" content=\"Kitt SB - Stallions.\u00c9talons.Hengste\" \/>\n<meta property=\"og:url\" content=\"https:\/\/seh-equine.com\/fr\/stallions\/kitt-sb\/\" \/>\n<meta property=\"og:site_name\" content=\"Stallions.\u00c9talons.Hengste\" \/>\n<meta property=\"article:modified_time\" content=\"2021-04-26T13:07:36+00:00\" \/>\n<meta name=\"twitter:card\" content=\"summary_large_image\" \/>\n<meta name=\"twitter:label1\" content=\"Dur\u00e9e de lecture estim\u00e9e\" \/>\n\t<meta name=\"twitter:data1\" content=\"2 minutes\" \/>\n<script type=\"application\/ld+json\" class=\"yoast-schema-graph\">{\"@context\":\"https:\/\/schema.org\",\"@graph\":[{\"@type\":\"WebPage\",\"@id\":\"https:\/\/seh-equine.com\/stallions\/kitt-sb\/\",\"url\":\"https:\/\/seh-equine.com\/stallions\/kitt-sb\/\",\"name\":\"Kitt SB - Stallions.\u00c9talons.Hengste\",\"isPartOf\":{\"@id\":\"https:\/\/seh-equine.com\/#website\"},\"datePublished\":\"2021-04-26T11:09:55+00:00\",\"dateModified\":\"2021-04-26T13:07:36+00:00\",\"breadcrumb\":{\"@id\":\"https:\/\/seh-equine.com\/stallions\/kitt-sb\/#breadcrumb\"},\"inLanguage\":\"fr-FR\",\"potentialAction\":[{\"@type\":\"ReadAction\",\"target\":[\"https:\/\/seh-equine.com\/stallions\/kitt-sb\/\"]}]},{\"@type\":\"BreadcrumbList\",\"@id\":\"https:\/\/seh-equine.com\/stallions\/kitt-sb\/#breadcrumb\",\"itemListElement\":[{\"@type\":\"ListItem\",\"position\":1,\"name\":\"Home\",\"item\":\"https:\/\/seh-equine.com\/\"},{\"@type\":\"ListItem\",\"position\":2,\"name\":\"Stallions\",\"item\":\"https:\/\/seh-equine.com\/stallions\/\"},{\"@type\":\"ListItem\",\"position\":3,\"name\":\"Kitt SB\"}]},{\"@type\":\"WebSite\",\"@id\":\"https:\/\/seh-equine.com\/#website\",\"url\":\"https:\/\/seh-equine.com\/\",\"name\":\"Stallions.\u00c9talons.Hengste\",\"description\":\"Equine Semen Agency\",\"publisher\":{\"@id\":\"https:\/\/seh-equine.com\/#organization\"},\"potentialAction\":[{\"@type\":\"SearchAction\",\"target\":{\"@type\":\"EntryPoint\",\"urlTemplate\":\"https:\/\/seh-equine.com\/?s={search_term_string}\"},\"query-input\":\"required name=search_term_string\"}],\"inLanguage\":\"fr-FR\"},{\"@type\":\"Organization\",\"@id\":\"https:\/\/seh-equine.com\/#organization\",\"name\":\"SEH Equine\",\"url\":\"https:\/\/seh-equine.com\/\",\"logo\":{\"@type\":\"ImageObject\",\"inLanguage\":\"fr-FR\",\"@id\":\"https:\/\/seh-equine.com\/#\/schema\/logo\/image\/\",\"url\":\"https:\/\/seh-equine.com\/wp-content\/uploads\/2020\/02\/Logo-1.png\",\"contentUrl\":\"https:\/\/seh-equine.com\/wp-content\/uploads\/2020\/02\/Logo-1.png\",\"width\":6900,\"height\":3289,\"caption\":\"SEH Equine\"},\"image\":{\"@id\":\"https:\/\/seh-equine.com\/#\/schema\/logo\/image\/\"}}]}<\/script>\n<!-- \/ Yoast SEO plugin. -->","yoast_head_json":{"title":"Kitt SB - Stallions.\u00c9talons.Hengste","robots":{"index":"index","follow":"follow","max-snippet":"max-snippet:-1","max-image-preview":"max-image-preview:large","max-video-preview":"max-video-preview:-1"},"canonical":"https:\/\/seh-equine.com\/fr\/stallions\/kitt-sb\/","og_locale":"fr_FR","og_type":"article","og_title":"Kitt SB - Stallions.\u00c9talons.Hengste","og_url":"https:\/\/seh-equine.com\/fr\/stallions\/kitt-sb\/","og_site_name":"Stallions.\u00c9talons.Hengste","article_modified_time":"2021-04-26T13:07:36+00:00","twitter_card":"summary_large_image","twitter_misc":{"Dur\u00e9e de lecture estim\u00e9e":"2 minutes"},"schema":{"@context":"https:\/\/schema.org","@graph":[{"@type":"WebPage","@id":"https:\/\/seh-equine.com\/stallions\/kitt-sb\/","url":"https:\/\/seh-equine.com\/stallions\/kitt-sb\/","name":"Kitt SB - Stallions.\u00c9talons.Hengste","isPartOf":{"@id":"https:\/\/seh-equine.com\/#website"},"datePublished":"2021-04-26T11:09:55+00:00","dateModified":"2021-04-26T13:07:36+00:00","breadcrumb":{"@id":"https:\/\/seh-equine.com\/stallions\/kitt-sb\/#breadcrumb"},"inLanguage":"fr-FR","potentialAction":[{"@type":"ReadAction","target":["https:\/\/seh-equine.com\/stallions\/kitt-sb\/"]}]},{"@type":"BreadcrumbList","@id":"https:\/\/seh-equine.com\/stallions\/kitt-sb\/#breadcrumb","itemListElement":[{"@type":"ListItem","position":1,"name":"Home","item":"https:\/\/seh-equine.com\/"},{"@type":"ListItem","position":2,"name":"Stallions","item":"https:\/\/seh-equine.com\/stallions\/"},{"@type":"ListItem","position":3,"name":"Kitt SB"}]},{"@type":"WebSite","@id":"https:\/\/seh-equine.com\/#website","url":"https:\/\/seh-equine.com\/","name":"Stallions.\u00c9talons.Hengste","description":"Equine Semen Agency","publisher":{"@id":"https:\/\/seh-equine.com\/#organization"},"potentialAction":[{"@type":"SearchAction","target":{"@type":"EntryPoint","urlTemplate":"https:\/\/seh-equine.com\/?s={search_term_string}"},"query-input":"required name=search_term_string"}],"inLanguage":"fr-FR"},{"@type":"Organization","@id":"https:\/\/seh-equine.com\/#organization","name":"SEH Equine","url":"https:\/\/seh-equine.com\/","logo":{"@type":"ImageObject","inLanguage":"fr-FR","@id":"https:\/\/seh-equine.com\/#\/schema\/logo\/image\/","url":"https:\/\/seh-equine.com\/wp-content\/uploads\/2020\/02\/Logo-1.png","contentUrl":"https:\/\/seh-equine.com\/wp-content\/uploads\/2020\/02\/Logo-1.png","width":6900,"height":3289,"caption":"SEH Equine"},"image":{"@id":"https:\/\/seh-equine.com\/#\/schema\/logo\/image\/"}}]}},"_links":{"self":[{"href":"https:\/\/seh-equine.com\/fr\/wp-json\/wp\/v2\/pages\/2403"}],"collection":[{"href":"https:\/\/seh-equine.com\/fr\/wp-json\/wp\/v2\/pages"}],"about":[{"href":"https:\/\/seh-equine.com\/fr\/wp-json\/wp\/v2\/types\/page"}],"author":[{"embeddable":true,"href":"https:\/\/seh-equine.com\/fr\/wp-json\/wp\/v2\/users\/2"}],"replies":[{"embeddable":true,"href":"https:\/\/seh-equine.com\/fr\/wp-json\/wp\/v2\/comments?post=2403"}],"version-history":[{"count":6,"href":"https:\/\/seh-equine.com\/fr\/wp-json\/wp\/v2\/pages\/2403\/revisions"}],"predecessor-version":[{"id":2427,"href":"https:\/\/seh-equine.com\/fr\/wp-json\/wp\/v2\/pages\/2403\/revisions\/2427"}],"up":[{"embeddable":true,"href":"https:\/\/seh-equine.com\/fr\/wp-json\/wp\/v2\/pages\/742"}],"wp:attachment":[{"href":"https:\/\/seh-equine.com\/fr\/wp-json\/wp\/v2\/media?parent=2403"}],"curies":[{"name":"wp","href":"https:\/\/api.w.org\/{rel}","templated":true}]}}