{"id":2322,"date":"2021-04-16T14:19:07","date_gmt":"2021-04-16T14:19:07","guid":{"rendered":"https:\/\/seh-equine.com\/?page_id=2322"},"modified":"2024-02-28T18:15:33","modified_gmt":"2024-02-28T18:15:33","slug":"emir-r","status":"publish","type":"page","link":"https:\/\/seh-equine.com\/fr\/stallions\/emir-r\/","title":{"rendered":"Emir R"},"content":{"rendered":"<div class=\"vc_row wpb_row vc_row-fluid unva-dhav-dotted\"><div class=\"wpb_column vc_column_container text-default vc_col-sm-12 vc_hidden-lg\"><div class=\"vc_column-inner vc_custom_1615230389856\"><div class=\"wpb_wrapper\">\n\t<div  class=\"wpb_single_image wpb_content_element vc_align_left\">\n\t\t\n\t\t<figure class=\"wpb_wrapper vc_figure\">\n\t\t\t<div class=\"vc_single_image-wrapper   vc_box_border_grey\"><img width=\"568\" height=\"383\" src=\"https:\/\/seh-equine.com\/wp-content\/uploads\/2021\/04\/Screenshot-2021-04-16-at-15.18.10.png\" class=\"vc_single_image-img attachment-full\" alt=\"\" decoding=\"async\" loading=\"lazy\" srcset=\"https:\/\/seh-equine.com\/wp-content\/uploads\/2021\/04\/Screenshot-2021-04-16-at-15.18.10.png 568w, https:\/\/seh-equine.com\/wp-content\/uploads\/2021\/04\/Screenshot-2021-04-16-at-15.18.10-510x344.png 510w, https:\/\/seh-equine.com\/wp-content\/uploads\/2021\/04\/Screenshot-2021-04-16-at-15.18.10-16x12.png 16w\" sizes=\"(max-width: 568px) 100vw, 568px\" \/><\/div>\n\t\t<\/figure>\n\t<\/div>\n<\/div><\/div><\/div><\/div><div class=\"vc_row wpb_row vc_row-fluid unva-dhav-dotted vc_custom_1580499027528 vc_column-gap-10\"><div class=\"wpb_column vc_column_container text-default vc_col-sm-8\"><div class=\"vc_column-inner\"><div class=\"wpb_wrapper\">\n\t<div class=\"wpb_text_column wpb_content_element\" >\n\t\t<div class=\"wpb_wrapper\">\n\t\t\t<h1>EMIR R<\/h1>\n<p><em>COLMAN x RUBERT R<\/em><\/p>\n<p class=\"p1\"><em><span class=\"s1\">\u00c9talon de saut d'obstacles : Couleur : Gris N\u00e9 : 2009 Stud-book : KWPN (Cheval de Sport Royal Hollandais)<\/span><\/em><\/p>\n<p><strong>Disponible en France par l\u2019interm\u00e9diaire de S.E.H<\/strong><\/p>\n\n\t\t<\/div>\n\t<\/div>\n<div class=\"vc_separator wpb_content_element vc_separator_align_center vc_sep_width_100 vc_sep_dashed vc_sep_border_width_2 vc_sep_pos_align_center vc_separator_no_text vc_sep_color_grey\" ><span class=\"vc_sep_holder vc_sep_holder_l\"><span  class=\"vc_sep_line\"><\/span><\/span><span class=\"vc_sep_holder vc_sep_holder_r\"><span  class=\"vc_sep_line\"><\/span><\/span>\n<\/div>\n\t<div class=\"wpb_text_column wpb_content_element\" >\n\t\t<div class=\"wpb_wrapper\">\n\t\t\t<p class=\"p1 translation-block\">Emir R est performant en sport et en \u00e9levage. Sous la direction de Rolf-G\u00f6ran Bengtsson, ils ont d\u00e9j\u00e0 r\u00e9alis\u00e9 quelques belles performances, notamment \u00e0 Hagen, Amsterdam, Sommersted, De Lier et Rotterdam.  Les r\u00e9alisations d'Emir R en mati\u00e8re d'\u00e9levage ne sont pas pass\u00e9es inaper\u00e7ues. Par exemple, Noval\u00e8ne (mv. Lupicor), appartenant \u00e0 la famille Sinkgraven de Wildervank, est devenue championne \u00e0 l'inspection centrale de Groningen. Emir R \u00e9tait en t\u00eate des juments IBOP ayant obtenu plus de 80 points. De toutes les filles propos\u00e9es, les trois ont obtenu plus de 80 points. De plus, Emir R a d\u00e9j\u00e0 sept fils approuv\u00e9s lors de ses deux premi\u00e8res ann\u00e9es.<\/p>\n<ul>\n<li class=\"p1\"><span class=\"s1\">Kitt SB (champion r\u00e9serve KWPN 2018, AES)<\/span><\/li>\n<li class=\"p1\"><span class=\"s1\">Little London SB (nomm\u00e9 KWPN, AES)<\/span><\/li>\n<li class=\"p1\"><span class=\"s1\">James SB (AES)<\/span><\/li>\n<li class=\"p1\"><span class=\"s1\">Linkin Park SB (AES)<\/span><\/li>\n<li class=\"p1\"><span class=\"s1\">Lassini SB (AES)<\/span><\/li>\n<li class=\"p1\"><span class=\"s1\">Just Cavalli fan &#8216;e Suderwei (AES)<\/span><\/li>\n<li class=\"p1\"><span class=\"s1\">Mexico-Eurohill SB (AES)<\/span><\/li>\n<\/ul>\n<p class=\"p1\"><strong><span class=\"s1\">2017<\/span><\/strong><\/p>\n<p class=\"p1\"><span class=\"s1\">Si quelqu'un avait encore des doutes sur les capacit\u00e9s d'Emir R, le fils de Colman, \u00e2g\u00e9 de huit ans, a certainement dissip\u00e9 ces derniers doutes avec sa performance au Jumping Amsterdam cette ann\u00e9e. En tant que cavalier unique, Emir R, mont\u00e9 par Michael Greeve, s'est attaqu\u00e9 \u00e0 la cat\u00e9gorie des 1,90 m lors du RAI Amsterdam Six Bar Challenge.<\/span><\/p>\n<p class=\"p1\"><span class=\"s1\">Emir R donne \u00e0 son cavalier le sentiment d'une puissance illimit\u00e9e et le fait que sa victoire \u00e0 Amsterdam n'\u00e9tait pas un hasard a \u00e9t\u00e9 prouv\u00e9 par Emir R une semaine plus tard lors du KWPN Stallion Show \u00e0 Den Bosch. Avec seulement quelques dixi\u00e8mes de seconde, Emir R a termin\u00e9 deuxi\u00e8me du VHO Trophy.<\/span><\/p>\n<p class=\"p1\"><span class=\"s1\">Emir R est l'un des derniers \u00e9talons approuv\u00e9s de Stal Roelofs, l'\u00e9curie de Den Ham qui a laiss\u00e9 une forte empreinte sur l'\u00e9levage de chevaux de saut d'obstacles aux Pays-Bas.<\/span><\/p>\n<p class=\"p1\"><span class=\"s1\">Emir R est le seul fils approuv\u00e9 par le KWPN de Colman, l'\u00e9talon de pointe qui, \u00e0 son tour, descend de l'\u00e9talon de classe olympique Carthago. La m\u00e8re d'Emir R, B. Termie R 23, a pass\u00e9 son test de jument avec 88 points et poss\u00e8de le pr\u00e9dicat \u00e9lite. Elle a concouru dans le sport au niveau 1.30. Son p\u00e8re Rupert R (s. Mermus R) a concouru au niveau 1.60 avec, entre autres, Peter Charles en selle. La grand-m\u00e8re d'Emir R, la fille de Voltaire T.Termie 21, est une demi-s\u0153ur des \u00e9talons KWPN Mermus R et Odermus R et du sauteur international Vainquish (s. Namelus R). En plus de la m\u00e8re d'Emir R, B. Termie R 23, T.Termie 21 a produit le fils de Sam R, A.Termie, qui a \u00e9t\u00e9 mont\u00e9 au niveau 1.50 par plusieurs cavaliers.<\/span><\/p>\n<p class=\"p1\"><strong><span class=\"s1\">Rapport officiel d'inspection KWPN 2009 :<\/span><\/strong><\/p>\n<p class=\"p1\"><span class=\"s1\">Emir R est un \u00e9talon honn\u00eate et fiable avec une bonne attitude. Il est facile \u00e0 travailler et a une bouche fine. Emir R saute avec de bons r\u00e9flexes, une bonne technique de jambes, et une bonne utilisation de son dos. Il saute \u00e9galement tr\u00e8s bien \u00e0 l'arri\u00e8re. Emir R semble \u00eatre prudent et montre beaucoup d'envergure. En tant que sauteur d'obstacle, Emir R a un grand \u00e0 tr\u00e8s grand talent et donne \u00e0 son cavalier un bon feeling.<\/span><\/p>\n<p class=\"p1\"><strong><span class=\"s1\">Rapport de poulain 2014 :<\/span><\/strong><\/p>\n<p class=\"p1\"><span class=\"s1\">Emir R montre une collection uniforme de poulains amples et bien d\u00e9velopp\u00e9s qui se tiennent bien dans le mod\u00e8le rectangulaire avec beaucoup de charisme. Les jambes sont correctes et dures. Le pas a beaucoup \u00e0 bonne port\u00e9e. Le trot a beaucoup d'ampleur avec beaucoup de souplesse. Le galop est positif.<\/span><\/p>\n<p class=\"p1\"><strong><span class=\"s1\">Comportement stable :<\/span><\/strong><\/p>\n<p class=\"p1\"><span class=\"s1\">Etalon honn\u00eate et fiable, facile \u00e0 manipuler et calme dans l'\u00e9curie.<\/span><\/p>\n<p><iframe loading=\"lazy\" title=\"YouTube video player\" src=\"https:\/\/www.youtube.com\/embed\/EyWM7qsnyMk\" width=\"560\" height=\"315\" frameborder=\"0\" allowfullscreen=\"allowfullscreen\"><\/iframe><\/p>\n\n\t\t<\/div>\n\t<\/div>\n<\/div><\/div><\/div><div class=\"wpb_column vc_column_container text-default vc_col-sm-4 vc_col-has-fill\"><div class=\"vc_column-inner vc_custom_1609769338301\"><div class=\"wpb_wrapper\">\n\t<div  class=\"wpb_single_image wpb_content_element vc_align_center\">\n\t\t\n\t\t<figure class=\"wpb_wrapper vc_figure\">\n\t\t\t<div class=\"vc_single_image-wrapper vc_box_shadow  vc_box_border_grey\"><img width=\"572\" height=\"381\" src=\"https:\/\/seh-equine.com\/wp-content\/uploads\/2021\/04\/Screenshot-2021-04-16-at-15.17.51.png\" class=\"vc_single_image-img attachment-full\" alt=\"\" decoding=\"async\" loading=\"lazy\" srcset=\"https:\/\/seh-equine.com\/wp-content\/uploads\/2021\/04\/Screenshot-2021-04-16-at-15.17.51.png 572w, https:\/\/seh-equine.com\/wp-content\/uploads\/2021\/04\/Screenshot-2021-04-16-at-15.17.51-510x340.png 510w, https:\/\/seh-equine.com\/wp-content\/uploads\/2021\/04\/Screenshot-2021-04-16-at-15.17.51-16x12.png 16w\" sizes=\"(max-width: 572px) 100vw, 572px\" \/><\/div>\n\t\t<\/figure>\n\t<\/div>\n\n\t<div class=\"wpb_text_column wpb_content_element\" >\n\t\t<div class=\"wpb_wrapper\">\n\t\t\t<h3 style=\"font-weight: 400;\"><strong>Frais de saillie<\/strong><\/h3>\n<p class=\"p1 translation-block\">\u20ac 1000 (frais fixes \u20ac 250 + \u00e0 la gestation \u20ac 750) plus frais d'exp\u00e9dition - Retour gratuit du poulain vivant<\/p>\n\n\t\t<\/div>\n\t<\/div>\n<div class=\"vc_btn3-container vc_btn3-center\" >\n\t<a class=\"vc_general vc_btn3 vc_btn3-size-lg vc_btn3-shape-round vc_btn3-style-3d vc_btn3-icon-left vc_btn3-color-primary\" href=\"https:\/\/seh-equine.com\/fr\/contact-us\/\" title=\"\"><i class=\"vc_btn3-icon fa fa-envelope\"><\/i> Obtenir plus d'informations<\/a><\/div>\n<\/div><\/div><\/div><\/div><div class=\"vc_row wpb_row vc_row-fluid unva-dhav-dotted\"><div class=\"wpb_column vc_column_container text-default vc_col-sm-12 vc_hidden-sm vc_hidden-xs\"><div class=\"vc_column-inner\"><div class=\"wpb_wrapper\">\n\t<div  class=\"wpb_single_image wpb_content_element vc_align_left\">\n\t\t\n\t\t<figure class=\"wpb_wrapper vc_figure\">\n\t\t\t<div class=\"vc_single_image-wrapper   vc_box_border_grey\"><img width=\"568\" height=\"383\" src=\"https:\/\/seh-equine.com\/wp-content\/uploads\/2021\/04\/Screenshot-2021-04-16-at-15.18.10.png\" class=\"vc_single_image-img attachment-full\" alt=\"\" decoding=\"async\" loading=\"lazy\" srcset=\"https:\/\/seh-equine.com\/wp-content\/uploads\/2021\/04\/Screenshot-2021-04-16-at-15.18.10.png 568w, https:\/\/seh-equine.com\/wp-content\/uploads\/2021\/04\/Screenshot-2021-04-16-at-15.18.10-510x344.png 510w, https:\/\/seh-equine.com\/wp-content\/uploads\/2021\/04\/Screenshot-2021-04-16-at-15.18.10-16x12.png 16w\" sizes=\"(max-width: 568px) 100vw, 568px\" \/><\/div>\n\t\t<\/figure>\n\t<\/div>\n\n\t<div  class=\"wpb_single_image wpb_content_element vc_align_center\">\n\t\t\n\t\t<figure class=\"wpb_wrapper vc_figure\">\n\t\t\t<div class=\"vc_single_image-wrapper   vc_box_border_grey\"><img width=\"966\" height=\"608\" src=\"https:\/\/seh-equine.com\/wp-content\/uploads\/2021\/05\/Screenshot-2021-05-15-at-17.58.50.png\" class=\"vc_single_image-img attachment-full\" alt=\"\" decoding=\"async\" loading=\"lazy\" srcset=\"https:\/\/seh-equine.com\/wp-content\/uploads\/2021\/05\/Screenshot-2021-05-15-at-17.58.50.png 966w, https:\/\/seh-equine.com\/wp-content\/uploads\/2021\/05\/Screenshot-2021-05-15-at-17.58.50-510x321.png 510w, https:\/\/seh-equine.com\/wp-content\/uploads\/2021\/05\/Screenshot-2021-05-15-at-17.58.50-900x566.png 900w, https:\/\/seh-equine.com\/wp-content\/uploads\/2021\/05\/Screenshot-2021-05-15-at-17.58.50-768x483.png 768w, https:\/\/seh-equine.com\/wp-content\/uploads\/2021\/05\/Screenshot-2021-05-15-at-17.58.50-16x10.png 16w\" sizes=\"(max-width: 966px) 100vw, 966px\" \/><\/div>\n\t\t<\/figure>\n\t<\/div>\n\n\t<div class=\"wpb_video_widget wpb_content_element vc_clearfix   vc_video-aspect-ratio-169 vc_video-el-width-80 vc_video-align-left\" >\n\t\t<div class=\"wpb_wrapper\">\n\t\t\t<h2 class=\"wpb_heading wpb_video_heading\">Introducing Emir R<\/h2>\n\t\t\t<div class=\"wpb_video_wrapper\"><iframe title=\"Introducing, Emir R (Colman x Rib\u00e9ry R).  2009 KWPN, 160 showjumping stallion.\" width=\"1170\" height=\"658\" src=\"https:\/\/www.youtube.com\/embed\/_RcyGz1MYwc?feature=oembed\" frameborder=\"0\" allow=\"accelerometer; autoplay; clipboard-write; encrypted-media; gyroscope; picture-in-picture; web-share\" allowfullscreen><\/iframe><\/div>\n\t\t<\/div>\n\t<\/div>\n<\/div><\/div><\/div><\/div>","protected":false},"excerpt":{"rendered":"EMIR R COLMAN x RUBERT R Jumping Stallion: Colour: Grey Born: 2009 Studbook: KWPN (Royal Dutch Sporthorse) Available in France through S.E.H Emir R is performing well in sport and breeding. Under Rolf-G\u00f6ran Bengtsson, they have already put down quite a few fine performances, including Hagen, Amsterdam, Sommersted, De Lier and Rotterdam.\u00a0 Emir R's accomplishments[...]","protected":false},"author":2,"featured_media":2394,"parent":742,"menu_order":0,"comment_status":"closed","ping_status":"closed","template":"","meta":[],"yoast_head":"<!-- This site is optimized with the Yoast SEO plugin v19.9 - https:\/\/yoast.com\/wordpress\/plugins\/seo\/ -->\n<title>Emir R - Stallions.\u00c9talons.Hengste<\/title>\n<meta name=\"description\" content=\"EMIR RCOLMAN x RUBERT RJumping Stallion: Colour: Grey Born: 2009 Studbook: KWPN (Royal Dutch Sporthorse)Available in France through S.E.H\" \/>\n<meta name=\"robots\" content=\"index, follow, max-snippet:-1, max-image-preview:large, max-video-preview:-1\" \/>\n<link rel=\"canonical\" href=\"https:\/\/seh-equine.com\/fr\/stallions\/emir-r\/\" \/>\n<meta property=\"og:locale\" content=\"fr_FR\" \/>\n<meta property=\"og:type\" content=\"article\" \/>\n<meta property=\"og:title\" content=\"Emir R - Stallions.\u00c9talons.Hengste\" \/>\n<meta property=\"og:description\" content=\"EMIR RCOLMAN x RUBERT RJumping Stallion: Colour: Grey Born: 2009 Studbook: KWPN (Royal Dutch Sporthorse)Available in France through S.E.H\" \/>\n<meta property=\"og:url\" content=\"https:\/\/seh-equine.com\/fr\/stallions\/emir-r\/\" \/>\n<meta property=\"og:site_name\" content=\"Stallions.\u00c9talons.Hengste\" \/>\n<meta property=\"article:modified_time\" content=\"2024-02-28T18:15:33+00:00\" \/>\n<meta property=\"og:image\" content=\"https:\/\/seh-equine.com\/wp-content\/uploads\/2021\/04\/Emir-Chest.png\" \/>\n\t<meta property=\"og:image:width\" content=\"269\" \/>\n\t<meta property=\"og:image:height\" content=\"400\" \/>\n\t<meta property=\"og:image:type\" content=\"image\/png\" \/>\n<meta name=\"twitter:card\" content=\"summary_large_image\" \/>\n<meta name=\"twitter:label1\" content=\"Dur\u00e9e de lecture estim\u00e9e\" \/>\n\t<meta name=\"twitter:data1\" content=\"3 minutes\" \/>\n<script type=\"application\/ld+json\" class=\"yoast-schema-graph\">{\"@context\":\"https:\/\/schema.org\",\"@graph\":[{\"@type\":\"WebPage\",\"@id\":\"https:\/\/seh-equine.com\/stallions\/emir-r\/\",\"url\":\"https:\/\/seh-equine.com\/stallions\/emir-r\/\",\"name\":\"Emir R - Stallions.\u00c9talons.Hengste\",\"isPartOf\":{\"@id\":\"https:\/\/seh-equine.com\/#website\"},\"datePublished\":\"2021-04-16T14:19:07+00:00\",\"dateModified\":\"2024-02-28T18:15:33+00:00\",\"description\":\"EMIR RCOLMAN x RUBERT RJumping Stallion: Colour: Grey Born: 2009 Studbook: KWPN (Royal Dutch Sporthorse)Available in France through S.E.H\",\"breadcrumb\":{\"@id\":\"https:\/\/seh-equine.com\/stallions\/emir-r\/#breadcrumb\"},\"inLanguage\":\"fr-FR\",\"potentialAction\":[{\"@type\":\"ReadAction\",\"target\":[\"https:\/\/seh-equine.com\/stallions\/emir-r\/\"]}]},{\"@type\":\"BreadcrumbList\",\"@id\":\"https:\/\/seh-equine.com\/stallions\/emir-r\/#breadcrumb\",\"itemListElement\":[{\"@type\":\"ListItem\",\"position\":1,\"name\":\"Home\",\"item\":\"https:\/\/seh-equine.com\/\"},{\"@type\":\"ListItem\",\"position\":2,\"name\":\"Stallions\",\"item\":\"https:\/\/seh-equine.com\/stallions\/\"},{\"@type\":\"ListItem\",\"position\":3,\"name\":\"Emir R\"}]},{\"@type\":\"WebSite\",\"@id\":\"https:\/\/seh-equine.com\/#website\",\"url\":\"https:\/\/seh-equine.com\/\",\"name\":\"Stallions.\u00c9talons.Hengste\",\"description\":\"Equine Semen Agency\",\"publisher\":{\"@id\":\"https:\/\/seh-equine.com\/#organization\"},\"potentialAction\":[{\"@type\":\"SearchAction\",\"target\":{\"@type\":\"EntryPoint\",\"urlTemplate\":\"https:\/\/seh-equine.com\/?s={search_term_string}\"},\"query-input\":\"required name=search_term_string\"}],\"inLanguage\":\"fr-FR\"},{\"@type\":\"Organization\",\"@id\":\"https:\/\/seh-equine.com\/#organization\",\"name\":\"SEH Equine\",\"url\":\"https:\/\/seh-equine.com\/\",\"logo\":{\"@type\":\"ImageObject\",\"inLanguage\":\"fr-FR\",\"@id\":\"https:\/\/seh-equine.com\/#\/schema\/logo\/image\/\",\"url\":\"https:\/\/seh-equine.com\/wp-content\/uploads\/2020\/02\/Logo-1.png\",\"contentUrl\":\"https:\/\/seh-equine.com\/wp-content\/uploads\/2020\/02\/Logo-1.png\",\"width\":6900,\"height\":3289,\"caption\":\"SEH Equine\"},\"image\":{\"@id\":\"https:\/\/seh-equine.com\/#\/schema\/logo\/image\/\"}}]}<\/script>\n<!-- \/ Yoast SEO plugin. -->","yoast_head_json":{"title":"Emir R - Stallions.\u00c9talons.Hengste","description":"EMIR RCOLMAN x RUBERT RJumping Stallion: Colour: Grey Born: 2009 Studbook: KWPN (Royal Dutch Sporthorse)Available in France through S.E.H","robots":{"index":"index","follow":"follow","max-snippet":"max-snippet:-1","max-image-preview":"max-image-preview:large","max-video-preview":"max-video-preview:-1"},"canonical":"https:\/\/seh-equine.com\/fr\/stallions\/emir-r\/","og_locale":"fr_FR","og_type":"article","og_title":"Emir R - Stallions.\u00c9talons.Hengste","og_description":"EMIR RCOLMAN x RUBERT RJumping Stallion: Colour: Grey Born: 2009 Studbook: KWPN (Royal Dutch Sporthorse)Available in France through S.E.H","og_url":"https:\/\/seh-equine.com\/fr\/stallions\/emir-r\/","og_site_name":"Stallions.\u00c9talons.Hengste","article_modified_time":"2024-02-28T18:15:33+00:00","og_image":[{"width":269,"height":400,"url":"https:\/\/seh-equine.com\/wp-content\/uploads\/2021\/04\/Emir-Chest.png","type":"image\/png"}],"twitter_card":"summary_large_image","twitter_misc":{"Dur\u00e9e de lecture estim\u00e9e":"3 minutes"},"schema":{"@context":"https:\/\/schema.org","@graph":[{"@type":"WebPage","@id":"https:\/\/seh-equine.com\/stallions\/emir-r\/","url":"https:\/\/seh-equine.com\/stallions\/emir-r\/","name":"Emir R - Stallions.\u00c9talons.Hengste","isPartOf":{"@id":"https:\/\/seh-equine.com\/#website"},"datePublished":"2021-04-16T14:19:07+00:00","dateModified":"2024-02-28T18:15:33+00:00","description":"EMIR RCOLMAN x RUBERT RJumping Stallion: Colour: Grey Born: 2009 Studbook: KWPN (Royal Dutch Sporthorse)Available in France through S.E.H","breadcrumb":{"@id":"https:\/\/seh-equine.com\/stallions\/emir-r\/#breadcrumb"},"inLanguage":"fr-FR","potentialAction":[{"@type":"ReadAction","target":["https:\/\/seh-equine.com\/stallions\/emir-r\/"]}]},{"@type":"BreadcrumbList","@id":"https:\/\/seh-equine.com\/stallions\/emir-r\/#breadcrumb","itemListElement":[{"@type":"ListItem","position":1,"name":"Home","item":"https:\/\/seh-equine.com\/"},{"@type":"ListItem","position":2,"name":"Stallions","item":"https:\/\/seh-equine.com\/stallions\/"},{"@type":"ListItem","position":3,"name":"Emir R"}]},{"@type":"WebSite","@id":"https:\/\/seh-equine.com\/#website","url":"https:\/\/seh-equine.com\/","name":"Stallions.\u00c9talons.Hengste","description":"Equine Semen Agency","publisher":{"@id":"https:\/\/seh-equine.com\/#organization"},"potentialAction":[{"@type":"SearchAction","target":{"@type":"EntryPoint","urlTemplate":"https:\/\/seh-equine.com\/?s={search_term_string}"},"query-input":"required name=search_term_string"}],"inLanguage":"fr-FR"},{"@type":"Organization","@id":"https:\/\/seh-equine.com\/#organization","name":"SEH Equine","url":"https:\/\/seh-equine.com\/","logo":{"@type":"ImageObject","inLanguage":"fr-FR","@id":"https:\/\/seh-equine.com\/#\/schema\/logo\/image\/","url":"https:\/\/seh-equine.com\/wp-content\/uploads\/2020\/02\/Logo-1.png","contentUrl":"https:\/\/seh-equine.com\/wp-content\/uploads\/2020\/02\/Logo-1.png","width":6900,"height":3289,"caption":"SEH Equine"},"image":{"@id":"https:\/\/seh-equine.com\/#\/schema\/logo\/image\/"}}]}},"_links":{"self":[{"href":"https:\/\/seh-equine.com\/fr\/wp-json\/wp\/v2\/pages\/2322"}],"collection":[{"href":"https:\/\/seh-equine.com\/fr\/wp-json\/wp\/v2\/pages"}],"about":[{"href":"https:\/\/seh-equine.com\/fr\/wp-json\/wp\/v2\/types\/page"}],"author":[{"embeddable":true,"href":"https:\/\/seh-equine.com\/fr\/wp-json\/wp\/v2\/users\/2"}],"replies":[{"embeddable":true,"href":"https:\/\/seh-equine.com\/fr\/wp-json\/wp\/v2\/comments?post=2322"}],"version-history":[{"count":7,"href":"https:\/\/seh-equine.com\/fr\/wp-json\/wp\/v2\/pages\/2322\/revisions"}],"predecessor-version":[{"id":3041,"href":"https:\/\/seh-equine.com\/fr\/wp-json\/wp\/v2\/pages\/2322\/revisions\/3041"}],"up":[{"embeddable":true,"href":"https:\/\/seh-equine.com\/fr\/wp-json\/wp\/v2\/pages\/742"}],"wp:featuredmedia":[{"embeddable":true,"href":"https:\/\/seh-equine.com\/fr\/wp-json\/wp\/v2\/media\/2394"}],"wp:attachment":[{"href":"https:\/\/seh-equine.com\/fr\/wp-json\/wp\/v2\/media?parent=2322"}],"curies":[{"name":"wp","href":"https:\/\/api.w.org\/{rel}","templated":true}]}}