{"id":2278,"date":"2021-03-09T20:33:18","date_gmt":"2021-03-09T20:33:18","guid":{"rendered":"https:\/\/seh-equine.com\/?page_id=2278"},"modified":"2021-04-23T18:03:07","modified_gmt":"2021-04-23T18:03:07","slug":"newton-e","status":"publish","type":"page","link":"https:\/\/seh-equine.com\/fr\/stallions\/newton-e\/","title":{"rendered":"Newton E"},"content":{"rendered":"<div class=\"vc_row wpb_row vc_row-fluid unva-dhav-dotted\"><div class=\"wpb_column vc_column_container text-default vc_col-sm-12 vc_hidden-lg\"><div class=\"vc_column-inner vc_custom_1615230389856\"><div class=\"wpb_wrapper\">\n\t<div  class=\"wpb_single_image wpb_content_element vc_align_left\">\n\t\t\n\t\t<figure class=\"wpb_wrapper vc_figure\">\n\t\t\t<div class=\"vc_single_image-wrapper   vc_box_border_grey\"><img width=\"821\" height=\"548\" src=\"https:\/\/seh-equine.com\/wp-content\/uploads\/2021\/03\/AV1I3916.jpg\" class=\"vc_single_image-img attachment-full\" alt=\"\" decoding=\"async\" loading=\"lazy\" srcset=\"https:\/\/seh-equine.com\/wp-content\/uploads\/2021\/03\/AV1I3916.jpg 821w, https:\/\/seh-equine.com\/wp-content\/uploads\/2021\/03\/AV1I3916-510x340.jpg 510w, https:\/\/seh-equine.com\/wp-content\/uploads\/2021\/03\/AV1I3916-768x513.jpg 768w, https:\/\/seh-equine.com\/wp-content\/uploads\/2021\/03\/AV1I3916-16x12.jpg 16w\" sizes=\"(max-width: 821px) 100vw, 821px\" \/><\/div>\n\t\t<\/figure>\n\t<\/div>\n<\/div><\/div><\/div><\/div><div class=\"vc_row wpb_row vc_row-fluid unva-dhav-dotted vc_custom_1580499027528 vc_column-gap-10\"><div class=\"wpb_column vc_column_container text-default vc_col-sm-8\"><div class=\"vc_column-inner\"><div class=\"wpb_wrapper\">\n\t<div class=\"wpb_text_column wpb_content_element\" >\n\t\t<div class=\"wpb_wrapper\">\n\t\t\t<h1>Newton E<\/h1>\n<p><em><span style=\"font-weight: 400;\">TOULON x HINAULT x Ramiro Z<\/span><\/em><\/p>\n<p>&nbsp;<\/p>\n<p>2018\u00a0 bay stallion. 1.68m, licensed KWPN<\/p>\n<p><strong>Disponible en France par l\u2019interm\u00e9diaire de S.E.H<\/strong><\/p>\n\n\t\t<\/div>\n\t<\/div>\n<div class=\"vc_separator wpb_content_element vc_separator_align_center vc_sep_width_100 vc_sep_dashed vc_sep_border_width_2 vc_sep_pos_align_center vc_separator_no_text vc_sep_color_grey\" ><span class=\"vc_sep_holder vc_sep_holder_l\"><span  class=\"vc_sep_line\"><\/span><\/span><span class=\"vc_sep_holder vc_sep_holder_r\"><span  class=\"vc_sep_line\"><\/span><\/span>\n<\/div>\n\t<div class=\"wpb_text_column wpb_content_element\" >\n\t\t<div class=\"wpb_wrapper\">\n\t\t\t<p><span style=\"font-weight: 400;\">S\u00e9lectionn\u00e9 pour le test de performance 2021 du KWPN<\/span><\/p>\n<p><span style=\"font-weight: 400;\">Newton E est un fils de l\u2019exceptionnel Toulon, \u00e9talon de tout premier plan qui s\u2019est illustr\u00e9 au plus haut niveau sous la selle de trois cavaliers diff\u00e9rents, avec de nombreux classements dans les Coupes du monde et les \u00e9tapes du Global Champions Tour.<\/span><\/p>\n<p><span style=\"font-weight: 400;\">La m\u00e8re Tirmette est une fille de Hinault, le fils de Narcos II, qui est connu pour ses bonnes qualit\u00e9s de sauteur et qui est longiligne, ce qu'il transmet certainement \u00e0 sa prog\u00e9niture.<\/span><\/p>\n<p><span style=\"font-weight: 400;\">Grandam Nirmette is a mare with a great record of service. Under Markus Fuchs she competed at 1.60 level and booked many great successes. In 2007 Fuchs and Nirmette won four Grand Prix in a few weeks time: Sankt Gallen, Z\u00fcrich, Hamburg and Mannheim. Because of these successes, Nirmette was nominated for the election Horse of the Year 2007.<\/span><\/p>\n<p><span style=\"font-weight: 400;\">Nirmette, descendante de la lign\u00e9e Balia, a fait ses preuves dans l'\u00e9levage. Son fils U2 (par le Calvados) a termin\u00e9 quinzi\u00e8me aux championnats du monde des jeunes cavaliers d'obstacles \u00e0 Lanaken en 2008.<\/span><\/p>\n<p><span style=\"font-weight: 400;\">\u00c9lev\u00e9 par la famille P. van Eijk \u00e0 Bakkeveen.<\/span><\/p>\n\n\t\t<\/div>\n\t<\/div>\n<\/div><\/div><\/div><div class=\"wpb_column vc_column_container text-default vc_col-sm-4 vc_col-has-fill\"><div class=\"vc_column-inner vc_custom_1609769338301\"><div class=\"wpb_wrapper\">\n\t<div  class=\"wpb_single_image wpb_content_element vc_align_center\">\n\t\t\n\t\t<figure class=\"wpb_wrapper vc_figure\">\n\t\t\t<div class=\"vc_single_image-wrapper vc_box_shadow  vc_box_border_grey\"><img width=\"960\" height=\"626\" src=\"https:\/\/seh-equine.com\/wp-content\/uploads\/2021\/03\/145931140_1675731722603731_2434442223100652261_n-1.jpg\" class=\"vc_single_image-img attachment-full\" alt=\"\" decoding=\"async\" loading=\"lazy\" srcset=\"https:\/\/seh-equine.com\/wp-content\/uploads\/2021\/03\/145931140_1675731722603731_2434442223100652261_n-1.jpg 960w, https:\/\/seh-equine.com\/wp-content\/uploads\/2021\/03\/145931140_1675731722603731_2434442223100652261_n-1-510x333.jpg 510w, https:\/\/seh-equine.com\/wp-content\/uploads\/2021\/03\/145931140_1675731722603731_2434442223100652261_n-1-900x587.jpg 900w, https:\/\/seh-equine.com\/wp-content\/uploads\/2021\/03\/145931140_1675731722603731_2434442223100652261_n-1-768x501.jpg 768w, https:\/\/seh-equine.com\/wp-content\/uploads\/2021\/03\/145931140_1675731722603731_2434442223100652261_n-1-16x10.jpg 16w\" sizes=\"(max-width: 960px) 100vw, 960px\" \/><\/div>\n\t\t<\/figure>\n\t<\/div>\n\n\t<div class=\"wpb_text_column wpb_content_element\" >\n\t\t<div class=\"wpb_wrapper\">\n\t\t\t<h3 style=\"font-weight: 400;\"><strong>Newton E stud fee &#8211; Chilled Semen direct from Stal Brouwer, Holland<\/strong><\/h3>\n<p style=\"font-weight: 400;\" class=\"translation-block\">750 \u20ac plus frais d'exp\u00e9dition - Paiement int\u00e9gral \u00e0 la commande plus frais d'exp\u00e9dition<\/p>\n<p>\u00a0<\/p>\n\n\t\t<\/div>\n\t<\/div>\n<div class=\"vc_btn3-container vc_btn3-center\" >\n\t<a class=\"vc_general vc_btn3 vc_btn3-size-lg vc_btn3-shape-round vc_btn3-style-3d vc_btn3-icon-left vc_btn3-color-primary\" href=\"https:\/\/seh-equine.com\/fr\/contact-us\/\" title=\"\"><i class=\"vc_btn3-icon fa fa-envelope\"><\/i> Obtenir plus d'informations<\/a><\/div>\n<\/div><\/div><\/div><\/div><div class=\"vc_row wpb_row vc_row-fluid unva-dhav-dotted\"><div class=\"wpb_column vc_column_container text-default vc_col-sm-12 vc_hidden-sm vc_hidden-xs\"><div class=\"vc_column-inner\"><div class=\"wpb_wrapper\">\n\t<div  class=\"wpb_single_image wpb_content_element vc_align_center\">\n\t\t\n\t\t<figure class=\"wpb_wrapper vc_figure\">\n\t\t\t<div class=\"vc_single_image-wrapper   vc_box_border_grey\"><img width=\"821\" height=\"548\" src=\"https:\/\/seh-equine.com\/wp-content\/uploads\/2021\/03\/AV1I3916.jpg\" class=\"vc_single_image-img attachment-full\" alt=\"\" decoding=\"async\" loading=\"lazy\" srcset=\"https:\/\/seh-equine.com\/wp-content\/uploads\/2021\/03\/AV1I3916.jpg 821w, https:\/\/seh-equine.com\/wp-content\/uploads\/2021\/03\/AV1I3916-510x340.jpg 510w, https:\/\/seh-equine.com\/wp-content\/uploads\/2021\/03\/AV1I3916-768x513.jpg 768w, https:\/\/seh-equine.com\/wp-content\/uploads\/2021\/03\/AV1I3916-16x12.jpg 16w\" sizes=\"(max-width: 821px) 100vw, 821px\" \/><\/div>\n\t\t<\/figure>\n\t<\/div>\n<\/div><\/div><\/div><\/div>","protected":false},"excerpt":{"rendered":"Newton E TOULON x HINAULT x Ramiro Z &nbsp; 2018\u00a0 bay stallion. 1.68m, licensed KWPN Available in France through S.E.H Selected for the KWPN performance test 2021 Newton E, son of top-class stallion Toulon who performed at the highest level under three different riders and achieved many high placings in countless World Cups and Global[...]","protected":false},"author":2,"featured_media":0,"parent":742,"menu_order":0,"comment_status":"closed","ping_status":"closed","template":"","meta":[],"yoast_head":"<!-- This site is optimized with the Yoast SEO plugin v19.9 - https:\/\/yoast.com\/wordpress\/plugins\/seo\/ -->\n<title>Newton E - Stallions.\u00c9talons.Hengste<\/title>\n<meta name=\"robots\" content=\"index, follow, max-snippet:-1, max-image-preview:large, max-video-preview:-1\" \/>\n<link rel=\"canonical\" href=\"https:\/\/seh-equine.com\/fr\/stallions\/newton-e\/\" \/>\n<meta property=\"og:locale\" content=\"fr_FR\" \/>\n<meta property=\"og:type\" content=\"article\" \/>\n<meta property=\"og:title\" content=\"Newton E - Stallions.\u00c9talons.Hengste\" \/>\n<meta property=\"og:url\" content=\"https:\/\/seh-equine.com\/fr\/stallions\/newton-e\/\" \/>\n<meta property=\"og:site_name\" content=\"Stallions.\u00c9talons.Hengste\" \/>\n<meta property=\"article:modified_time\" content=\"2021-04-23T18:03:07+00:00\" \/>\n<meta name=\"twitter:card\" content=\"summary_large_image\" \/>\n<meta name=\"twitter:label1\" content=\"Dur\u00e9e de lecture estim\u00e9e\" \/>\n\t<meta name=\"twitter:data1\" content=\"2 minutes\" \/>\n<script type=\"application\/ld+json\" class=\"yoast-schema-graph\">{\"@context\":\"https:\/\/schema.org\",\"@graph\":[{\"@type\":\"WebPage\",\"@id\":\"https:\/\/seh-equine.com\/stallions\/newton-e\/\",\"url\":\"https:\/\/seh-equine.com\/stallions\/newton-e\/\",\"name\":\"Newton E - Stallions.\u00c9talons.Hengste\",\"isPartOf\":{\"@id\":\"https:\/\/seh-equine.com\/#website\"},\"datePublished\":\"2021-03-09T20:33:18+00:00\",\"dateModified\":\"2021-04-23T18:03:07+00:00\",\"breadcrumb\":{\"@id\":\"https:\/\/seh-equine.com\/stallions\/newton-e\/#breadcrumb\"},\"inLanguage\":\"fr-FR\",\"potentialAction\":[{\"@type\":\"ReadAction\",\"target\":[\"https:\/\/seh-equine.com\/stallions\/newton-e\/\"]}]},{\"@type\":\"BreadcrumbList\",\"@id\":\"https:\/\/seh-equine.com\/stallions\/newton-e\/#breadcrumb\",\"itemListElement\":[{\"@type\":\"ListItem\",\"position\":1,\"name\":\"Home\",\"item\":\"https:\/\/seh-equine.com\/\"},{\"@type\":\"ListItem\",\"position\":2,\"name\":\"Stallions\",\"item\":\"https:\/\/seh-equine.com\/stallions\/\"},{\"@type\":\"ListItem\",\"position\":3,\"name\":\"Newton E\"}]},{\"@type\":\"WebSite\",\"@id\":\"https:\/\/seh-equine.com\/#website\",\"url\":\"https:\/\/seh-equine.com\/\",\"name\":\"Stallions.\u00c9talons.Hengste\",\"description\":\"Equine Semen Agency\",\"publisher\":{\"@id\":\"https:\/\/seh-equine.com\/#organization\"},\"potentialAction\":[{\"@type\":\"SearchAction\",\"target\":{\"@type\":\"EntryPoint\",\"urlTemplate\":\"https:\/\/seh-equine.com\/?s={search_term_string}\"},\"query-input\":\"required name=search_term_string\"}],\"inLanguage\":\"fr-FR\"},{\"@type\":\"Organization\",\"@id\":\"https:\/\/seh-equine.com\/#organization\",\"name\":\"SEH Equine\",\"url\":\"https:\/\/seh-equine.com\/\",\"logo\":{\"@type\":\"ImageObject\",\"inLanguage\":\"fr-FR\",\"@id\":\"https:\/\/seh-equine.com\/#\/schema\/logo\/image\/\",\"url\":\"https:\/\/seh-equine.com\/wp-content\/uploads\/2020\/02\/Logo-1.png\",\"contentUrl\":\"https:\/\/seh-equine.com\/wp-content\/uploads\/2020\/02\/Logo-1.png\",\"width\":6900,\"height\":3289,\"caption\":\"SEH Equine\"},\"image\":{\"@id\":\"https:\/\/seh-equine.com\/#\/schema\/logo\/image\/\"}}]}<\/script>\n<!-- \/ Yoast SEO plugin. -->","yoast_head_json":{"title":"Newton E - Stallions.\u00c9talons.Hengste","robots":{"index":"index","follow":"follow","max-snippet":"max-snippet:-1","max-image-preview":"max-image-preview:large","max-video-preview":"max-video-preview:-1"},"canonical":"https:\/\/seh-equine.com\/fr\/stallions\/newton-e\/","og_locale":"fr_FR","og_type":"article","og_title":"Newton E - Stallions.\u00c9talons.Hengste","og_url":"https:\/\/seh-equine.com\/fr\/stallions\/newton-e\/","og_site_name":"Stallions.\u00c9talons.Hengste","article_modified_time":"2021-04-23T18:03:07+00:00","twitter_card":"summary_large_image","twitter_misc":{"Dur\u00e9e de lecture estim\u00e9e":"2 minutes"},"schema":{"@context":"https:\/\/schema.org","@graph":[{"@type":"WebPage","@id":"https:\/\/seh-equine.com\/stallions\/newton-e\/","url":"https:\/\/seh-equine.com\/stallions\/newton-e\/","name":"Newton E - Stallions.\u00c9talons.Hengste","isPartOf":{"@id":"https:\/\/seh-equine.com\/#website"},"datePublished":"2021-03-09T20:33:18+00:00","dateModified":"2021-04-23T18:03:07+00:00","breadcrumb":{"@id":"https:\/\/seh-equine.com\/stallions\/newton-e\/#breadcrumb"},"inLanguage":"fr-FR","potentialAction":[{"@type":"ReadAction","target":["https:\/\/seh-equine.com\/stallions\/newton-e\/"]}]},{"@type":"BreadcrumbList","@id":"https:\/\/seh-equine.com\/stallions\/newton-e\/#breadcrumb","itemListElement":[{"@type":"ListItem","position":1,"name":"Home","item":"https:\/\/seh-equine.com\/"},{"@type":"ListItem","position":2,"name":"Stallions","item":"https:\/\/seh-equine.com\/stallions\/"},{"@type":"ListItem","position":3,"name":"Newton E"}]},{"@type":"WebSite","@id":"https:\/\/seh-equine.com\/#website","url":"https:\/\/seh-equine.com\/","name":"Stallions.\u00c9talons.Hengste","description":"Equine Semen Agency","publisher":{"@id":"https:\/\/seh-equine.com\/#organization"},"potentialAction":[{"@type":"SearchAction","target":{"@type":"EntryPoint","urlTemplate":"https:\/\/seh-equine.com\/?s={search_term_string}"},"query-input":"required name=search_term_string"}],"inLanguage":"fr-FR"},{"@type":"Organization","@id":"https:\/\/seh-equine.com\/#organization","name":"SEH Equine","url":"https:\/\/seh-equine.com\/","logo":{"@type":"ImageObject","inLanguage":"fr-FR","@id":"https:\/\/seh-equine.com\/#\/schema\/logo\/image\/","url":"https:\/\/seh-equine.com\/wp-content\/uploads\/2020\/02\/Logo-1.png","contentUrl":"https:\/\/seh-equine.com\/wp-content\/uploads\/2020\/02\/Logo-1.png","width":6900,"height":3289,"caption":"SEH Equine"},"image":{"@id":"https:\/\/seh-equine.com\/#\/schema\/logo\/image\/"}}]}},"_links":{"self":[{"href":"https:\/\/seh-equine.com\/fr\/wp-json\/wp\/v2\/pages\/2278"}],"collection":[{"href":"https:\/\/seh-equine.com\/fr\/wp-json\/wp\/v2\/pages"}],"about":[{"href":"https:\/\/seh-equine.com\/fr\/wp-json\/wp\/v2\/types\/page"}],"author":[{"embeddable":true,"href":"https:\/\/seh-equine.com\/fr\/wp-json\/wp\/v2\/users\/2"}],"replies":[{"embeddable":true,"href":"https:\/\/seh-equine.com\/fr\/wp-json\/wp\/v2\/comments?post=2278"}],"version-history":[{"count":7,"href":"https:\/\/seh-equine.com\/fr\/wp-json\/wp\/v2\/pages\/2278\/revisions"}],"predecessor-version":[{"id":2381,"href":"https:\/\/seh-equine.com\/fr\/wp-json\/wp\/v2\/pages\/2278\/revisions\/2381"}],"up":[{"embeddable":true,"href":"https:\/\/seh-equine.com\/fr\/wp-json\/wp\/v2\/pages\/742"}],"wp:attachment":[{"href":"https:\/\/seh-equine.com\/fr\/wp-json\/wp\/v2\/media?parent=2278"}],"curies":[{"name":"wp","href":"https:\/\/api.w.org\/{rel}","templated":true}]}}