{"id":2272,"date":"2021-03-09T10:27:08","date_gmt":"2021-03-09T10:27:08","guid":{"rendered":"https:\/\/seh-equine.com\/?page_id=2272"},"modified":"2021-04-23T18:11:16","modified_gmt":"2021-04-23T18:11:16","slug":"namelus-r","status":"publish","type":"page","link":"https:\/\/seh-equine.com\/fr\/stallions\/namelus-r\/","title":{"rendered":"Namelus R"},"content":{"rendered":"<div class=\"vc_row wpb_row vc_row-fluid unva-dhav-dotted\"><div class=\"wpb_column vc_column_container text-default vc_col-sm-12 vc_hidden-lg\"><div class=\"vc_column-inner vc_custom_1615230389856\"><div class=\"wpb_wrapper\">\n\t<div  class=\"wpb_single_image wpb_content_element vc_align_left\">\n\t\t\n\t\t<figure class=\"wpb_wrapper vc_figure\">\n\t\t\t<div class=\"vc_single_image-wrapper   vc_box_border_grey\"><img width=\"1016\" height=\"678\" src=\"https:\/\/seh-equine.com\/wp-content\/uploads\/2021\/03\/AV1I2851.jpg\" class=\"vc_single_image-img attachment-full\" alt=\"\" decoding=\"async\" loading=\"lazy\" srcset=\"https:\/\/seh-equine.com\/wp-content\/uploads\/2021\/03\/AV1I2851.jpg 1016w, https:\/\/seh-equine.com\/wp-content\/uploads\/2021\/03\/AV1I2851-510x340.jpg 510w, https:\/\/seh-equine.com\/wp-content\/uploads\/2021\/03\/AV1I2851-900x601.jpg 900w, https:\/\/seh-equine.com\/wp-content\/uploads\/2021\/03\/AV1I2851-768x513.jpg 768w, https:\/\/seh-equine.com\/wp-content\/uploads\/2021\/03\/AV1I2851-16x12.jpg 16w\" sizes=\"(max-width: 1016px) 100vw, 1016px\" \/><\/div>\n\t\t<\/figure>\n\t<\/div>\n<\/div><\/div><\/div><\/div><div class=\"vc_row wpb_row vc_row-fluid unva-dhav-dotted vc_custom_1580499027528 vc_column-gap-10\"><div class=\"wpb_column vc_column_container text-default vc_col-sm-8\"><div class=\"vc_column-inner\"><div class=\"wpb_wrapper\">\n\t<div class=\"wpb_text_column wpb_content_element\" >\n\t\t<div class=\"wpb_wrapper\">\n\t\t\t<h1>Namelus R<\/h1>\n<p><em><span style=\"font-weight: 400;\">CONCORDE x JOOST<\/span><\/em><\/p>\n<ul>\n<li><em><span style=\"font-weight: 400;\">\u00a0<\/span><span style=\"font-weight: 400;\">Born: 1995. 1.69 cm<\/span><\/em><\/li>\n<li><em><span style=\"font-weight: 400;\">Studbook : KWPN (cheval de sport royal n\u00e9erlandais)<\/span><\/em><\/li>\n<li><em><span style=\"font-weight: 400;\">\u00c9talon agr\u00e9\u00e9 olympique! | Namelus R pref ... qualit\u00e9, attitude, facilit\u00e9 de conduite.\u00a0<\/span><span style=\"font-weight: 400;\">Namelus R pref &#8230;quality, attitude, rideability.<\/span><\/em><\/li>\n<li><em><span style=\"font-weight: 400;\">KWPN, Holst, Old, SF, Z (famille d'\u00e9levage 154)<\/span><\/em><\/li>\n<li>WFFS &#8211; Negative<\/li>\n<\/ul>\n<p>&nbsp;<\/p>\n<p>&nbsp;<\/p>\n<p><strong>Disponible en France par l\u2019interm\u00e9diaire de S.E.H<\/strong><\/p>\n\n\t\t<\/div>\n\t<\/div>\n<div class=\"vc_separator wpb_content_element vc_separator_align_center vc_sep_width_100 vc_sep_dashed vc_sep_border_width_2 vc_sep_pos_align_center vc_separator_no_text vc_sep_color_grey\" ><span class=\"vc_sep_holder vc_sep_holder_l\"><span  class=\"vc_sep_line\"><\/span><\/span><span class=\"vc_sep_holder vc_sep_holder_r\"><span  class=\"vc_sep_line\"><\/span><\/span>\n<\/div>\n\t<div class=\"wpb_text_column wpb_content_element\" >\n\t\t<div class=\"wpb_wrapper\">\n\t\t\t<p><span style=\"font-weight: 400;\">Apr\u00e8s avoir remport\u00e9 le championnat de r\u00e9serve aux approbations des \u00e9talons en 1998, Namelus R est devenu un p\u00e8re tr\u00e8s prometteur. Il est \u00e0 la hauteur de ses grandes esp\u00e9rances.<\/span><\/p>\n<p><span style=\"font-weight: 400;\">Namelus R ranks very high on the KWPN jumping index (152). He passes on a lot of blood and charisma to his offspring. He also produces modern, light-footed horses with good necks and athletic, long-lined models. Namelus R produces show jumpers with lots of quality and a fantastic attitude and rideability.<\/span><\/p>\n<p><span style=\"font-weight: 400;\">No description can really do justice to the inheritance power of the preferent stallion Namelus R. His inheritance qualities are unprecedented. Power, strong backs and fine characters ensure that Namelus R offspring always speak out in the jumping ring.<\/span><\/p>\n<p><span style=\"font-weight: 400;\">Namelus R has a pedigree that will make any jumper&#8217;s mouth water. Sire Concorde was already a legend in his own right due to his successes in show jumping and breeding. He remained in perfect health until a very old age and passed away shortly after his 30th birthday in 2014.<\/span><\/p>\n<p><span style=\"font-weight: 400;\">Namelus R&#8217;s dam line contains the &#8216;Golden Cross&#8217; Joost x Abgar xx; the combination that put Stal Roelofs on the map of showjumping horse breeding. The suffix R confirms, of course, that Namelus R was also born at this renowned stud.<\/span><\/p>\n<p><span style=\"font-weight: 400;\">Unfortunately, Namelus R himself was only active in the show jumping sport at 1.30 level until he was six years old. An injury stood in the way of a further top sport career. This meant, however, that Namelus R could be fully used for breeding and not without success.<\/span><\/p>\n<p><span style=\"font-weight: 400;\">In the meantime, Namelus R has sired ten licensed stallions, including Tolan R, Arthos R, and Dexter R, who are KWPN-approved. By way of Bodinus, Fire, Gullit HBC, Idextro, and Zazou, Namelus R&#8217;s influence as a grandsire within the KWPN is now considerable.<\/span><\/p>\n<p><span style=\"font-weight: 400;\">Thanks to Nintender, Baldev, Vegas 55, New Cuba Libre, Diodati &#8216;d Kri Kri, Gamelus R, and H.Amelusiena, the Namelus R blood is also well represented in foreign breeding.<\/span><\/p>\n<p><span style=\"font-weight: 400;\">The most important thing, however, is the sporting achievements of Namelus R offspring. In the meantime, no fewer than 24 direct offspring have competed at the 1.60m level, including the aforementioned Arthos R under the American Kasey Ament, Cadalora P and Triple X III under the Canadian Tiffany Foster, and Captain Cooper under Leon and Sanne Thijssen. An additional 54 offspring have performed internationally at the 1.40-1.55 level.<\/span><\/p>\n<p><span style=\"font-weight: 400;\">Namelus R sires many black\/black bay horses and no chestnuts.<\/span><\/p>\n<p><span style=\"font-weight: 400;\">Apr\u00e8s avoir remport\u00e9 le championnat de r\u00e9serve aux approbations des \u00e9talons en 1998, Namelus R est devenu un p\u00e8re tr\u00e8s prometteur. Il est \u00e0 la hauteur de ses grandes esp\u00e9rances.<\/span><\/p>\n<p><span style=\"font-weight: 400;\">Namelus R ranks very high on the KWPN jumping index (152). He passes on a lot of blood and charisma to his offspring. He also produces modern, light-footed horses with good necks and athletic, long-lined models. Namelus R produces show jumpers with lots of quality and a fantastic attitude and rideability.<\/span><\/p>\n<p><span style=\"font-weight: 400;\">No description can really do justice to the inheritance power of the preferent stallion Namelus R. His inheritance qualities are unprecedented. Power, strong backs and fine characters ensure that Namelus R offspring always speak out in the jumping ring.<\/span><\/p>\n<p><span style=\"font-weight: 400;\">Namelus R has a pedigree that will make any jumper&#8217;s mouth water. Sire Concorde was already a legend in his own right due to his successes in show jumping and breeding. He remained in perfect health until a very old age and passed away shortly after his 30th birthday in 2014.<\/span><\/p>\n<p><span style=\"font-weight: 400;\">Namelus R&#8217;s dam line contains the &#8216;Golden Cross&#8217; Joost x Abgar xx; the combination that put Stal Roelofs on the map of showjumping horse breeding. The suffix R confirms, of course, that Namelus R was also born at this renowned stud.<\/span><\/p>\n<p><span style=\"font-weight: 400;\">Unfortunately, Namelus R himself was only active in the show jumping sport at 1.30 level until he was six years old. An injury stood in the way of a further top sport career. This meant, however, that Namelus R could be fully used for breeding and not without success.<\/span><\/p>\n<p><span style=\"font-weight: 400;\">In the meantime, Namelus R has sired ten licensed stallions, including Tolan R, Arthos R, and Dexter R, who are KWPN-approved. By way of Bodinus, Fire, Gullit HBC, Idextro, and Zazou, Namelus R&#8217;s influence as a grandsire within the KWPN is now considerable.<\/span><\/p>\n<p><span style=\"font-weight: 400;\">Thanks to Nintender, Baldev, Vegas 55, New Cuba Libre, Diodati &#8216;d Kri Kri, Gamelus R, and H.Amelusiena, the Namelus R blood is also well represented in foreign breeding.<\/span><\/p>\n<p><span style=\"font-weight: 400;\">The most important thing, however, is the sporting achievements of Namelus R offspring. In the meantime, no fewer than 24 direct offspring have competed at the 1.60m level, including the aforementioned Arthos R under the American Kasey Ament, Cadalora P and Triple X III under the Canadian Tiffany Foster, and Captain Cooper under Leon and Sanne Thijssen. An additional 54 offspring have performed internationally at the 1.40-1.55 level.<\/span><\/p>\n<p><span style=\"font-weight: 400;\">Namelus R sires many black\/black bay horses and no chestnuts.<\/span><\/p>\n\n\t\t<\/div>\n\t<\/div>\n<\/div><\/div><\/div><div class=\"wpb_column vc_column_container text-default vc_col-sm-4 vc_col-has-fill\"><div class=\"vc_column-inner vc_custom_1609769338301\"><div class=\"wpb_wrapper\">\n\t<div  class=\"wpb_single_image wpb_content_element vc_align_center\">\n\t\t\n\t\t<figure class=\"wpb_wrapper vc_figure\">\n\t\t\t<div class=\"vc_single_image-wrapper vc_box_shadow  vc_box_border_grey\"><img width=\"578\" height=\"694\" src=\"https:\/\/seh-equine.com\/wp-content\/uploads\/2021\/04\/Namelus-R-2.jpg\" class=\"vc_single_image-img attachment-full\" alt=\"\" decoding=\"async\" loading=\"lazy\" srcset=\"https:\/\/seh-equine.com\/wp-content\/uploads\/2021\/04\/Namelus-R-2.jpg 578w, https:\/\/seh-equine.com\/wp-content\/uploads\/2021\/04\/Namelus-R-2-425x510.jpg 425w, https:\/\/seh-equine.com\/wp-content\/uploads\/2021\/04\/Namelus-R-2-10x12.jpg 10w\" sizes=\"(max-width: 578px) 100vw, 578px\" \/><\/div>\n\t\t<\/figure>\n\t<\/div>\n\n\t<div class=\"wpb_text_column wpb_content_element\" >\n\t\t<div class=\"wpb_wrapper\">\n\t\t\t<h3 style=\"font-weight: 400;\"><strong>Namelus R stud fee &#8211; Frozen<\/strong><\/h3>\n<p style=\"font-weight: 400;\"><strong>Frais d'\u00e9curie : \u20ac 2000,- (frais fixes \u20ac 250,- + en cas de gestation \u20ac 1.750,-)<\/strong><\/p>\n\n\t\t<\/div>\n\t<\/div>\n<div class=\"vc_btn3-container vc_btn3-center\" >\n\t<a class=\"vc_general vc_btn3 vc_btn3-size-lg vc_btn3-shape-round vc_btn3-style-3d vc_btn3-icon-left vc_btn3-color-primary\" href=\"https:\/\/seh-equine.com\/fr\/contact-us\/\" title=\"\"><i class=\"vc_btn3-icon fa fa-envelope\"><\/i> Obtenir plus d'informations<\/a><\/div>\n<\/div><\/div><\/div><\/div><div class=\"vc_row wpb_row vc_row-fluid unva-dhav-dotted\"><div class=\"wpb_column vc_column_container text-default vc_col-sm-12 vc_hidden-sm vc_hidden-xs\"><div class=\"vc_column-inner\"><div class=\"wpb_wrapper\">\n\t<div  class=\"wpb_single_image wpb_content_element vc_align_center\">\n\t\t\n\t\t<figure class=\"wpb_wrapper vc_figure\">\n\t\t\t<div class=\"vc_single_image-wrapper   vc_box_border_grey\"><img width=\"300\" height=\"194\" src=\"https:\/\/seh-equine.com\/wp-content\/uploads\/2021\/03\/3_Namelus_R_thumb.jpg\" class=\"vc_single_image-img attachment-full\" alt=\"\" decoding=\"async\" loading=\"lazy\" srcset=\"https:\/\/seh-equine.com\/wp-content\/uploads\/2021\/03\/3_Namelus_R_thumb.jpg 300w, https:\/\/seh-equine.com\/wp-content\/uploads\/2021\/03\/3_Namelus_R_thumb-16x10.jpg 16w\" sizes=\"(max-width: 300px) 100vw, 300px\" \/><\/div>\n\t\t<\/figure>\n\t<\/div>\n<\/div><\/div><\/div><\/div>","protected":false},"excerpt":{"rendered":"Namelus R CONCORDE x JOOST \u00a0Born: 1995. 1.69 cm Studbook: KWPN (Royal Dutch Sporthorse) Olympic certified sire! |\u00a0Namelus R pref ...quality, attitude, rideability. KWPN, Holstein, Old, SF, Z WFFS - Negative &nbsp; &nbsp; Available in France through S.E.H After winning the Reserve-Championship at the Stallion approvals in 1998 Namelus R developed into a great promise.[...]","protected":false},"author":2,"featured_media":0,"parent":742,"menu_order":0,"comment_status":"closed","ping_status":"closed","template":"","meta":[],"yoast_head":"<!-- This site is optimized with the Yoast SEO plugin v19.9 - https:\/\/yoast.com\/wordpress\/plugins\/seo\/ -->\n<title>Namelus R - Stallions.\u00c9talons.Hengste<\/title>\n<meta name=\"robots\" content=\"index, follow, max-snippet:-1, max-image-preview:large, max-video-preview:-1\" \/>\n<link rel=\"canonical\" href=\"https:\/\/seh-equine.com\/fr\/stallions\/namelus-r\/\" \/>\n<meta property=\"og:locale\" content=\"fr_FR\" \/>\n<meta property=\"og:type\" content=\"article\" \/>\n<meta property=\"og:title\" content=\"Namelus R - Stallions.\u00c9talons.Hengste\" \/>\n<meta property=\"og:url\" content=\"https:\/\/seh-equine.com\/fr\/stallions\/namelus-r\/\" \/>\n<meta property=\"og:site_name\" content=\"Stallions.\u00c9talons.Hengste\" \/>\n<meta property=\"article:modified_time\" content=\"2021-04-23T18:11:16+00:00\" \/>\n<meta name=\"twitter:card\" content=\"summary_large_image\" \/>\n<meta name=\"twitter:label1\" content=\"Dur\u00e9e de lecture estim\u00e9e\" \/>\n\t<meta name=\"twitter:data1\" content=\"5 minutes\" \/>\n<script type=\"application\/ld+json\" class=\"yoast-schema-graph\">{\"@context\":\"https:\/\/schema.org\",\"@graph\":[{\"@type\":\"WebPage\",\"@id\":\"https:\/\/seh-equine.com\/fr\/stallions\/namelus-r\/\",\"url\":\"https:\/\/seh-equine.com\/fr\/stallions\/namelus-r\/\",\"name\":\"Namelus R - Stallions.\u00c9talons.Hengste\",\"isPartOf\":{\"@id\":\"https:\/\/seh-equine.com\/#website\"},\"datePublished\":\"2021-03-09T10:27:08+00:00\",\"dateModified\":\"2021-04-23T18:11:16+00:00\",\"breadcrumb\":{\"@id\":\"https:\/\/seh-equine.com\/fr\/stallions\/namelus-r\/#breadcrumb\"},\"inLanguage\":\"fr-FR\",\"potentialAction\":[{\"@type\":\"ReadAction\",\"target\":[\"https:\/\/seh-equine.com\/fr\/stallions\/namelus-r\/\"]}]},{\"@type\":\"BreadcrumbList\",\"@id\":\"https:\/\/seh-equine.com\/fr\/stallions\/namelus-r\/#breadcrumb\",\"itemListElement\":[{\"@type\":\"ListItem\",\"position\":1,\"name\":\"Home\",\"item\":\"https:\/\/seh-equine.com\/\"},{\"@type\":\"ListItem\",\"position\":2,\"name\":\"Stallions\",\"item\":\"https:\/\/seh-equine.com\/stallions\/\"},{\"@type\":\"ListItem\",\"position\":3,\"name\":\"Namelus R\"}]},{\"@type\":\"WebSite\",\"@id\":\"https:\/\/seh-equine.com\/#website\",\"url\":\"https:\/\/seh-equine.com\/\",\"name\":\"Stallions.\u00c9talons.Hengste\",\"description\":\"Equine Semen Agency\",\"publisher\":{\"@id\":\"https:\/\/seh-equine.com\/#organization\"},\"potentialAction\":[{\"@type\":\"SearchAction\",\"target\":{\"@type\":\"EntryPoint\",\"urlTemplate\":\"https:\/\/seh-equine.com\/?s={search_term_string}\"},\"query-input\":\"required name=search_term_string\"}],\"inLanguage\":\"fr-FR\"},{\"@type\":\"Organization\",\"@id\":\"https:\/\/seh-equine.com\/#organization\",\"name\":\"SEH Equine\",\"url\":\"https:\/\/seh-equine.com\/\",\"logo\":{\"@type\":\"ImageObject\",\"inLanguage\":\"fr-FR\",\"@id\":\"https:\/\/seh-equine.com\/#\/schema\/logo\/image\/\",\"url\":\"https:\/\/seh-equine.com\/wp-content\/uploads\/2020\/02\/Logo-1.png\",\"contentUrl\":\"https:\/\/seh-equine.com\/wp-content\/uploads\/2020\/02\/Logo-1.png\",\"width\":6900,\"height\":3289,\"caption\":\"SEH Equine\"},\"image\":{\"@id\":\"https:\/\/seh-equine.com\/#\/schema\/logo\/image\/\"}}]}<\/script>\n<!-- \/ Yoast SEO plugin. -->","yoast_head_json":{"title":"Namelus R - Stallions.\u00c9talons.Hengste","robots":{"index":"index","follow":"follow","max-snippet":"max-snippet:-1","max-image-preview":"max-image-preview:large","max-video-preview":"max-video-preview:-1"},"canonical":"https:\/\/seh-equine.com\/fr\/stallions\/namelus-r\/","og_locale":"fr_FR","og_type":"article","og_title":"Namelus R - Stallions.\u00c9talons.Hengste","og_url":"https:\/\/seh-equine.com\/fr\/stallions\/namelus-r\/","og_site_name":"Stallions.\u00c9talons.Hengste","article_modified_time":"2021-04-23T18:11:16+00:00","twitter_card":"summary_large_image","twitter_misc":{"Dur\u00e9e de lecture estim\u00e9e":"5 minutes"},"schema":{"@context":"https:\/\/schema.org","@graph":[{"@type":"WebPage","@id":"https:\/\/seh-equine.com\/fr\/stallions\/namelus-r\/","url":"https:\/\/seh-equine.com\/fr\/stallions\/namelus-r\/","name":"Namelus R - Stallions.\u00c9talons.Hengste","isPartOf":{"@id":"https:\/\/seh-equine.com\/#website"},"datePublished":"2021-03-09T10:27:08+00:00","dateModified":"2021-04-23T18:11:16+00:00","breadcrumb":{"@id":"https:\/\/seh-equine.com\/fr\/stallions\/namelus-r\/#breadcrumb"},"inLanguage":"fr-FR","potentialAction":[{"@type":"ReadAction","target":["https:\/\/seh-equine.com\/fr\/stallions\/namelus-r\/"]}]},{"@type":"BreadcrumbList","@id":"https:\/\/seh-equine.com\/fr\/stallions\/namelus-r\/#breadcrumb","itemListElement":[{"@type":"ListItem","position":1,"name":"Home","item":"https:\/\/seh-equine.com\/"},{"@type":"ListItem","position":2,"name":"Stallions","item":"https:\/\/seh-equine.com\/stallions\/"},{"@type":"ListItem","position":3,"name":"Namelus R"}]},{"@type":"WebSite","@id":"https:\/\/seh-equine.com\/#website","url":"https:\/\/seh-equine.com\/","name":"Stallions.\u00c9talons.Hengste","description":"Equine Semen Agency","publisher":{"@id":"https:\/\/seh-equine.com\/#organization"},"potentialAction":[{"@type":"SearchAction","target":{"@type":"EntryPoint","urlTemplate":"https:\/\/seh-equine.com\/?s={search_term_string}"},"query-input":"required name=search_term_string"}],"inLanguage":"fr-FR"},{"@type":"Organization","@id":"https:\/\/seh-equine.com\/#organization","name":"SEH Equine","url":"https:\/\/seh-equine.com\/","logo":{"@type":"ImageObject","inLanguage":"fr-FR","@id":"https:\/\/seh-equine.com\/#\/schema\/logo\/image\/","url":"https:\/\/seh-equine.com\/wp-content\/uploads\/2020\/02\/Logo-1.png","contentUrl":"https:\/\/seh-equine.com\/wp-content\/uploads\/2020\/02\/Logo-1.png","width":6900,"height":3289,"caption":"SEH Equine"},"image":{"@id":"https:\/\/seh-equine.com\/#\/schema\/logo\/image\/"}}]}},"_links":{"self":[{"href":"https:\/\/seh-equine.com\/fr\/wp-json\/wp\/v2\/pages\/2272"}],"collection":[{"href":"https:\/\/seh-equine.com\/fr\/wp-json\/wp\/v2\/pages"}],"about":[{"href":"https:\/\/seh-equine.com\/fr\/wp-json\/wp\/v2\/types\/page"}],"author":[{"embeddable":true,"href":"https:\/\/seh-equine.com\/fr\/wp-json\/wp\/v2\/users\/2"}],"replies":[{"embeddable":true,"href":"https:\/\/seh-equine.com\/fr\/wp-json\/wp\/v2\/comments?post=2272"}],"version-history":[{"count":8,"href":"https:\/\/seh-equine.com\/fr\/wp-json\/wp\/v2\/pages\/2272\/revisions"}],"predecessor-version":[{"id":2386,"href":"https:\/\/seh-equine.com\/fr\/wp-json\/wp\/v2\/pages\/2272\/revisions\/2386"}],"up":[{"embeddable":true,"href":"https:\/\/seh-equine.com\/fr\/wp-json\/wp\/v2\/pages\/742"}],"wp:attachment":[{"href":"https:\/\/seh-equine.com\/fr\/wp-json\/wp\/v2\/media?parent=2272"}],"curies":[{"name":"wp","href":"https:\/\/api.w.org\/{rel}","templated":true}]}}