{"id":2265,"date":"2021-03-08T19:08:47","date_gmt":"2021-03-08T19:08:47","guid":{"rendered":"https:\/\/seh-equine.com\/?page_id=2265"},"modified":"2021-04-23T18:10:00","modified_gmt":"2021-04-23T18:10:00","slug":"le-kannan","status":"publish","type":"page","link":"https:\/\/seh-equine.com\/fr\/stallions\/le-kannan\/","title":{"rendered":"Le Kannan"},"content":{"rendered":"<div class=\"vc_row wpb_row vc_row-fluid unva-dhav-dotted\"><div class=\"wpb_column vc_column_container text-default vc_col-sm-12 vc_hidden-lg\"><div class=\"vc_column-inner vc_custom_1615230389856\"><div class=\"wpb_wrapper\">\n\t<div  class=\"wpb_single_image wpb_content_element vc_align_left\">\n\t\t\n\t\t<figure class=\"wpb_wrapper vc_figure\">\n\t\t\t<div class=\"vc_single_image-wrapper   vc_box_border_grey\"><img width=\"800\" height=\"533\" src=\"https:\/\/seh-equine.com\/wp-content\/uploads\/2021\/03\/le-kannan-2.jpg\" class=\"vc_single_image-img attachment-full\" alt=\"\" decoding=\"async\" loading=\"lazy\" srcset=\"https:\/\/seh-equine.com\/wp-content\/uploads\/2021\/03\/le-kannan-2.jpg 800w, https:\/\/seh-equine.com\/wp-content\/uploads\/2021\/03\/le-kannan-2-510x340.jpg 510w, https:\/\/seh-equine.com\/wp-content\/uploads\/2021\/03\/le-kannan-2-768x512.jpg 768w, https:\/\/seh-equine.com\/wp-content\/uploads\/2021\/03\/le-kannan-2-16x12.jpg 16w\" sizes=\"(max-width: 800px) 100vw, 800px\" \/><\/div>\n\t\t<\/figure>\n\t<\/div>\n<\/div><\/div><\/div><\/div><div class=\"vc_row wpb_row vc_row-fluid unva-dhav-dotted vc_custom_1580499027528 vc_column-gap-10\"><div class=\"wpb_column vc_column_container text-default vc_col-sm-8\"><div class=\"vc_column-inner\"><div class=\"wpb_wrapper\">\n\t<div class=\"wpb_text_column wpb_content_element\" >\n\t\t<div class=\"wpb_wrapper\">\n\t\t\t<h1>Le Kannan<\/h1>\n<p><em>KANNAN GFE x HORS LA LOI II<\/em><\/p>\n<p><em>\u00a02016, 1m69, black stallion.<\/em><\/p>\n<p><em>WFFS &#8211; negative<br \/>\nStudbook : KWPN (cheval de sport royal n\u00e9erlandais)<\/em><\/p>\n<p><strong>Disponible en France par l\u2019interm\u00e9diaire de S.E.H<\/strong><\/p>\n\n\t\t<\/div>\n\t<\/div>\n<div class=\"vc_separator wpb_content_element vc_separator_align_center vc_sep_width_100 vc_sep_dashed vc_sep_border_width_2 vc_sep_pos_align_center vc_separator_no_text vc_sep_color_grey\" ><span class=\"vc_sep_holder vc_sep_holder_l\"><span  class=\"vc_sep_line\"><\/span><\/span><span class=\"vc_sep_holder vc_sep_holder_r\"><span  class=\"vc_sep_line\"><\/span><\/span>\n<\/div>\n\t<div class=\"wpb_text_column wpb_content_element\" >\n\t\t<div class=\"wpb_wrapper\">\n\t\t\t<p><span style=\"font-weight: 400;\">Son p\u00e8re, le c\u00e9l\u00e8bre \u00e9talon Kannan, n'a vraiment pas besoin d'explication. Il a r\u00e9ussi \u00e0 impressionner dans ce sport lors de grands championnats comme le Championnat d'Europe en 2005 et a remport\u00e9 plusieurs Grand Prix et Coupes des Nations sous la direction de Michel Hecart.<\/span><\/p>\n<p><span style=\"font-weight: 400;\">Dans la lign\u00e9e maternelle de Le Kannan, nous trouvons plusieurs \u00e9talons approuv\u00e9s d'affil\u00e9e, \u00e0 savoir notre \u00e9talon approuv\u00e9 Hors La Loi II, l'\u00e9talon pr\u00e9f\u00e9r\u00e9 Burggraaf et l'\u00e9talon approuv\u00e9 Le Mexico. Dam Zereusa S a saut\u00e9 \u00e0 80 points \u00e0 l'IBOP et a atteint le niveau de 1,40 m dans sa carri\u00e8re sportive. Sa m\u00e8re Heidi a produit un cheval de 1,30 m par New York et est grand-m\u00e8re de plusieurs autres chevaux \u00e0 ce niveau. La m\u00e8re suivante est Brigitte (s.Le Mexico), qui est non seulement la m\u00e8re du cheval de Grand Prix Re Mexico (s.Concorde), mais aussi la grand-m\u00e8re de l'\u00e9talon KWPN Etoulon VDL, qui court au niveau 1,50m. Sa prog\u00e9niture comprend les chevaux de sport Broken Heart (s.Concorde, 1,60m), Corleone (s.Vincenzo, 1,50m), Edoctro (s.Indoctro, 1,50m), Tereusa (s.Heartbreaker, ISP) et l'\u00e9talon KWPN Levi VDL (s.Arezzo VDL). La ligne de barrage a \u00e9galement produit les sauteurs internationaux Illusion (par Calvados) et Oteusi (par Burggraaf).<\/span><\/p>\n<p>&nbsp;<\/p>\n<p><strong>Rapport de recherche officiel du KWPN 2020 :<\/strong><\/p>\n<p><span style=\"font-weight: 400;\">Le Kannan est un \u00e9talon honn\u00eate et fiable avec une bonne attitude. L'\u00e9talon a beaucoup de volont\u00e9 de travailler et peut \u00eatre assez bien travaill\u00e9, mais il est parfois incoh\u00e9rent dans l'encha\u00eenement. La marche a une port\u00e9e et une souplesse suffisantes. Le trot est sur le coup droit et il y a beaucoup d'espace. Le galop est sur le coup droit et l'espace est trop grand. En mouvement, l'\u00e9talon a une bonne posture et un bon \u00e9quilibre. Le Kannan saute tr\u00e8s bien avec l'\u00e9paule vers le haut avec de bons r\u00e9flexes. L'\u00e9talon saute avec une bonne technique des pattes avant et beaucoup d'utilisation du corps. Le saut derri\u00e8re est g\u00e9n\u00e9ralement bien termin\u00e9. Le Kannan semble \u00eatre prudent et montre beaucoup \u00e0 beaucoup de port\u00e9e. En tant que sauteur, Le Kannan a beaucoup trop de talent et donne \u00e0 son cavalier un sentiment d'aisance.<\/span><\/p>\n<p>&nbsp;<\/p>\n<p><strong>Comportement stable :<\/strong><\/p>\n<p><span style=\"font-weight: 400;\">\u00c9talon honn\u00eate et fiable, facile \u00e0 manipuler et silencieux dans l'\u00e9curie.<\/span><\/p>\n<p>&nbsp;<\/p>\n<p><strong>KWPN Conseils en mati\u00e8re d'\u00e9levage :<\/strong><\/p>\n<p><span style=\"font-weight: 400;\">Le Kannan peut ajouter la qualit\u00e9 du saut, et surtout la technique et la port\u00e9e, \u00e0 l'\u00e9levage des sauteurs d'obstacles.<\/span><\/p>\n\n\t\t<\/div>\n\t<\/div>\n<\/div><\/div><\/div><div class=\"wpb_column vc_column_container text-default vc_col-sm-4 vc_col-has-fill\"><div class=\"vc_column-inner vc_custom_1609769338301\"><div class=\"wpb_wrapper\">\n\t<div  class=\"wpb_single_image wpb_content_element vc_align_center\">\n\t\t\n\t\t<figure class=\"wpb_wrapper vc_figure\">\n\t\t\t<div class=\"vc_single_image-wrapper vc_box_shadow  vc_box_border_grey\"><img width=\"1512\" height=\"1080\" src=\"https:\/\/seh-equine.com\/wp-content\/uploads\/2021\/03\/le-kannan-stand.jpg\" class=\"vc_single_image-img attachment-full\" alt=\"\" decoding=\"async\" loading=\"lazy\" srcset=\"https:\/\/seh-equine.com\/wp-content\/uploads\/2021\/03\/le-kannan-stand.jpg 1512w, https:\/\/seh-equine.com\/wp-content\/uploads\/2021\/03\/le-kannan-stand-510x364.jpg 510w, https:\/\/seh-equine.com\/wp-content\/uploads\/2021\/03\/le-kannan-stand-900x643.jpg 900w, https:\/\/seh-equine.com\/wp-content\/uploads\/2021\/03\/le-kannan-stand-768x549.jpg 768w, https:\/\/seh-equine.com\/wp-content\/uploads\/2021\/03\/le-kannan-stand-16x12.jpg 16w\" sizes=\"(max-width: 1512px) 100vw, 1512px\" \/><\/div>\n\t\t<\/figure>\n\t<\/div>\n\n\t<div class=\"wpb_text_column wpb_content_element\" >\n\t\t<div class=\"wpb_wrapper\">\n\t\t\t<h3 style=\"font-weight: 400;\"><strong>Le Kannan stud fee &#8211; Chilled<\/strong><\/h3>\n<p style=\"font-weight: 400;\"><strong>Frais d'\u00e9levage \u20ac 900 Premi\u00e8re paye \u20ac 250 + frais d'exp\u00e9dition et \u00e0 la gestation \u20ac 650) <\/strong><\/p>\n\n\t\t<\/div>\n\t<\/div>\n<div class=\"vc_btn3-container vc_btn3-center\" >\n\t<a class=\"vc_general vc_btn3 vc_btn3-size-lg vc_btn3-shape-round vc_btn3-style-3d vc_btn3-icon-left vc_btn3-color-primary\" href=\"https:\/\/seh-equine.com\/fr\/contact-us\/\" title=\"\"><i class=\"vc_btn3-icon fa fa-envelope\"><\/i> Obtenir plus d'informations<\/a><\/div>\n<\/div><\/div><\/div><\/div><div class=\"vc_row wpb_row vc_row-fluid unva-dhav-dotted\"><div class=\"wpb_column vc_column_container text-default vc_col-sm-12 vc_hidden-sm vc_hidden-xs\"><div class=\"vc_column-inner\"><div class=\"wpb_wrapper\">\n\t<div  class=\"wpb_single_image wpb_content_element vc_align_center\">\n\t\t\n\t\t<figure class=\"wpb_wrapper vc_figure\">\n\t\t\t<div class=\"vc_single_image-wrapper   vc_box_border_grey\"><img width=\"800\" height=\"533\" src=\"https:\/\/seh-equine.com\/wp-content\/uploads\/2021\/03\/le-kannan-2.jpg\" class=\"vc_single_image-img attachment-full\" alt=\"\" decoding=\"async\" loading=\"lazy\" srcset=\"https:\/\/seh-equine.com\/wp-content\/uploads\/2021\/03\/le-kannan-2.jpg 800w, https:\/\/seh-equine.com\/wp-content\/uploads\/2021\/03\/le-kannan-2-510x340.jpg 510w, https:\/\/seh-equine.com\/wp-content\/uploads\/2021\/03\/le-kannan-2-768x512.jpg 768w, https:\/\/seh-equine.com\/wp-content\/uploads\/2021\/03\/le-kannan-2-16x12.jpg 16w\" sizes=\"(max-width: 800px) 100vw, 800px\" \/><\/div>\n\t\t<\/figure>\n\t<\/div>\n<\/div><\/div><\/div><\/div>","protected":false},"excerpt":{"rendered":"Le Kannan KANNAN GFE x HORS LA LOI II \u00a02016, 1m69, black stallion. WFFS - negative Studbook: KWPN (Royal Dutch Sporthorse) Available in France through S.E.H His sire the world-renowned stallion Kannan really needs no explanation. He impressed in the sport during major championships such as the European Championships in 2005 and won several Grand[...]","protected":false},"author":2,"featured_media":0,"parent":742,"menu_order":0,"comment_status":"closed","ping_status":"closed","template":"","meta":[],"yoast_head":"<!-- This site is optimized with the Yoast SEO plugin v19.9 - https:\/\/yoast.com\/wordpress\/plugins\/seo\/ -->\n<title>Le Kannan - Stallions.\u00c9talons.Hengste<\/title>\n<meta name=\"robots\" content=\"index, follow, max-snippet:-1, max-image-preview:large, max-video-preview:-1\" \/>\n<link rel=\"canonical\" href=\"https:\/\/seh-equine.com\/fr\/stallions\/le-kannan\/\" \/>\n<meta property=\"og:locale\" content=\"fr_FR\" \/>\n<meta property=\"og:type\" content=\"article\" \/>\n<meta property=\"og:title\" content=\"Le Kannan - Stallions.\u00c9talons.Hengste\" \/>\n<meta property=\"og:url\" content=\"https:\/\/seh-equine.com\/fr\/stallions\/le-kannan\/\" \/>\n<meta property=\"og:site_name\" content=\"Stallions.\u00c9talons.Hengste\" \/>\n<meta property=\"article:modified_time\" content=\"2021-04-23T18:10:00+00:00\" \/>\n<meta name=\"twitter:card\" content=\"summary_large_image\" \/>\n<meta name=\"twitter:label1\" content=\"Dur\u00e9e de lecture estim\u00e9e\" \/>\n\t<meta name=\"twitter:data1\" content=\"3 minutes\" \/>\n<script type=\"application\/ld+json\" class=\"yoast-schema-graph\">{\"@context\":\"https:\/\/schema.org\",\"@graph\":[{\"@type\":\"WebPage\",\"@id\":\"https:\/\/seh-equine.com\/stallions\/le-kannan\/\",\"url\":\"https:\/\/seh-equine.com\/stallions\/le-kannan\/\",\"name\":\"Le Kannan - Stallions.\u00c9talons.Hengste\",\"isPartOf\":{\"@id\":\"https:\/\/seh-equine.com\/#website\"},\"datePublished\":\"2021-03-08T19:08:47+00:00\",\"dateModified\":\"2021-04-23T18:10:00+00:00\",\"breadcrumb\":{\"@id\":\"https:\/\/seh-equine.com\/stallions\/le-kannan\/#breadcrumb\"},\"inLanguage\":\"fr-FR\",\"potentialAction\":[{\"@type\":\"ReadAction\",\"target\":[\"https:\/\/seh-equine.com\/stallions\/le-kannan\/\"]}]},{\"@type\":\"BreadcrumbList\",\"@id\":\"https:\/\/seh-equine.com\/stallions\/le-kannan\/#breadcrumb\",\"itemListElement\":[{\"@type\":\"ListItem\",\"position\":1,\"name\":\"Home\",\"item\":\"https:\/\/seh-equine.com\/\"},{\"@type\":\"ListItem\",\"position\":2,\"name\":\"Stallions\",\"item\":\"https:\/\/seh-equine.com\/stallions\/\"},{\"@type\":\"ListItem\",\"position\":3,\"name\":\"Le Kannan\"}]},{\"@type\":\"WebSite\",\"@id\":\"https:\/\/seh-equine.com\/#website\",\"url\":\"https:\/\/seh-equine.com\/\",\"name\":\"Stallions.\u00c9talons.Hengste\",\"description\":\"Equine Semen Agency\",\"publisher\":{\"@id\":\"https:\/\/seh-equine.com\/#organization\"},\"potentialAction\":[{\"@type\":\"SearchAction\",\"target\":{\"@type\":\"EntryPoint\",\"urlTemplate\":\"https:\/\/seh-equine.com\/?s={search_term_string}\"},\"query-input\":\"required name=search_term_string\"}],\"inLanguage\":\"fr-FR\"},{\"@type\":\"Organization\",\"@id\":\"https:\/\/seh-equine.com\/#organization\",\"name\":\"SEH Equine\",\"url\":\"https:\/\/seh-equine.com\/\",\"logo\":{\"@type\":\"ImageObject\",\"inLanguage\":\"fr-FR\",\"@id\":\"https:\/\/seh-equine.com\/#\/schema\/logo\/image\/\",\"url\":\"https:\/\/seh-equine.com\/wp-content\/uploads\/2020\/02\/Logo-1.png\",\"contentUrl\":\"https:\/\/seh-equine.com\/wp-content\/uploads\/2020\/02\/Logo-1.png\",\"width\":6900,\"height\":3289,\"caption\":\"SEH Equine\"},\"image\":{\"@id\":\"https:\/\/seh-equine.com\/#\/schema\/logo\/image\/\"}}]}<\/script>\n<!-- \/ Yoast SEO plugin. -->","yoast_head_json":{"title":"Le Kannan - Stallions.\u00c9talons.Hengste","robots":{"index":"index","follow":"follow","max-snippet":"max-snippet:-1","max-image-preview":"max-image-preview:large","max-video-preview":"max-video-preview:-1"},"canonical":"https:\/\/seh-equine.com\/fr\/stallions\/le-kannan\/","og_locale":"fr_FR","og_type":"article","og_title":"Le Kannan - Stallions.\u00c9talons.Hengste","og_url":"https:\/\/seh-equine.com\/fr\/stallions\/le-kannan\/","og_site_name":"Stallions.\u00c9talons.Hengste","article_modified_time":"2021-04-23T18:10:00+00:00","twitter_card":"summary_large_image","twitter_misc":{"Dur\u00e9e de lecture estim\u00e9e":"3 minutes"},"schema":{"@context":"https:\/\/schema.org","@graph":[{"@type":"WebPage","@id":"https:\/\/seh-equine.com\/stallions\/le-kannan\/","url":"https:\/\/seh-equine.com\/stallions\/le-kannan\/","name":"Le Kannan - Stallions.\u00c9talons.Hengste","isPartOf":{"@id":"https:\/\/seh-equine.com\/#website"},"datePublished":"2021-03-08T19:08:47+00:00","dateModified":"2021-04-23T18:10:00+00:00","breadcrumb":{"@id":"https:\/\/seh-equine.com\/stallions\/le-kannan\/#breadcrumb"},"inLanguage":"fr-FR","potentialAction":[{"@type":"ReadAction","target":["https:\/\/seh-equine.com\/stallions\/le-kannan\/"]}]},{"@type":"BreadcrumbList","@id":"https:\/\/seh-equine.com\/stallions\/le-kannan\/#breadcrumb","itemListElement":[{"@type":"ListItem","position":1,"name":"Home","item":"https:\/\/seh-equine.com\/"},{"@type":"ListItem","position":2,"name":"Stallions","item":"https:\/\/seh-equine.com\/stallions\/"},{"@type":"ListItem","position":3,"name":"Le Kannan"}]},{"@type":"WebSite","@id":"https:\/\/seh-equine.com\/#website","url":"https:\/\/seh-equine.com\/","name":"Stallions.\u00c9talons.Hengste","description":"Equine Semen Agency","publisher":{"@id":"https:\/\/seh-equine.com\/#organization"},"potentialAction":[{"@type":"SearchAction","target":{"@type":"EntryPoint","urlTemplate":"https:\/\/seh-equine.com\/?s={search_term_string}"},"query-input":"required name=search_term_string"}],"inLanguage":"fr-FR"},{"@type":"Organization","@id":"https:\/\/seh-equine.com\/#organization","name":"SEH Equine","url":"https:\/\/seh-equine.com\/","logo":{"@type":"ImageObject","inLanguage":"fr-FR","@id":"https:\/\/seh-equine.com\/#\/schema\/logo\/image\/","url":"https:\/\/seh-equine.com\/wp-content\/uploads\/2020\/02\/Logo-1.png","contentUrl":"https:\/\/seh-equine.com\/wp-content\/uploads\/2020\/02\/Logo-1.png","width":6900,"height":3289,"caption":"SEH Equine"},"image":{"@id":"https:\/\/seh-equine.com\/#\/schema\/logo\/image\/"}}]}},"_links":{"self":[{"href":"https:\/\/seh-equine.com\/fr\/wp-json\/wp\/v2\/pages\/2265"}],"collection":[{"href":"https:\/\/seh-equine.com\/fr\/wp-json\/wp\/v2\/pages"}],"about":[{"href":"https:\/\/seh-equine.com\/fr\/wp-json\/wp\/v2\/types\/page"}],"author":[{"embeddable":true,"href":"https:\/\/seh-equine.com\/fr\/wp-json\/wp\/v2\/users\/2"}],"replies":[{"embeddable":true,"href":"https:\/\/seh-equine.com\/fr\/wp-json\/wp\/v2\/comments?post=2265"}],"version-history":[{"count":8,"href":"https:\/\/seh-equine.com\/fr\/wp-json\/wp\/v2\/pages\/2265\/revisions"}],"predecessor-version":[{"id":2366,"href":"https:\/\/seh-equine.com\/fr\/wp-json\/wp\/v2\/pages\/2265\/revisions\/2366"}],"up":[{"embeddable":true,"href":"https:\/\/seh-equine.com\/fr\/wp-json\/wp\/v2\/pages\/742"}],"wp:attachment":[{"href":"https:\/\/seh-equine.com\/fr\/wp-json\/wp\/v2\/media?parent=2265"}],"curies":[{"name":"wp","href":"https:\/\/api.w.org\/{rel}","templated":true}]}}