{"id":2172,"date":"2021-01-28T08:43:18","date_gmt":"2021-01-28T08:43:18","guid":{"rendered":"https:\/\/seh-equine.com\/?page_id=2172"},"modified":"2022-05-17T11:53:33","modified_gmt":"2022-05-17T11:53:33","slug":"future-illusion","status":"publish","type":"page","link":"https:\/\/seh-equine.com\/fr\/stallions\/future-illusion\/","title":{"rendered":"Future Illusion"},"content":{"rendered":"<div class=\"vc_row wpb_row vc_row-fluid unva-dhav-dotted\"><div class=\"wpb_column vc_column_container text-default vc_col-sm-12 vc_hidden-lg vc_hidden-md\"><div class=\"vc_column-inner\"><div class=\"wpb_wrapper\">\n\t<div  class=\"wpb_single_image wpb_content_element vc_align_center\">\n\t\t\n\t\t<figure class=\"wpb_wrapper vc_figure\">\n\t\t\t<div class=\"vc_single_image-wrapper vc_box_shadow  vc_box_border_grey\"><img width=\"1772\" height=\"1174\" src=\"https:\/\/seh-equine.com\/wp-content\/uploads\/2021\/01\/Screenshot-2021-01-28-at-08.57.07.png\" class=\"vc_single_image-img attachment-full\" alt=\"\" decoding=\"async\" loading=\"lazy\" srcset=\"https:\/\/seh-equine.com\/wp-content\/uploads\/2021\/01\/Screenshot-2021-01-28-at-08.57.07.png 1772w, https:\/\/seh-equine.com\/wp-content\/uploads\/2021\/01\/Screenshot-2021-01-28-at-08.57.07-510x338.png 510w, https:\/\/seh-equine.com\/wp-content\/uploads\/2021\/01\/Screenshot-2021-01-28-at-08.57.07-900x596.png 900w, https:\/\/seh-equine.com\/wp-content\/uploads\/2021\/01\/Screenshot-2021-01-28-at-08.57.07-768x509.png 768w, https:\/\/seh-equine.com\/wp-content\/uploads\/2021\/01\/Screenshot-2021-01-28-at-08.57.07-1536x1018.png 1536w, https:\/\/seh-equine.com\/wp-content\/uploads\/2021\/01\/Screenshot-2021-01-28-at-08.57.07-16x12.png 16w\" sizes=\"(max-width: 1772px) 100vw, 1772px\" \/><\/div>\n\t\t<\/figure>\n\t<\/div>\n<\/div><\/div><\/div><\/div><div class=\"vc_row wpb_row vc_row-fluid unva-dhav-dotted vc_custom_1580499027528 vc_column-gap-10\"><div class=\"wpb_column vc_column_container text-default vc_col-sm-8\"><div class=\"vc_column-inner\"><div class=\"wpb_wrapper\">\n\t<div class=\"wpb_text_column wpb_content_element\" >\n\t\t<div class=\"wpb_wrapper\">\n\t\t\t<h1>Future Illusion<\/h1>\n<p><em>Utilis\u00e9 par Sa Majest\u00e9 la Reine****Multiple \u00e9talon champion**<\/em><br \/>\n<em>Taille: 16.1hh<\/em><br \/>\n<em>DATE DE NAISSANCE: 2004<\/em><br \/>\n<em>Pedigree: Fleetwater Opposition x The Outlaw<\/em><br \/>\n<em>Licenci\u00e9 avec:<\/em><br \/>\n<em>* Grad\u00e9 \u00e0 vie SHB(GB)<\/em><br \/>\n<em>* Life Approved AES<\/em><br \/>\n<em>* Breeders Elite (SIES)<\/em><br \/>\n<em>P\u00e8re de CCI4* Eventers et de finalistes Horse of the Year Show<\/em><\/p>\n\n\t\t<\/div>\n\t<\/div>\n<div class=\"vc_separator wpb_content_element vc_separator_align_center vc_sep_width_100 vc_sep_dashed vc_sep_border_width_2 vc_sep_pos_align_center vc_separator_no_text vc_sep_color_grey\" ><span class=\"vc_sep_holder vc_sep_holder_l\"><span  class=\"vc_sep_line\"><\/span><\/span><span class=\"vc_sep_holder vc_sep_holder_r\"><span  class=\"vc_sep_line\"><\/span><\/span>\n<\/div>\n\t<div class=\"wpb_text_column wpb_content_element\" >\n\t\t<div class=\"wpb_wrapper\">\n\t\t\t<p class=\"translation-block\">Tr\u00e8s bel \u00e9talon par un \u00e9talon d'\u00e9lite issu d'une jument SHB(GB) Head Stud book avec la rare capacit\u00e9 de produire \u00e0 la fois des chevaux de concours complet internationaux et des chevaux de concours HOYS. S\u00e9lectionn\u00e9 par S.M. la Reine pour l'une de ses propres juments, son produit est plusieurs fois champion de County Show avec Katie Jerram.  Il est :<\/p>\n<ul>\n<li><strong>Grad\u00e9 \u00e0 vie SHB(GB) et approuv\u00e9 \u00e0 vie AES.<\/strong><\/li>\n<li><strong>CHAMPION des jeunes chevaux de concours complet au BEF Futurity 2009<\/strong><\/li>\n<li><strong>Deux fois meilleur \u00e9talon de race britannique au BEF Futurity, toutes disciplines confondues. <em>TWICE<\/em><\/strong><\/li>\n<li><strong>L'un des meilleurs taureaux de concours complet britanniques<\/strong><\/li>\n<li><strong>Champion de concours complet de niveau BE Novice <\/strong><\/li>\n<li><strong>Gagnant du niveau \u00e9l\u00e9mentaire de dressage BD et finaliste r\u00e9gional avec 48 points BD<\/strong><\/li>\n<li><strong>P\u00e8re de cavaliers internationaux FEI de niveau CCI4*.<\/strong><\/li>\n<li><strong>P\u00e8re de finalistes de Burghley Young Event Horse, Badminton Grassroots et HOYS<\/strong><\/li>\n<li><strong>P\u00e8re du champion britannique de concours complet BEF 2008<\/strong><\/li>\n<li><strong>P\u00e8re du poulain champion d'\u00e9levage de concours complet britannique 2012<\/strong><\/li>\n<\/ul>\n<p>Avant d'entamer une carri\u00e8re mont\u00e9e, Future Illusion a connu beaucoup de succ\u00e8s dans le Futurity et le Show Ring :<\/p>\n<ul>\n<li><strong>CHAMPION FOAL (National Hunter Show '04) remportant la Coupe Kadir.<\/strong><\/li>\n<li><strong>Champion Futurity Yearling (toutes disciplines confondues) avec la note la plus \u00e9lev\u00e9e pour 'athl\u00e9tisme' au Futurity 2005 de la British Equestrian Federation avec un \u00e9tonnant 91%.<\/strong><\/li>\n<li><strong>Champion Futurity 2 ans Eventer<\/strong><\/li>\n<li><strong>Meilleur poulain de 2 ans PAVO British Eventing Breeding Championships<\/strong><\/li>\n<li><strong>Plusieurs fois champion de County Show dans diverses cat\u00e9gories<\/strong><\/li>\n<\/ul>\n<p>Future Illusion est un \u00e9talon bai athl\u00e9tique avec une t\u00eate exquise et aucune marque blanche. Il a d\u00e9montr\u00e9 sa polyvalence en gagnant sur le ring d'exposition en tant que poulain, yearling, 2 ans et 4 ans dans une grande vari\u00e9t\u00e9 de classes. Il a obtenu la note la plus \u00e9lev\u00e9e en mati\u00e8re d'athl\u00e9tisme lors du 2005 British Equestrian Federation Futurity Show (tous \u00e2ges et toutes disciplines) avec un \u00e9tonnant 91%.<\/p>\n<blockquote><p>\n<strong>\"Future Illusion a une excellente conformation, des membres forts et bien plac\u00e9s et de bons pieds, ce qui se traduit par une qualit\u00e9 de mouvement. Il a \u00e9t\u00e9 prouv\u00e9 qu'il transmet tout cela \u00e0 sa prog\u00e9niture qui fera certainement sa marque sur le ring.\"<\/strong><br \/>\n<strong>\u2013 HOYS Judge, Philip Hilton<\/strong>\n<\/p><\/blockquote>\n<p>Sa lign\u00e9e est exceptionnelle - il est issu de l'\u00e9talon d'\u00e9lite et double m\u00e9daill\u00e9 d'or de concours complet junior europ\u00e9en Fleetwater Opposition, et de la poulini\u00e8re Future Illicit Affair du Head Stud Book SHB(GB), Championne des chevaux de sport et Championne des chasseurs.<\/p>\n<p>L'h\u00e9ritage de Fleetwater Opposition se perp\u00e9tue \u00e0 travers sa prog\u00e9niture - Summersong (champion olympique, mondial et europ\u00e9en de concours complet), Opposition Buzz (m\u00e9daill\u00e9 d'or par \u00e9quipe en Europe) et de nombreux autres chevaux de concours complet, ainsi que le champion BE des jeunes chevaux Opposition Heracles.<\/p>\n<p>Future Illicit Affair porte dans son pedigree les grands Skippy (p\u00e8re de Jumbo), Criminal Law (p\u00e8re de plusieurs chevaux de concours complet 5*) et Demonstrator (cheval de dressage de Grand Prix et p\u00e8re d'innombrables gagnants de County Show et HOYS). Avec l'ajout de l'\u00e9levage National Hunt de premi\u00e8re classe sur sa ligne inf\u00e9rieure qui descend du l\u00e9gendaire Spiritus, et du gagnant de la Gold Cup Fortina, ce m\u00e9lange de TB et de sang trakehner s'av\u00e8re \u00eatre le pedigree de choix pour les chevaux de concours complet modernes.<\/p>\n\n\t\t<\/div>\n\t<\/div>\n<\/div><\/div><\/div><div class=\"wpb_column vc_column_container text-default vc_col-sm-4 vc_col-has-fill\"><div class=\"vc_column-inner vc_custom_1619163777676\"><div class=\"wpb_wrapper\">\n\t<div  class=\"wpb_single_image wpb_content_element vc_align_center\">\n\t\t\n\t\t<figure class=\"wpb_wrapper vc_figure\">\n\t\t\t<div class=\"vc_single_image-wrapper vc_box_shadow  vc_box_border_grey\"><img width=\"445\" height=\"427\" src=\"https:\/\/seh-equine.com\/wp-content\/uploads\/2021\/04\/Future-illusion-water.jpg\" class=\"vc_single_image-img attachment-full\" alt=\"\" decoding=\"async\" loading=\"lazy\" srcset=\"https:\/\/seh-equine.com\/wp-content\/uploads\/2021\/04\/Future-illusion-water.jpg 445w, https:\/\/seh-equine.com\/wp-content\/uploads\/2021\/04\/Future-illusion-water-13x12.jpg 13w\" sizes=\"(max-width: 445px) 100vw, 445px\" \/><\/div>\n\t\t<\/figure>\n\t<\/div>\n\n\t<div class=\"wpb_text_column wpb_content_element\" >\n\t\t<div class=\"wpb_wrapper\">\n\t\t\t<h3 style=\"font-weight: 400;\"><strong>Future Illusion stud fee<\/strong><\/h3>\n<p style=\"font-weight: 400;\"><strong> \u20ac850<\/strong><\/p>\n<p>No foal, free return. Shipping costs payable Discounts can be discussed for multiple mares and premium mares.<\/p>\n<p style=\"font-weight: 400;\">In France, it is possible to pay 50% payment on order, plus shipment. 50% on the first of October. Please contact us for more information<\/p>\n\n\t\t<\/div>\n\t<\/div>\n<div class=\"vc_btn3-container vc_btn3-center\" >\n\t<a class=\"vc_general vc_btn3 vc_btn3-size-lg vc_btn3-shape-round vc_btn3-style-3d vc_btn3-icon-left vc_btn3-color-primary\" href=\"https:\/\/seh-equine.com\/fr\/contact-us\/\" title=\"\"><i class=\"vc_btn3-icon fa fa-envelope\"><\/i> Obtenir plus d'informations<\/a><\/div>\n<\/div><\/div><\/div><\/div><div class=\"vc_row wpb_row vc_row-fluid unva-dhav-dotted vc_custom_1580499027528 vc_column-gap-10\"><div class=\"wpb_column vc_column_container text-default vc_col-sm-12\"><div class=\"vc_column-inner\"><div class=\"wpb_wrapper\"><div class=\"vc_row wpb_row vc_inner vc_row-fluid\"><div class=\"wpb_column vc_column_container vc_col-sm-6 vc_col-has-fill\"><div class=\"vc_column-inner vc_custom_1611824810526\"><div class=\"wpb_wrapper\"><div class=\"vc_empty_space\"   style=\"height: 300px\" ><span class=\"vc_empty_space_inner\"><\/span><\/div>\n<\/div><\/div><\/div><div class=\"wpb_column vc_column_container vc_col-sm-6\"><div class=\"vc_column-inner vc_custom_1592220059575\"><div class=\"wpb_wrapper\"><div class=\"vc_separator wpb_content_element vc_separator_align_center vc_sep_width_100 vc_sep_pos_align_center vc_sep_color_grey vc_separator-has-text\" ><span class=\"vc_sep_holder vc_sep_holder_l\"><span  class=\"vc_sep_line\"><\/span><\/span><h4>D\u00e9tails du pedigree<\/h4><span class=\"vc_sep_holder vc_sep_holder_r\"><span  class=\"vc_sep_line\"><\/span><\/span>\n<\/div>\n\t<div  class=\"wpb_single_image wpb_content_element vc_align_center  wpb_animate_when_almost_visible wpb_bounceIn bounceIn\">\n\t\t\n\t\t<figure class=\"wpb_wrapper vc_figure\">\n\t\t\t<a href=\"https:\/\/sporthorse-data.com\/pedigree\/ansiei\" target=\"_blank\" class=\"vc_single_image-wrapper vc_box_shadow_3d  vc_box_border_grey\"><img width=\"510\" height=\"165\" src=\"https:\/\/seh-equine.com\/wp-content\/uploads\/2021\/01\/Screenshot-2021-01-28-at-08.49.31-510x165.png\" class=\"vc_single_image-img attachment-medium\" alt=\"\" decoding=\"async\" loading=\"lazy\" srcset=\"https:\/\/seh-equine.com\/wp-content\/uploads\/2021\/01\/Screenshot-2021-01-28-at-08.49.31-510x165.png 510w, https:\/\/seh-equine.com\/wp-content\/uploads\/2021\/01\/Screenshot-2021-01-28-at-08.49.31-900x291.png 900w, https:\/\/seh-equine.com\/wp-content\/uploads\/2021\/01\/Screenshot-2021-01-28-at-08.49.31-768x248.png 768w, https:\/\/seh-equine.com\/wp-content\/uploads\/2021\/01\/Screenshot-2021-01-28-at-08.49.31-16x5.png 16w, https:\/\/seh-equine.com\/wp-content\/uploads\/2021\/01\/Screenshot-2021-01-28-at-08.49.31.png 1448w\" sizes=\"(max-width: 510px) 100vw, 510px\" \/><\/a>\n\t\t<\/figure>\n\t<\/div>\n<\/div><\/div><\/div><\/div><div class=\"vc_row wpb_row vc_inner vc_row-fluid\"><div class=\"wpb_column vc_column_container vc_col-sm-12 vc_col-has-fill\"><div class=\"vc_column-inner vc_custom_1592220069561\"><div class=\"wpb_wrapper\"><div class=\"vc_separator wpb_content_element vc_separator_align_center vc_sep_width_100 vc_sep_pos_align_center vc_sep_color_grey vc_separator-has-text\" ><span class=\"vc_sep_holder vc_sep_holder_l\"><span  class=\"vc_sep_line\"><\/span><\/span><h4>Regardez<\/h4><span class=\"vc_sep_holder vc_sep_holder_r\"><span  class=\"vc_sep_line\"><\/span><\/span>\n<\/div><\/div><\/div><\/div><\/div><div class=\"vc_row wpb_row vc_inner vc_row-fluid\"><div class=\"wpb_column vc_column_container vc_col-sm-12\"><div class=\"vc_column-inner\"><div class=\"wpb_wrapper\">\n\t<div class=\"wpb_video_widget wpb_content_element vc_clearfix   vc_video-aspect-ratio-169 vc_video-el-width-100 vc_video-align-center\" >\n\t\t<div class=\"wpb_wrapper\">\n\t\t\t\n\t\t\t<div class=\"wpb_video_wrapper\"><iframe title=\"Future Illusion  - Champion Sport and Showing Stallion 2020\" width=\"1170\" height=\"658\" src=\"https:\/\/www.youtube.com\/embed\/beXXXsfq4-4?feature=oembed\" frameborder=\"0\" allow=\"accelerometer; autoplay; clipboard-write; encrypted-media; gyroscope; picture-in-picture\" allowfullscreen><\/iframe><\/div>\n\t\t<\/div>\n\t<\/div>\n<\/div><\/div><\/div><\/div><div class=\"vc_btn3-container vc_btn3-center\" >\n\t<a class=\"vc_general vc_btn3 vc_btn3-size-lg vc_btn3-shape-rounded vc_btn3-style-3d vc_btn3-block vc_btn3-icon-left vc_btn3-color-primary\" href=\"https:\/\/seh-equine.com\/fr\/contact-us\/\" title=\"\"><i class=\"vc_btn3-icon fa fa-envelope\"><\/i> Obtenir plus d'informations<\/a><\/div>\n<\/div><\/div><\/div><\/div>","protected":false},"excerpt":{"rendered":"Future Illusion Used by HM The Queen****Multiple Champion Stallion** Height:\u00a016.1hh DOB:\u00a02004 Pedigree:\u00a0Fleetwater Opposition x The Outlaw Licensed with: * Life Graded SHB(GB) * Life Approved AES * Breeders Elite (SIES) Sire of CCI4* Eventers and HOYS Finalists Outstandingly good looking stallion by an Elite stallion out of a SHB(GB) Head Stud book mare with the[...]","protected":false},"author":2,"featured_media":0,"parent":742,"menu_order":0,"comment_status":"closed","ping_status":"closed","template":"","meta":[],"yoast_head":"<!-- This site is optimized with the Yoast SEO plugin v19.9 - https:\/\/yoast.com\/wordpress\/plugins\/seo\/ -->\n<title>Future Illusion - Stallions.\u00c9talons.Hengste<\/title>\n<meta name=\"robots\" content=\"index, follow, max-snippet:-1, max-image-preview:large, max-video-preview:-1\" \/>\n<link rel=\"canonical\" href=\"https:\/\/seh-equine.com\/fr\/stallions\/future-illusion\/\" \/>\n<meta property=\"og:locale\" content=\"fr_FR\" \/>\n<meta property=\"og:type\" content=\"article\" \/>\n<meta property=\"og:title\" content=\"Future Illusion - Stallions.\u00c9talons.Hengste\" \/>\n<meta property=\"og:url\" content=\"https:\/\/seh-equine.com\/fr\/stallions\/future-illusion\/\" \/>\n<meta property=\"og:site_name\" content=\"Stallions.\u00c9talons.Hengste\" \/>\n<meta property=\"article:modified_time\" content=\"2022-05-17T11:53:33+00:00\" \/>\n<meta name=\"twitter:card\" content=\"summary_large_image\" \/>\n<meta name=\"twitter:label1\" content=\"Dur\u00e9e de lecture estim\u00e9e\" \/>\n\t<meta name=\"twitter:data1\" content=\"3 minutes\" \/>\n<script type=\"application\/ld+json\" class=\"yoast-schema-graph\">{\"@context\":\"https:\/\/schema.org\",\"@graph\":[{\"@type\":\"WebPage\",\"@id\":\"https:\/\/seh-equine.com\/stallions\/future-illusion\/\",\"url\":\"https:\/\/seh-equine.com\/stallions\/future-illusion\/\",\"name\":\"Future Illusion - Stallions.\u00c9talons.Hengste\",\"isPartOf\":{\"@id\":\"https:\/\/seh-equine.com\/#website\"},\"datePublished\":\"2021-01-28T08:43:18+00:00\",\"dateModified\":\"2022-05-17T11:53:33+00:00\",\"breadcrumb\":{\"@id\":\"https:\/\/seh-equine.com\/stallions\/future-illusion\/#breadcrumb\"},\"inLanguage\":\"fr-FR\",\"potentialAction\":[{\"@type\":\"ReadAction\",\"target\":[\"https:\/\/seh-equine.com\/stallions\/future-illusion\/\"]}]},{\"@type\":\"BreadcrumbList\",\"@id\":\"https:\/\/seh-equine.com\/stallions\/future-illusion\/#breadcrumb\",\"itemListElement\":[{\"@type\":\"ListItem\",\"position\":1,\"name\":\"Home\",\"item\":\"https:\/\/seh-equine.com\/\"},{\"@type\":\"ListItem\",\"position\":2,\"name\":\"Stallions\",\"item\":\"https:\/\/seh-equine.com\/stallions\/\"},{\"@type\":\"ListItem\",\"position\":3,\"name\":\"Future Illusion\"}]},{\"@type\":\"WebSite\",\"@id\":\"https:\/\/seh-equine.com\/#website\",\"url\":\"https:\/\/seh-equine.com\/\",\"name\":\"Stallions.\u00c9talons.Hengste\",\"description\":\"Equine Semen Agency\",\"publisher\":{\"@id\":\"https:\/\/seh-equine.com\/#organization\"},\"potentialAction\":[{\"@type\":\"SearchAction\",\"target\":{\"@type\":\"EntryPoint\",\"urlTemplate\":\"https:\/\/seh-equine.com\/?s={search_term_string}\"},\"query-input\":\"required name=search_term_string\"}],\"inLanguage\":\"fr-FR\"},{\"@type\":\"Organization\",\"@id\":\"https:\/\/seh-equine.com\/#organization\",\"name\":\"SEH Equine\",\"url\":\"https:\/\/seh-equine.com\/\",\"logo\":{\"@type\":\"ImageObject\",\"inLanguage\":\"fr-FR\",\"@id\":\"https:\/\/seh-equine.com\/#\/schema\/logo\/image\/\",\"url\":\"https:\/\/seh-equine.com\/wp-content\/uploads\/2020\/02\/Logo-1.png\",\"contentUrl\":\"https:\/\/seh-equine.com\/wp-content\/uploads\/2020\/02\/Logo-1.png\",\"width\":6900,\"height\":3289,\"caption\":\"SEH Equine\"},\"image\":{\"@id\":\"https:\/\/seh-equine.com\/#\/schema\/logo\/image\/\"}}]}<\/script>\n<!-- \/ Yoast SEO plugin. -->","yoast_head_json":{"title":"Future Illusion - Stallions.\u00c9talons.Hengste","robots":{"index":"index","follow":"follow","max-snippet":"max-snippet:-1","max-image-preview":"max-image-preview:large","max-video-preview":"max-video-preview:-1"},"canonical":"https:\/\/seh-equine.com\/fr\/stallions\/future-illusion\/","og_locale":"fr_FR","og_type":"article","og_title":"Future Illusion - Stallions.\u00c9talons.Hengste","og_url":"https:\/\/seh-equine.com\/fr\/stallions\/future-illusion\/","og_site_name":"Stallions.\u00c9talons.Hengste","article_modified_time":"2022-05-17T11:53:33+00:00","twitter_card":"summary_large_image","twitter_misc":{"Dur\u00e9e de lecture estim\u00e9e":"3 minutes"},"schema":{"@context":"https:\/\/schema.org","@graph":[{"@type":"WebPage","@id":"https:\/\/seh-equine.com\/stallions\/future-illusion\/","url":"https:\/\/seh-equine.com\/stallions\/future-illusion\/","name":"Future Illusion - Stallions.\u00c9talons.Hengste","isPartOf":{"@id":"https:\/\/seh-equine.com\/#website"},"datePublished":"2021-01-28T08:43:18+00:00","dateModified":"2022-05-17T11:53:33+00:00","breadcrumb":{"@id":"https:\/\/seh-equine.com\/stallions\/future-illusion\/#breadcrumb"},"inLanguage":"fr-FR","potentialAction":[{"@type":"ReadAction","target":["https:\/\/seh-equine.com\/stallions\/future-illusion\/"]}]},{"@type":"BreadcrumbList","@id":"https:\/\/seh-equine.com\/stallions\/future-illusion\/#breadcrumb","itemListElement":[{"@type":"ListItem","position":1,"name":"Home","item":"https:\/\/seh-equine.com\/"},{"@type":"ListItem","position":2,"name":"Stallions","item":"https:\/\/seh-equine.com\/stallions\/"},{"@type":"ListItem","position":3,"name":"Future Illusion"}]},{"@type":"WebSite","@id":"https:\/\/seh-equine.com\/#website","url":"https:\/\/seh-equine.com\/","name":"Stallions.\u00c9talons.Hengste","description":"Equine Semen Agency","publisher":{"@id":"https:\/\/seh-equine.com\/#organization"},"potentialAction":[{"@type":"SearchAction","target":{"@type":"EntryPoint","urlTemplate":"https:\/\/seh-equine.com\/?s={search_term_string}"},"query-input":"required name=search_term_string"}],"inLanguage":"fr-FR"},{"@type":"Organization","@id":"https:\/\/seh-equine.com\/#organization","name":"SEH Equine","url":"https:\/\/seh-equine.com\/","logo":{"@type":"ImageObject","inLanguage":"fr-FR","@id":"https:\/\/seh-equine.com\/#\/schema\/logo\/image\/","url":"https:\/\/seh-equine.com\/wp-content\/uploads\/2020\/02\/Logo-1.png","contentUrl":"https:\/\/seh-equine.com\/wp-content\/uploads\/2020\/02\/Logo-1.png","width":6900,"height":3289,"caption":"SEH Equine"},"image":{"@id":"https:\/\/seh-equine.com\/#\/schema\/logo\/image\/"}}]}},"_links":{"self":[{"href":"https:\/\/seh-equine.com\/fr\/wp-json\/wp\/v2\/pages\/2172"}],"collection":[{"href":"https:\/\/seh-equine.com\/fr\/wp-json\/wp\/v2\/pages"}],"about":[{"href":"https:\/\/seh-equine.com\/fr\/wp-json\/wp\/v2\/types\/page"}],"author":[{"embeddable":true,"href":"https:\/\/seh-equine.com\/fr\/wp-json\/wp\/v2\/users\/2"}],"replies":[{"embeddable":true,"href":"https:\/\/seh-equine.com\/fr\/wp-json\/wp\/v2\/comments?post=2172"}],"version-history":[{"count":8,"href":"https:\/\/seh-equine.com\/fr\/wp-json\/wp\/v2\/pages\/2172\/revisions"}],"predecessor-version":[{"id":2618,"href":"https:\/\/seh-equine.com\/fr\/wp-json\/wp\/v2\/pages\/2172\/revisions\/2618"}],"up":[{"embeddable":true,"href":"https:\/\/seh-equine.com\/fr\/wp-json\/wp\/v2\/pages\/742"}],"wp:attachment":[{"href":"https:\/\/seh-equine.com\/fr\/wp-json\/wp\/v2\/media?parent=2172"}],"curies":[{"name":"wp","href":"https:\/\/api.w.org\/{rel}","templated":true}]}}