{"id":2035,"date":"2020-11-22T11:19:32","date_gmt":"2020-11-22T11:19:32","guid":{"rendered":"https:\/\/seh-equine.com\/?page_id=2035"},"modified":"2024-02-28T18:23:43","modified_gmt":"2024-02-28T18:23:43","slug":"futureprophecyxx-stallion","status":"publish","type":"page","link":"https:\/\/seh-equine.com\/fr\/stallions\/futureprophecyxx-stallion\/","title":{"rendered":"Future Prophecy XX"},"content":{"rendered":"<div class=\"vc_row wpb_row vc_row-fluid unva-dhav-dotted vc_custom_1580499027528 vc_column-gap-10\"><div class=\"wpb_column vc_column_container text-default vc_col-sm-8\"><div class=\"vc_column-inner\"><div class=\"wpb_wrapper\">\n\t<div class=\"wpb_text_column wpb_content_element\" >\n\t\t<div class=\"wpb_wrapper\">\n\t\t\t<h1><span style=\"font-size: 36px;\">Future Prophecy xx<\/span><\/h1>\n<p><em>DATE DE NAISSANCE : 2016<\/em><br \/>\n<em>Taille : 16.3hh<\/em><br \/>\n<em>Power Blade xx x Hand in Glove xx x Golden Heights xx<\/em><br \/>\n<em>Pur-sang complet<\/em><\/p>\n<p>Licenced AES<\/p>\n\n\t\t<\/div>\n\t<\/div>\n<div class=\"vc_separator wpb_content_element vc_separator_align_center vc_sep_width_100 vc_sep_dashed vc_sep_border_width_2 vc_sep_pos_align_center vc_separator_no_text vc_sep_color_grey\" ><span class=\"vc_sep_holder vc_sep_holder_l\"><span  class=\"vc_sep_line\"><\/span><\/span><span class=\"vc_sep_holder vc_sep_holder_r\"><span  class=\"vc_sep_line\"><\/span><\/span>\n<\/div>\n\t<div class=\"wpb_text_column wpb_content_element\" >\n\t\t<div class=\"wpb_wrapper\">\n\t\t\t<p>Future Prophecy is a full thoroughbred stallion who is purpose-bred for sport.\u00a0 His pedigree is a who\u2019s who\u2019s of the top thoroughbred bloodlines in sport today. His stallion licensing scores were impressive, particularly for his canter (9), jump (8.75) and trot (8.75) \u2013 areas that can be notoriously weak in full thoroughbreds.<\/p>\n<p><strong>Les commentaires du jury de l'AES sur Future Prophecy \u00e9taient les suivants :<\/strong><\/p>\n<p><strong><em>... \"Les \u00e9talons pur-sang sont litt\u00e9ralement l'\u00e9l\u00e9ment vital de l'\u00e9levage moderne de concours complet, et nous sommes ravis d'accorder le statut d'agr\u00e9\u00e9 \u00e0 ce jeune poulain magnifiquement \u00e9quilibr\u00e9 et tr\u00e8s harmonieux qui a convaincu avec une attitude vive sur une barri\u00e8re et trois allures expressives et correctes...\".<\/em><\/strong><\/p>\n\n\t\t<\/div>\n\t<\/div>\n\n\t<div  class=\"wpb_single_image wpb_content_element vc_align_left\">\n\t\t\n\t\t<figure class=\"wpb_wrapper vc_figure\">\n\t\t\t<div class=\"vc_single_image-wrapper   vc_box_border_grey\"><img width=\"150\" height=\"150\" src=\"https:\/\/seh-equine.com\/wp-content\/uploads\/2021\/10\/Screenshot-2021-10-28-at-18.59.48-150x150.png\" class=\"vc_single_image-img attachment-thumbnail\" alt=\"\" decoding=\"async\" loading=\"lazy\" \/><\/div>\n\t\t<\/figure>\n\t<\/div>\n<\/div><\/div><\/div><div class=\"wpb_column vc_column_container text-default vc_col-sm-4 vc_col-has-fill\"><div class=\"vc_column-inner vc_custom_1609769338301\"><div class=\"wpb_wrapper\">\n\t<div  class=\"wpb_single_image wpb_content_element vc_align_center\">\n\t\t\n\t\t<figure class=\"wpb_wrapper vc_figure\">\n\t\t\t<div class=\"vc_single_image-wrapper vc_box_shadow  vc_box_border_grey\"><img width=\"800\" height=\"545\" src=\"https:\/\/seh-equine.com\/wp-content\/uploads\/2020\/11\/Prophecy3.jpg\" class=\"vc_single_image-img attachment-full\" alt=\"\" decoding=\"async\" loading=\"lazy\" srcset=\"https:\/\/seh-equine.com\/wp-content\/uploads\/2020\/11\/Prophecy3.jpg 800w, https:\/\/seh-equine.com\/wp-content\/uploads\/2020\/11\/Prophecy3-510x347.jpg 510w, https:\/\/seh-equine.com\/wp-content\/uploads\/2020\/11\/Prophecy3-768x523.jpg 768w, https:\/\/seh-equine.com\/wp-content\/uploads\/2020\/11\/Prophecy3-16x12.jpg 16w\" sizes=\"(max-width: 800px) 100vw, 800px\" \/><\/div>\n\t\t<\/figure>\n\t<\/div>\n\n\t<div class=\"wpb_text_column wpb_content_element\" >\n\t\t<div class=\"wpb_wrapper\">\n\t\t\t<h3 style=\"font-weight: 400;\"><strong>Future Prophecy stud fee &#8211; Chilled and Frozen<\/strong><\/h3>\n<p style=\"font-weight: 400;\"><strong> \u20ac750<\/strong><\/p>\n<p>No foal, free return. Shipping costs payable Discounts can be discussed for multiple mares and premium mares.<\/p>\n<p style=\"font-weight: 400;\">In France, it is possible to pay 50% payment on order, plus shipment. 50% on the first of October. Please contact us for more information.<\/p>\n\n\t\t<\/div>\n\t<\/div>\n<div class=\"vc_btn3-container vc_btn3-center\" >\n\t<a class=\"vc_general vc_btn3 vc_btn3-size-lg vc_btn3-shape-round vc_btn3-style-3d vc_btn3-icon-left vc_btn3-color-primary\" href=\"https:\/\/seh-equine.com\/fr\/contact-us\/\" title=\"\"><i class=\"vc_btn3-icon fa fa-envelope\"><\/i> Obtenir plus d'informations<\/a><\/div>\n<\/div><\/div><\/div><\/div><div class=\"vc_row wpb_row vc_row-fluid unva-dhav-dotted vc_custom_1580499027528 vc_column-gap-10\"><div class=\"wpb_column vc_column_container text-default vc_col-sm-12\"><div class=\"vc_column-inner\"><div class=\"wpb_wrapper\"><div class=\"vc_btn3-container vc_btn3-center\" >\n\t<a class=\"vc_general vc_btn3 vc_btn3-size-lg vc_btn3-shape-round vc_btn3-style-3d vc_btn3-icon-left vc_btn3-color-primary\" href=\"https:\/\/seh-equine.com\/fr\/contact-us\/\" title=\"\"><i class=\"vc_btn3-icon fa fa-envelope\"><\/i> Obtenir plus d'informations<\/a><\/div>\n<div class=\"vc_row wpb_row vc_inner vc_row-fluid\"><div class=\"wpb_column vc_column_container vc_col-sm-6 vc_col-has-fill\"><div class=\"vc_column-inner vc_custom_1606044296423\"><div class=\"wpb_wrapper\"><div class=\"vc_empty_space\"   style=\"height: 300px\" ><span class=\"vc_empty_space_inner\"><\/span><\/div>\n<\/div><\/div><\/div><div class=\"wpb_column vc_column_container vc_col-sm-6\"><div class=\"vc_column-inner vc_custom_1592220059575\"><div class=\"wpb_wrapper\">\n\t<div class=\"wpb_video_widget wpb_content_element vc_clearfix   vc_video-aspect-ratio-169 vc_video-el-width-100 vc_video-align-center\" >\n\t\t<div class=\"wpb_wrapper\">\n\t\t\t\n\t\t\t<div class=\"wpb_video_wrapper\"><iframe title=\"Future Prophecy Stallion 2020 v2\" width=\"1170\" height=\"658\" src=\"https:\/\/www.youtube.com\/embed\/uLsxTbqEp1I?feature=oembed\" frameborder=\"0\" allow=\"accelerometer; autoplay; clipboard-write; encrypted-media; gyroscope; picture-in-picture\" allowfullscreen><\/iframe><\/div>\n\t\t<\/div>\n\t<\/div>\n<\/div><\/div><\/div><\/div><div class=\"vc_row wpb_row vc_inner vc_row-fluid\"><div class=\"wpb_column vc_column_container vc_col-sm-12 vc_col-has-fill\"><div class=\"vc_column-inner vc_custom_1592220069561\"><div class=\"wpb_wrapper\"><div class=\"vc_separator wpb_content_element vc_separator_align_center vc_sep_width_100 vc_sep_pos_align_center vc_sep_color_grey vc_separator-has-text\" ><span class=\"vc_sep_holder vc_sep_holder_l\"><span  class=\"vc_sep_line\"><\/span><\/span><h4>Plus d'informations<\/h4><span class=\"vc_sep_holder vc_sep_holder_r\"><span  class=\"vc_sep_line\"><\/span><\/span>\n<\/div><\/div><\/div><\/div><\/div><div class=\"vc_row wpb_row vc_inner vc_row-fluid\"><div class=\"wpb_column vc_column_container vc_col-sm-12\"><div class=\"vc_column-inner\"><div class=\"wpb_wrapper\">\n\t<div class=\"wpb_text_column wpb_content_element\" >\n\t\t<div class=\"wpb_wrapper\">\n\t\t\t<p><strong>Power Blade \u2013<\/strong><\/p>\n<p>Power Blade\u00a0showjumped to 1.30m level as a young horse before retiring to stud.\u00a0In 2005 he was crowned\u00a0<strong>Croker Cup Champion<\/strong>, a prestigious class for stallions, at the Royal Dublin Horse Show. Power Blade\u2019s quality and versatility as a thoroughbred stallion are proven by the success of his progeny, he has progeny competing internationally in the disciplines of eventing, show jumping and winning in the show ring.<strong>\u00a0<\/strong>His best known stock Eventing are Springpower \u2013 who was 2nd in the 2018 Blenheim International Horse Trials 8\/9 Yr old CIC*** class with Izzy Taylor,\u00a0<strong><em>Power Line<\/em><\/strong>\u00a0\u2013 2* event horse campaigned by Oliver Townend.\u00a0<strong><em>Power Drive<\/em><\/strong>\u00a0\u2013 In 2014 he was the champion at the Novice Final, and has been consistant to 2* level also under Oliver Townend.\u00a0<strong><em>BGS Juicy Fruit<\/em><\/strong>\u00a0\u2013 2* Event\u00a0mare, selected in Ireland for the World Championships for young horses at Le Lions d\u2019Angers in 2014.<\/p>\n<p>His best known Showjumpers are\u00a0<strong><em>Wexford<\/em><\/strong>\u00a0\u2013 Grand Prix winner, and wonderful campaigner, competed successfully to 1.60m level.\u00a0<strong><em>Shantonagh<\/em><\/strong>\u00a0\u2013 7 year old Champion in Ireland under Nicola FitzGibbon, 3rd in the 7yr old at RDS. Champion 7yr old at Barnadown.<\/p>\n<p>His best known Showing stock are\u00a0<strong><em>Hitman<\/em><\/strong>\u00a0\u2013 Light Weight Hunter Champion under Rob Walker,\u00a0<strong><em>Woodfield Indo<\/em><\/strong>\u00a0\u2013 Middle Weight Hunter Champion under Katie Jerram,\u00a0<strong><em>Springfield Ronda<\/em><\/strong>\u00a0\u2013 Winner of the All-Ireland Yearling and 2 yr old championships,\u00a0<strong><em>Chantry Clover Girl<\/em><\/strong>\u00a0\u2013 UK 3 yr old Supreme In Hand Champion Royal Show 2007, qualified HOYS Cuddy 2007, qualified HOYS 2014,\u00a0<strong><em>Jonnie the Fox<\/em><\/strong>\u00a0\u2013 LW Hunter Winner with Katie Jerram,\u00a0<strong><em>Aredis Power Beam<\/em><\/strong>\u00a0\u2013 Prolific in hand champion across the county show circuit in 2014.<\/p>\n<p><strong>Hand in Glove \u2013<\/strong><\/p>\n<p>Future Prophecy\u2019s dam-sire Hand in Glove needs no introduction \u2013 not only a Stakes winning racehorse, but also a Prix St Georges dressage horse and Grand Prix showjumper\u2026 a proverbial unicorn! He then went on to sire the Olympic showjumper and top eventing sire Jaguar Mail, as well as the Young Event Horse World Champion Lord de Ligniere. In the UK his most well known offspring is the CCI**** eventer Treason ridden by Sarah Cohen.<\/p>\n<p><strong>Future Golden Glove \u2013<\/strong><\/p>\n<p>Future Prophecy\u2019s dam Future Golden Glove is a mare of exceptional beauty, expressive movement and top class bloodlines to match.<\/p>\n<p>Her breeding combines the speed &amp; stamina of a proven winning classic distance thoroughbred race mare and Head Stud Book SHB(GB) graded mare, Persephone Heights who has already produced the 2008 BEF Res. Champion SJ Foal,\u00a0Future Poetry\u00a0and multiple County Show Winner &amp; BEF Elite Graded Event Foal,\u00a0Future Perfect Illusion.<\/p>\n<p><em>WFFS \u2013 Like his grand-sire Hand In Glove, and paternal sibling Jaguar Mail, Future Prophecy is a carrier of the WFFS gene.\u00a0 Mares nominated to Future Prophecy should have a simple DNA test via a hair sample to check they are not also a carrier. Please contact us if you would like more information on this.<\/em><\/p>\n\n\t\t<\/div>\n\t<\/div>\n<\/div><\/div><\/div><\/div><div class=\"vc_row wpb_row vc_inner vc_row-fluid\"><div class=\"wpb_column vc_column_container vc_col-sm-6\"><div class=\"vc_column-inner\"><div class=\"wpb_wrapper\">\n\t<div  class=\"wpb_single_image wpb_content_element vc_align_center  wpb_animate_when_almost_visible wpb_bounceIn bounceIn\">\n\t\t\n\t\t<figure class=\"wpb_wrapper vc_figure\">\n\t\t\t<a href=\"https:\/\/seh-equine.com\/wp-content\/uploads\/2024\/02\/Future-Prophacy-at-the-British-Breeding-Stallion-Presentation.jpg\" target=\"_self\" class=\"vc_single_image-wrapper vc_box_shadow_3d  vc_box_border_grey\"><img class=\"vc_single_image-img\" src=\"https:\/\/seh-equine.com\/wp-content\/uploads\/2024\/02\/Future-Prophacy-at-the-British-Breeding-Stallion-Presentation-400x300.jpg\" width=\"400\" height=\"300\" alt=\"Future Prophacy at the British Breeding Stallion Presentation\" title=\"Future Prophacy at the British Breeding Stallion Presentation\" \/><\/a>\n\t\t<\/figure>\n\t<\/div>\n<\/div><\/div><\/div><div class=\"wpb_column vc_column_container vc_col-sm-6\"><div class=\"vc_column-inner\"><div class=\"wpb_wrapper\">\n\t<div  class=\"wpb_single_image wpb_content_element vc_align_center  wpb_animate_when_almost_visible wpb_bounceIn bounceIn\">\n\t\t\n\t\t<figure class=\"wpb_wrapper vc_figure\">\n\t\t\t<a href=\"https:\/\/seh-equine.com\/wp-content\/uploads\/2024\/02\/Future-Prophecy-jump-900x666.jpg\" target=\"_self\" class=\"vc_single_image-wrapper vc_box_shadow_3d  vc_box_border_grey\"><img class=\"vc_single_image-img\" src=\"https:\/\/seh-equine.com\/wp-content\/uploads\/2024\/02\/Future-Prophecy-jump-400x300.jpg\" width=\"400\" height=\"300\" alt=\"Future Prophecy jump\" title=\"Future Prophecy jump\" \/><\/a>\n\t\t<\/figure>\n\t<\/div>\n<\/div><\/div><\/div><\/div><div class=\"vc_btn3-container vc_btn3-center\" >\n\t<a class=\"vc_general vc_btn3 vc_btn3-size-lg vc_btn3-shape-rounded vc_btn3-style-3d vc_btn3-block vc_btn3-icon-left vc_btn3-color-primary\" href=\"https:\/\/seh-equine.com\/fr\/contact-us\/\" title=\"\"><i class=\"vc_btn3-icon fa fa-envelope\"><\/i> Obtenir plus d'informations<\/a><\/div>\n<\/div><\/div><\/div><\/div><div class=\"vc_row wpb_row vc_row-fluid unva-dhav-dotted\"><div class=\"wpb_column vc_column_container text-default vc_col-sm-12\"><div class=\"vc_column-inner\"><div class=\"wpb_wrapper\">\n\t<div class=\"wpb_video_widget wpb_content_element vc_clearfix   vc_video-aspect-ratio-169 vc_video-el-width-100 vc_video-align-left\" >\n\t\t<div class=\"wpb_wrapper\">\n\t\t\t<h2 class=\"wpb_heading wpb_video_heading\">Future Prophecy in hand<\/h2>\n\t\t\t<div class=\"wpb_video_wrapper\"><iframe title=\"Future Prophecy,                  (Power Blade xx x Hand in Glove xx x Golden Heights xx)\" width=\"1170\" height=\"878\" src=\"https:\/\/www.youtube.com\/embed\/UHbUf6GBq_w?feature=oembed\" frameborder=\"0\" allow=\"accelerometer; autoplay; clipboard-write; encrypted-media; gyroscope; picture-in-picture; web-share\" allowfullscreen><\/iframe><\/div>\n\t\t<\/div>\n\t<\/div>\n<\/div><\/div><\/div><\/div>","protected":false},"excerpt":{"rendered":"Future Prophecy xx DOB: 2016 Height: 16.3hh Power Blade xx x Hand in Glove xx x Golden Heights xx Full thoroughbred Licenced AES Future Prophecy is a full thoroughbred stallion who is purpose-bred for sport.\u00a0 His pedigree is a who\u2019s who\u2019s of the top thoroughbred bloodlines in sport today. His stallion licensing scores were impressive,[...]","protected":false},"author":2,"featured_media":3010,"parent":742,"menu_order":0,"comment_status":"closed","ping_status":"closed","template":"","meta":[],"yoast_head":"<!-- This site is optimized with the Yoast SEO plugin v19.9 - https:\/\/yoast.com\/wordpress\/plugins\/seo\/ -->\n<title>Future Prophecy XX - Stallions.\u00c9talons.Hengste<\/title>\n<meta name=\"description\" content=\"Future Prophecy DOB: 2016Height: 16.3hhPower Blade xx x Hand in Glove xx x Golden Heights xx SFull thoroughbred stallion Licenced AES\" \/>\n<meta name=\"robots\" content=\"index, follow, max-snippet:-1, max-image-preview:large, max-video-preview:-1\" \/>\n<link rel=\"canonical\" href=\"https:\/\/seh-equine.com\/fr\/stallions\/futureprophecyxx-stallion\/\" \/>\n<meta property=\"og:locale\" content=\"fr_FR\" \/>\n<meta property=\"og:type\" content=\"article\" \/>\n<meta property=\"og:title\" content=\"Future Prophecy, the full thoroughbred stallion bred for sport\" \/>\n<meta property=\"og:description\" content=\"Future Prophecy is a full thoroughbred stallion who is purpose-bred for sport.\u00a0 His pedigree is a who\u2019s who\u2019s of the top thoroughbred bloodlines in sport today. His stallion licensing scores were impressive, particularly for his canter (9), jump (8.75) and trot (8.75) \u2013 areas that can be notoriously weak in full thoroughbreds.\" \/>\n<meta property=\"og:url\" content=\"https:\/\/seh-equine.com\/fr\/stallions\/futureprophecyxx-stallion\/\" \/>\n<meta property=\"og:site_name\" content=\"Stallions.\u00c9talons.Hengste\" \/>\n<meta property=\"article:modified_time\" content=\"2024-02-28T18:23:43+00:00\" \/>\n<meta property=\"og:image\" content=\"https:\/\/seh-equine.com\/wp-content\/uploads\/2024\/02\/Future-Prophacy-at-the-British-Breeding-Stallion-Presentation.jpg\" \/>\n\t<meta property=\"og:image:width\" content=\"724\" \/>\n\t<meta property=\"og:image:height\" content=\"719\" \/>\n\t<meta property=\"og:image:type\" content=\"image\/jpeg\" \/>\n<meta name=\"twitter:card\" content=\"summary_large_image\" \/>\n<meta name=\"twitter:title\" content=\"Future Prophecy, the full thoroughbred stallion bred for sport\" \/>\n<meta name=\"twitter:description\" content=\"Future Prophecy is a full thoroughbred stallion who is purpose-bred for sport.\u00a0 His pedigree is a who\u2019s who\u2019s of the top thoroughbred bloodlines in sport today. His stallion licensing scores were impressive, particularly for his canter (9), jump (8.75) and trot (8.75) \u2013 areas that can be notoriously weak in full thoroughbreds.\" \/>\n<meta name=\"twitter:image\" content=\"https:\/\/seh-equine.com\/wp-content\/uploads\/2024\/02\/Future-Prophacy-at-the-British-Breeding-Stallion-Presentation.jpg\" \/>\n<meta name=\"twitter:label1\" content=\"Dur\u00e9e de lecture estim\u00e9e\" \/>\n\t<meta name=\"twitter:data1\" content=\"4 minutes\" \/>\n<script type=\"application\/ld+json\" class=\"yoast-schema-graph\">{\"@context\":\"https:\/\/schema.org\",\"@graph\":[{\"@type\":\"WebPage\",\"@id\":\"https:\/\/seh-equine.com\/stallions\/futureprophecyxx-stallion\/\",\"url\":\"https:\/\/seh-equine.com\/stallions\/futureprophecyxx-stallion\/\",\"name\":\"Future Prophecy XX - Stallions.\u00c9talons.Hengste\",\"isPartOf\":{\"@id\":\"https:\/\/seh-equine.com\/#website\"},\"datePublished\":\"2020-11-22T11:19:32+00:00\",\"dateModified\":\"2024-02-28T18:23:43+00:00\",\"description\":\"Future Prophecy DOB: 2016Height: 16.3hhPower Blade xx x Hand in Glove xx x Golden Heights xx SFull thoroughbred stallion Licenced AES\",\"breadcrumb\":{\"@id\":\"https:\/\/seh-equine.com\/stallions\/futureprophecyxx-stallion\/#breadcrumb\"},\"inLanguage\":\"fr-FR\",\"potentialAction\":[{\"@type\":\"ReadAction\",\"target\":[\"https:\/\/seh-equine.com\/stallions\/futureprophecyxx-stallion\/\"]}]},{\"@type\":\"BreadcrumbList\",\"@id\":\"https:\/\/seh-equine.com\/stallions\/futureprophecyxx-stallion\/#breadcrumb\",\"itemListElement\":[{\"@type\":\"ListItem\",\"position\":1,\"name\":\"Home\",\"item\":\"https:\/\/seh-equine.com\/\"},{\"@type\":\"ListItem\",\"position\":2,\"name\":\"Stallions\",\"item\":\"https:\/\/seh-equine.com\/stallions\/\"},{\"@type\":\"ListItem\",\"position\":3,\"name\":\"Future Prophecy XX\"}]},{\"@type\":\"WebSite\",\"@id\":\"https:\/\/seh-equine.com\/#website\",\"url\":\"https:\/\/seh-equine.com\/\",\"name\":\"Stallions.\u00c9talons.Hengste\",\"description\":\"Equine Semen Agency\",\"publisher\":{\"@id\":\"https:\/\/seh-equine.com\/#organization\"},\"potentialAction\":[{\"@type\":\"SearchAction\",\"target\":{\"@type\":\"EntryPoint\",\"urlTemplate\":\"https:\/\/seh-equine.com\/?s={search_term_string}\"},\"query-input\":\"required name=search_term_string\"}],\"inLanguage\":\"fr-FR\"},{\"@type\":\"Organization\",\"@id\":\"https:\/\/seh-equine.com\/#organization\",\"name\":\"SEH Equine\",\"url\":\"https:\/\/seh-equine.com\/\",\"logo\":{\"@type\":\"ImageObject\",\"inLanguage\":\"fr-FR\",\"@id\":\"https:\/\/seh-equine.com\/#\/schema\/logo\/image\/\",\"url\":\"https:\/\/seh-equine.com\/wp-content\/uploads\/2020\/02\/Logo-1.png\",\"contentUrl\":\"https:\/\/seh-equine.com\/wp-content\/uploads\/2020\/02\/Logo-1.png\",\"width\":6900,\"height\":3289,\"caption\":\"SEH Equine\"},\"image\":{\"@id\":\"https:\/\/seh-equine.com\/#\/schema\/logo\/image\/\"}}]}<\/script>\n<!-- \/ Yoast SEO plugin. -->","yoast_head_json":{"title":"Future Prophecy XX - Stallions.\u00c9talons.Hengste","description":"Future Prophecy DOB: 2016Height: 16.3hhPower Blade xx x Hand in Glove xx x Golden Heights xx SFull thoroughbred stallion Licenced AES","robots":{"index":"index","follow":"follow","max-snippet":"max-snippet:-1","max-image-preview":"max-image-preview:large","max-video-preview":"max-video-preview:-1"},"canonical":"https:\/\/seh-equine.com\/fr\/stallions\/futureprophecyxx-stallion\/","og_locale":"fr_FR","og_type":"article","og_title":"Future Prophecy, the full thoroughbred stallion bred for sport","og_description":"Future Prophecy is a full thoroughbred stallion who is purpose-bred for sport.\u00a0 His pedigree is a who\u2019s who\u2019s of the top thoroughbred bloodlines in sport today. His stallion licensing scores were impressive, particularly for his canter (9), jump (8.75) and trot (8.75) \u2013 areas that can be notoriously weak in full thoroughbreds.","og_url":"https:\/\/seh-equine.com\/fr\/stallions\/futureprophecyxx-stallion\/","og_site_name":"Stallions.\u00c9talons.Hengste","article_modified_time":"2024-02-28T18:23:43+00:00","og_image":[{"width":724,"height":719,"url":"https:\/\/seh-equine.com\/wp-content\/uploads\/2024\/02\/Future-Prophacy-at-the-British-Breeding-Stallion-Presentation.jpg","type":"image\/jpeg"}],"twitter_card":"summary_large_image","twitter_title":"Future Prophecy, the full thoroughbred stallion bred for sport","twitter_description":"Future Prophecy is a full thoroughbred stallion who is purpose-bred for sport.\u00a0 His pedigree is a who\u2019s who\u2019s of the top thoroughbred bloodlines in sport today. His stallion licensing scores were impressive, particularly for his canter (9), jump (8.75) and trot (8.75) \u2013 areas that can be notoriously weak in full thoroughbreds.","twitter_image":"https:\/\/seh-equine.com\/wp-content\/uploads\/2024\/02\/Future-Prophacy-at-the-British-Breeding-Stallion-Presentation.jpg","twitter_misc":{"Dur\u00e9e de lecture estim\u00e9e":"4 minutes"},"schema":{"@context":"https:\/\/schema.org","@graph":[{"@type":"WebPage","@id":"https:\/\/seh-equine.com\/stallions\/futureprophecyxx-stallion\/","url":"https:\/\/seh-equine.com\/stallions\/futureprophecyxx-stallion\/","name":"Future Prophecy XX - Stallions.\u00c9talons.Hengste","isPartOf":{"@id":"https:\/\/seh-equine.com\/#website"},"datePublished":"2020-11-22T11:19:32+00:00","dateModified":"2024-02-28T18:23:43+00:00","description":"Future Prophecy DOB: 2016Height: 16.3hhPower Blade xx x Hand in Glove xx x Golden Heights xx SFull thoroughbred stallion Licenced AES","breadcrumb":{"@id":"https:\/\/seh-equine.com\/stallions\/futureprophecyxx-stallion\/#breadcrumb"},"inLanguage":"fr-FR","potentialAction":[{"@type":"ReadAction","target":["https:\/\/seh-equine.com\/stallions\/futureprophecyxx-stallion\/"]}]},{"@type":"BreadcrumbList","@id":"https:\/\/seh-equine.com\/stallions\/futureprophecyxx-stallion\/#breadcrumb","itemListElement":[{"@type":"ListItem","position":1,"name":"Home","item":"https:\/\/seh-equine.com\/"},{"@type":"ListItem","position":2,"name":"Stallions","item":"https:\/\/seh-equine.com\/stallions\/"},{"@type":"ListItem","position":3,"name":"Future Prophecy XX"}]},{"@type":"WebSite","@id":"https:\/\/seh-equine.com\/#website","url":"https:\/\/seh-equine.com\/","name":"Stallions.\u00c9talons.Hengste","description":"Equine Semen Agency","publisher":{"@id":"https:\/\/seh-equine.com\/#organization"},"potentialAction":[{"@type":"SearchAction","target":{"@type":"EntryPoint","urlTemplate":"https:\/\/seh-equine.com\/?s={search_term_string}"},"query-input":"required name=search_term_string"}],"inLanguage":"fr-FR"},{"@type":"Organization","@id":"https:\/\/seh-equine.com\/#organization","name":"SEH Equine","url":"https:\/\/seh-equine.com\/","logo":{"@type":"ImageObject","inLanguage":"fr-FR","@id":"https:\/\/seh-equine.com\/#\/schema\/logo\/image\/","url":"https:\/\/seh-equine.com\/wp-content\/uploads\/2020\/02\/Logo-1.png","contentUrl":"https:\/\/seh-equine.com\/wp-content\/uploads\/2020\/02\/Logo-1.png","width":6900,"height":3289,"caption":"SEH Equine"},"image":{"@id":"https:\/\/seh-equine.com\/#\/schema\/logo\/image\/"}}]}},"_links":{"self":[{"href":"https:\/\/seh-equine.com\/fr\/wp-json\/wp\/v2\/pages\/2035"}],"collection":[{"href":"https:\/\/seh-equine.com\/fr\/wp-json\/wp\/v2\/pages"}],"about":[{"href":"https:\/\/seh-equine.com\/fr\/wp-json\/wp\/v2\/types\/page"}],"author":[{"embeddable":true,"href":"https:\/\/seh-equine.com\/fr\/wp-json\/wp\/v2\/users\/2"}],"replies":[{"embeddable":true,"href":"https:\/\/seh-equine.com\/fr\/wp-json\/wp\/v2\/comments?post=2035"}],"version-history":[{"count":17,"href":"https:\/\/seh-equine.com\/fr\/wp-json\/wp\/v2\/pages\/2035\/revisions"}],"predecessor-version":[{"id":3042,"href":"https:\/\/seh-equine.com\/fr\/wp-json\/wp\/v2\/pages\/2035\/revisions\/3042"}],"up":[{"embeddable":true,"href":"https:\/\/seh-equine.com\/fr\/wp-json\/wp\/v2\/pages\/742"}],"wp:featuredmedia":[{"embeddable":true,"href":"https:\/\/seh-equine.com\/fr\/wp-json\/wp\/v2\/media\/3010"}],"wp:attachment":[{"href":"https:\/\/seh-equine.com\/fr\/wp-json\/wp\/v2\/media?parent=2035"}],"curies":[{"name":"wp","href":"https:\/\/api.w.org\/{rel}","templated":true}]}}