{"id":1810,"date":"2020-03-03T20:49:56","date_gmt":"2020-03-03T20:49:56","guid":{"rendered":"https:\/\/seh-equine.com\/?page_id=1810"},"modified":"2026-03-15T17:59:06","modified_gmt":"2026-03-15T17:59:06","slug":"obos-quality-004","status":"publish","type":"page","link":"https:\/\/seh-equine.com\/fr\/stallions\/obos-quality-004\/","title":{"rendered":"OBOS Quality 004 WBFSH #2 Eventing Sire"},"content":{"rendered":"<div class=\"vc_row wpb_row vc_row-fluid unva-dhav-dotted\"><div class=\"wpb_column vc_column_container text-default vc_col-sm-12 vc_hidden-lg\"><div class=\"vc_column-inner\"><div class=\"wpb_wrapper\">\n\t<div  class=\"wpb_single_image wpb_content_element vc_align_left\">\n\t\t\n\t\t<figure class=\"wpb_wrapper vc_figure\">\n\t\t\t<div class=\"vc_single_image-wrapper   vc_box_border_grey\"><img width=\"2140\" height=\"1760\" src=\"https:\/\/seh-equine.com\/wp-content\/uploads\/2021\/02\/OBOS-2-min.png\" class=\"vc_single_image-img attachment-full\" alt=\"\" decoding=\"async\" loading=\"lazy\" srcset=\"https:\/\/seh-equine.com\/wp-content\/uploads\/2021\/02\/OBOS-2-min.png 2140w, https:\/\/seh-equine.com\/wp-content\/uploads\/2021\/02\/OBOS-2-min-510x419.png 510w, https:\/\/seh-equine.com\/wp-content\/uploads\/2021\/02\/OBOS-2-min-900x740.png 900w, https:\/\/seh-equine.com\/wp-content\/uploads\/2021\/02\/OBOS-2-min-768x632.png 768w, https:\/\/seh-equine.com\/wp-content\/uploads\/2021\/02\/OBOS-2-min-1536x1263.png 1536w, https:\/\/seh-equine.com\/wp-content\/uploads\/2021\/02\/OBOS-2-min-2048x1684.png 2048w, https:\/\/seh-equine.com\/wp-content\/uploads\/2021\/02\/OBOS-2-min-16x12.png 16w\" sizes=\"(max-width: 2140px) 100vw, 2140px\" \/><\/div>\n\t\t<\/figure>\n\t<\/div>\n<\/div><\/div><\/div><\/div><div class=\"vc_row wpb_row vc_row-fluid unva-dhav-dotted vc_custom_1580499027528 vc_column-gap-10\"><div class=\"wpb_column vc_column_container text-default vc_col-sm-8\"><div class=\"vc_column-inner\"><div class=\"wpb_wrapper\">\n\t<div class=\"wpb_text_column wpb_content_element\" >\n\t\t<div class=\"wpb_wrapper\">\n\t\t\t<h1 style=\"text-align: center;\">OBOS Quality 004<\/h1>\n<h1 style=\"text-align: center;\">N\u00b02 des \u00e9talons de CCE du classement WBFSH<\/h1>\n<p>&nbsp;<\/p>\n<p><em>P\u00e8re reconnu de chevaux de concours complet et de saut d'obstacles de haut niveau. Approuv\u00e9 aux stud-books Oldenburg, Irish Sport Horse, Selle Fran\u00e7ais, OS-International. 168 cm, 1992.<\/em><\/p>\n<p>En 2022, il est class\u00e9 \u00e0 la 2e place de la WBFSH pour les \u00e9talons de concours complet et en 2022, il est dans le top 100, \u00e0 la 71e place pour les \u00e9talons de saut d'obstacles.<\/p>\n\n\t\t<\/div>\n\t<\/div>\n<div class=\"vc_separator wpb_content_element vc_separator_align_center vc_sep_width_100 vc_sep_dashed vc_sep_border_width_2 vc_sep_pos_align_center vc_separator_no_text vc_sep_color_grey\" ><span class=\"vc_sep_holder vc_sep_holder_l\"><span  class=\"vc_sep_line\"><\/span><\/span><span class=\"vc_sep_holder vc_sep_holder_r\"><span  class=\"vc_sep_line\"><\/span><\/span>\n<\/div>\n\t<div class=\"wpb_text_column wpb_content_element\" >\n\t\t<div class=\"wpb_wrapper\">\n\t\t\t<p class=\"_04xlpA direction-ltr align-start para-style-body\"><span class=\"JsGRdQ\">Ses premi\u00e8res prog\u00e9nitures <\/span><a class=\"JsGRdQ\" draggable=\"false\" href=\"https:\/\/www.fei.org\/horse\/castlefield-eclipse\" target=\"_blank\" rel=\"noopener noreferrer\">incluent l'Olympique Castlefield Eclipse<\/a><span class=\"JsGRdQ\"> et la jument Lisona all\u00e9e en Coupe des Nations.<\/span> \u00a0<span class=\"JsGRdQ\">S'il ne fallait mentionner que quelques uns de ses produits au niveau international, il faudrait \u00e9voquer Mark Q, Gowran Park, Badgerhill Quality et Shane Breen\u2019s KBS Major Player.<\/span><\/p>\n<p class=\"_04xlpA direction-ltr align-start para-style-body\"><span class=\"JsGRdQ\">Sur les terrains de concours complet, ses produits s'illustrent par leur facilit\u00e9, leurs grandes foul\u00e9es et leur bravoure.<\/span> <span class=\"JsGRdQ\">La liste non exhaustive mais repr\u00e9sentative de la qualit\u00e9 des produits d'Obos est compos\u00e9e de Ballingowan Pizzaz, ODT Maisie Grey, OBOS Apollo, OBOS Reilly, Laukaun Quality, MHS Cooley Quality, Ballybawn Fernhill, Sportsfield Quality.\u00a0 \nOBOS Colombus mont\u00e9 par Mark Todd, MGH Grafton Street la star de Pippa Funnell \u00e0 Burghley, ou encore<\/span> <span class=\"JsGRdQ\">Brookfield Quality de Piggy French, en sont d'autres exemples frappants.<\/span><\/p>\n<p>&nbsp;<\/p>\n<p>In 2021 Obos Quality, he has 6 offspring in 7yr old \ud835\udc05\ud835\udc04\ud835\udc08\/\ud835\uddea\ud835\udc01\ud835\udc05\ud835\udc12\ud835\udc07 <a href=\"https:\/\/www.hippomundo.com\/en\/news\/le-lion-d-angers-2021?fbclid=IwAR0AnNVzgmhqPhxEAZN1fau9nk9hiS2tvscCy9VLHQM_ONw8RbPy-KhTRps\"><strong>FEI\/WBFSH E\ud835\udc2f\ud835\udc1e\ud835\udc27\ud835\udc2d\ud835\udc22\ud835\udc27\ud835\udc20<\/strong> \ud835\uddea\ud835\udc28\ud835\udc2b\ud835\udc25\ud835\udc1d \ud835\udc02\ud835\udc21\ud835\udc1a\ud835\udc26\ud835\udc29\ud835\udc22\ud835\udc28\ud835\udc27\ud835\udc2c\ud835\udc21\ud835\udc22\ud835\udc29\ud835\udc2c \ud835\udc1f\ud835\udc28\ud835\udc2b \ud835\udc18\ud835\udc28\ud835\udc2e\ud835\udc27\ud835\udc20 \ud835\udc07\ud835\udc28\ud835\udc2b\ud835\udc2c\ud835\udc1e\ud835\udc2c \ud835\udfd0\ud835\udfce\ud835\udfd0\ud835\udfcf \ud835\udc22\ud835\udc27 \ud835\udc0b\ud835\udc1e \ud835\udc0b\ud835\udc22\ud835\udc28\ud835\udc27 \ud835\udc1d&#8217;\ud835\udc00\ud835\udc27\ud835\udc20\ud835\udc1e\ud835\udc2b\ud835\udc2c <\/a>. That\u2019s 10 percent of the total entries in that class.\u00a0 An awesome achievement.<\/p>\n<p class=\"_04xlpA direction-ltr align-start para-style-body\"><span class=\"JsGRdQ\">OBOS Quality a lui-m\u00eame concouru au niveau du Grand Prix international et de la Coupe des Nations avec Denis Coakley et Dermott Lennon.  En septembre 2022, ABC Quantum Cruise (OBOS Quality X Cruising) \u00e9tait le meilleur cheval d'obstacle irlandais dans les classements de la WBFSH.  ABC Quantum Cruise et Hector Florentino ont connu une saison tr\u00e8s fructueuse aux Etats-Unis, remportant notamment le Class 4-FEI $75,000 Tryon Spring 4 Grand Prix.\u00a0<\/span><\/p>\n<p>&nbsp;<\/p>\n<p><a href=\"https:\/\/www.facebook.com\/OBOS-Quality-102917541851352\" target=\"_blank\" rel=\"noopener noreferrer\"><strong>Suivez ma page Facebook pour les mises \u00e0 jour<\/strong><\/a><\/p>\n<p><strong><span style=\"color: #0000ff;\">Classement WBFSH des Etalons en 2023: https:\/\/wbfsh.com\/sire-rankings<\/span><\/strong><\/p>\n\n\t\t<\/div>\n\t<\/div>\n<\/div><\/div><\/div><div class=\"wpb_column vc_column_container text-default vc_col-sm-4 vc_col-has-fill\"><div class=\"vc_column-inner vc_custom_1609769338301\"><div class=\"wpb_wrapper\">\n\t<div  class=\"wpb_single_image wpb_content_element vc_align_center\">\n\t\t\n\t\t<figure class=\"wpb_wrapper vc_figure\">\n\t\t\t<div class=\"vc_single_image-wrapper vc_box_shadow  vc_box_border_grey\"><img width=\"1312\" height=\"2000\" src=\"https:\/\/seh-equine.com\/wp-content\/uploads\/2022\/12\/OBOS-Quality-1.jpg\" class=\"vc_single_image-img attachment-full\" alt=\"\" decoding=\"async\" loading=\"lazy\" srcset=\"https:\/\/seh-equine.com\/wp-content\/uploads\/2022\/12\/OBOS-Quality-1.jpg 1312w, https:\/\/seh-equine.com\/wp-content\/uploads\/2022\/12\/OBOS-Quality-1-335x510.jpg 335w, https:\/\/seh-equine.com\/wp-content\/uploads\/2022\/12\/OBOS-Quality-1-590x900.jpg 590w, https:\/\/seh-equine.com\/wp-content\/uploads\/2022\/12\/OBOS-Quality-1-768x1171.jpg 768w, https:\/\/seh-equine.com\/wp-content\/uploads\/2022\/12\/OBOS-Quality-1-1008x1536.jpg 1008w, https:\/\/seh-equine.com\/wp-content\/uploads\/2022\/12\/OBOS-Quality-1-8x12.jpg 8w\" sizes=\"(max-width: 1312px) 100vw, 1312px\" \/><\/div>\n\t\t<\/figure>\n\t<\/div>\n\n\t<div class=\"wpb_text_column wpb_content_element\" >\n\t\t<div class=\"wpb_wrapper\">\n\t\t\t<h3 style=\"font-weight: 400;\"><strong>Frais de saillie Obos Quality \u2013 Semence congel\u00e9e<\/strong><\/h3>\n<p style=\"font-weight: 400;\"><strong> \u20ac1100<\/strong><\/p>\n<p style=\"font-weight: 400;\">Garantie poulains vivants \u2013 retour gratuit.\nLes frais d\u2019exp\u00e9dition sont \u00e0 la charge de l\u2019acheteur.\nDes r\u00e9ductions peuvent \u00eatre envisag\u00e9es pour plusieurs juments ou pour des juments de qualit\u00e9 premium.\nMerci de nous contacter pour plus d\u2019informations.<\/p>\n<p>FRANCE &#8211;<\/p>\n<p>IAC : 550\u20ac \u00e0 la r\u00e9servation + 550\u20ac poulain vivant 48 heures<\/p>\n\n\t\t<\/div>\n\t<\/div>\n<div class=\"vc_btn3-container vc_btn3-center\" >\n\t<a class=\"vc_general vc_btn3 vc_btn3-size-lg vc_btn3-shape-round vc_btn3-style-3d vc_btn3-icon-left vc_btn3-color-primary\" href=\"https:\/\/seh-equine.com\/fr\/contact-us\/\" title=\"\"><i class=\"vc_btn3-icon fa fa-envelope\"><\/i> Obtenir plus d'informations<\/a><\/div>\n<div class=\"vc_btn3-container vc_btn3-center\" >\n\t<a class=\"vc_general vc_btn3 vc_btn3-size-lg vc_btn3-shape-round vc_btn3-style-3d vc_btn3-icon-left vc_btn3-color-primary\" href=\"https:\/\/drive.google.com\/file\/d\/1w2vgZLyhrpSxMNQfU5ZLNHknc8wfNOXJ\/view?usp=sharing\" title=\"\" target=\"_blank\"><i class=\"vc_btn3-icon fa fa-envelope\"><\/i> Obtenir un contrat de saillie<\/a><\/div>\n<\/div><\/div><\/div><\/div><div class=\"vc_row wpb_row vc_row-fluid unva-dhav-dotted\"><div class=\"wpb_column vc_column_container text-default vc_col-sm-12\"><div class=\"vc_column-inner\"><div class=\"wpb_wrapper\"><div class=\"vc_separator wpb_content_element vc_separator_align_center vc_sep_width_100 vc_sep_pos_align_center vc_separator_no_text vc_sep_color_grey\" ><span class=\"vc_sep_holder vc_sep_holder_l\"><span  class=\"vc_sep_line\"><\/span><\/span><span class=\"vc_sep_holder vc_sep_holder_r\"><span  class=\"vc_sep_line\"><\/span><\/span>\n<\/div><\/div><\/div><\/div><\/div><div class=\"vc_row wpb_row vc_row-fluid unva-dhav-dotted vc_custom_1580499027528 vc_column-gap-10\"><div class=\"wpb_column vc_column_container text-default vc_col-sm-12\"><div class=\"vc_column-inner\"><div class=\"wpb_wrapper\"><div class=\"vc_row wpb_row vc_inner vc_row-fluid\"><div class=\"wpb_column vc_column_container vc_col-sm-6 vc_col-has-fill\"><div class=\"vc_column-inner vc_custom_1593874154262\"><div class=\"wpb_wrapper\"><div class=\"vc_empty_space\"   style=\"height: 350px\" ><span class=\"vc_empty_space_inner\"><\/span><\/div>\n<\/div><\/div><\/div><div class=\"wpb_column vc_column_container vc_col-sm-6\"><div class=\"vc_column-inner\"><div class=\"wpb_wrapper\"><div class=\"vc_separator wpb_content_element vc_separator_align_center vc_sep_width_100 vc_sep_pos_align_center vc_sep_color_grey vc_separator-has-text\" ><span class=\"vc_sep_holder vc_sep_holder_l\"><span  class=\"vc_sep_line\"><\/span><\/span><h4>D\u00e9tails du pedigree<\/h4><span class=\"vc_sep_holder vc_sep_holder_r\"><span  class=\"vc_sep_line\"><\/span><\/span>\n<\/div>\n\t<div  class=\"wpb_single_image wpb_content_element vc_align_center  wpb_animate_when_almost_visible wpb_bounceIn bounceIn\">\n\t\t\n\t\t<figure class=\"wpb_wrapper vc_figure\">\n\t\t\t<a href=\"https:\/\/sporthorse-data.com\/pedigree\/obos-quality\" target=\"_blank\" class=\"vc_single_image-wrapper vc_box_shadow_3d  vc_box_border_grey\"><img width=\"510\" height=\"154\" src=\"https:\/\/seh-equine.com\/wp-content\/uploads\/2020\/03\/Screenshot-2020-03-03-at-20.48.39-510x154.png\" class=\"vc_single_image-img attachment-medium\" alt=\"\" decoding=\"async\" loading=\"lazy\" srcset=\"https:\/\/seh-equine.com\/wp-content\/uploads\/2020\/03\/Screenshot-2020-03-03-at-20.48.39-510x154.png 510w, https:\/\/seh-equine.com\/wp-content\/uploads\/2020\/03\/Screenshot-2020-03-03-at-20.48.39-900x272.png 900w, https:\/\/seh-equine.com\/wp-content\/uploads\/2020\/03\/Screenshot-2020-03-03-at-20.48.39-768x232.png 768w, https:\/\/seh-equine.com\/wp-content\/uploads\/2020\/03\/Screenshot-2020-03-03-at-20.48.39-600x182.png 600w, https:\/\/seh-equine.com\/wp-content\/uploads\/2020\/03\/Screenshot-2020-03-03-at-20.48.39.png 1434w\" sizes=\"(max-width: 510px) 100vw, 510px\" \/><\/a>\n\t\t<\/figure>\n\t<\/div>\n<div class=\"vc_btn3-container vc_btn3-center\" >\n\t<a class=\"vc_general vc_btn3 vc_btn3-size-sm vc_btn3-shape-round vc_btn3-style-3d vc_btn3-icon-left vc_btn3-color-primary\" href=\"https:\/\/sporthorse-data.com\/pedigree\/obos-quality\" title=\"\" target=\"_blank\"><i class=\"vc_btn3-icon fa fa-mouse-pointer\"><\/i> En savoir plus<\/a><\/div>\n<\/div><\/div><\/div><\/div><div class=\"vc_row wpb_row vc_inner vc_row-fluid\"><div class=\"wpb_column vc_column_container vc_col-sm-12 vc_col-has-fill\"><div class=\"vc_column-inner vc_custom_1592223046948\"><div class=\"wpb_wrapper\"><div class=\"vc_separator wpb_content_element vc_separator_align_center vc_sep_width_100 vc_sep_pos_align_center vc_sep_color_grey vc_separator-has-text\" ><span class=\"vc_sep_holder vc_sep_holder_l\"><span  class=\"vc_sep_line\"><\/span><\/span><h4>Produits :<\/h4><span class=\"vc_sep_holder vc_sep_holder_r\"><span  class=\"vc_sep_line\"><\/span><\/span>\n<\/div><div class=\"vc_btn3-container vc_btn3-center\" >\n\t<a class=\"vc_general vc_btn3 vc_btn3-size-sm vc_btn3-shape-round vc_btn3-style-3d vc_btn3-color-primary\" href=\"https:\/\/www.fei.org\/horse\/castlefield-eclipse\" title=\"\" target=\"_blank\">Castlefield Eclipse by OBOS Quality 004<\/a><\/div>\n<\/div><\/div><\/div><\/div><div class=\"vc_row wpb_row vc_inner vc_row-fluid vc_custom_1672756144707\"><div class=\"wpb_column vc_column_container vc_col-sm-4 vc_col-has-fill\"><div class=\"vc_column-inner vc_custom_1592223111485\"><div class=\"wpb_wrapper\">\n\t<div  class=\"wpb_single_image wpb_content_element vc_align_center\">\n\t\t\n\t\t<figure class=\"wpb_wrapper vc_figure\">\n\t\t\t<div class=\"vc_single_image-wrapper   vc_box_border_grey\"><img class=\"vc_single_image-img\" src=\"https:\/\/seh-equine.com\/wp-content\/uploads\/2021\/10\/LeB-Empress.png\" width=\"526\" height=\"348\" alt=\"LeB Empress\" title=\"LeB Empress\" \/><\/div>\n\t\t<\/figure>\n\t<\/div>\n\n\t<div class=\"wpb_text_column wpb_content_element\" >\n\t\t<div class=\"wpb_wrapper\">\n\t\t\t<p>Cathal Daniels and Leb Empress au Championnat international FEI\/WBFSH des Jeunes Chevaux de Concours complets au Lion d'Angers en 2020.<\/p>\n\n\t\t<\/div>\n\t<\/div>\n<\/div><\/div><\/div><div class=\"wpb_column vc_column_container vc_col-sm-4 vc_col-has-fill\"><div class=\"vc_column-inner vc_custom_1592223101171\"><div class=\"wpb_wrapper\">\n\t<div  class=\"wpb_single_image wpb_content_element vc_align_center\">\n\t\t\n\t\t<figure class=\"wpb_wrapper vc_figure\">\n\t\t\t<div class=\"vc_single_image-wrapper   vc_box_border_grey\"><img class=\"vc_single_image-img\" src=\"https:\/\/seh-equine.com\/wp-content\/uploads\/2020\/06\/89760119_217223339646476_512675737723994112_n-600x400.jpg\" width=\"600\" height=\"400\" alt=\"Mare owned by Emma Silman out of Aldatus mare\" title=\"89760119_217223339646476_512675737723994112_n\" \/><\/div><figcaption class=\"vc_figure-caption\">Jument poss\u00e9d\u00e9e par Emma Silman issue d'une jument par Aldatus.<\/figcaption>\n\t\t<\/figure>\n\t<\/div>\n<\/div><\/div><\/div><\/div><div class=\"vc_row wpb_row vc_inner vc_row-fluid\"><div class=\"wpb_column vc_column_container vc_col-sm-6\"><div class=\"vc_column-inner\"><div class=\"wpb_wrapper\">\n\t<div class=\"wpb_raw_code wpb_content_element wpb_raw_html\" >\n\t\t<div class=\"wpb_wrapper\">\n\t\t\t<iframe width=\"560\" height=\"315\" src=\"https:\/\/www.youtube.com\/embed\/zNo96-YYS3s\" frameborder=\"0\" allow=\"accelerometer; autoplay; encrypted-media; gyroscope; picture-in-picture\" allowfullscreen><\/iframe>\n\t\t<\/div>\n\t<\/div>\n<\/div><\/div><\/div><div class=\"wpb_column vc_column_container vc_col-sm-6\"><div class=\"vc_column-inner\"><div class=\"wpb_wrapper\">\n\t<div class=\"wpb_raw_code wpb_content_element wpb_raw_html\" >\n\t\t<div class=\"wpb_wrapper\">\n\t\t\t<iframe width=\"560\" height=\"315\" src=\"https:\/\/www.youtube.com\/embed\/DZTGpfpvU1Y\" frameborder=\"0\" allow=\"accelerometer; autoplay; encrypted-media; gyroscope; picture-in-picture\" allowfullscreen><\/iframe>\n\t\t<\/div>\n\t<\/div>\n<\/div><\/div><\/div><\/div><div class=\"vc_btn3-container vc_btn3-center\" >\n\t<a class=\"vc_general vc_btn3 vc_btn3-size-lg vc_btn3-shape-round vc_btn3-style-3d vc_btn3-block vc_btn3-icon-left vc_btn3-color-primary\" href=\"https:\/\/seh-equine.com\/fr\/contact-us\/\" title=\"\"><i class=\"vc_btn3-icon fa fa-envelope\"><\/i> Obtenir plus d'informations<\/a><\/div>\n<\/div><\/div><\/div><\/div>","protected":false},"excerpt":{"rendered":"OBOS Quality 004 WBFSH Stallion Ranking #2 for Eventing &nbsp; Proven Sire of top-level eventers and show jumpers. Oldenburg, ISH studbook, Selle Francais, OS-International. 168 cm 1992. In 2022 he is Ranked 2rd place in the WBFSH for Eventing Stallions and in 2022 was in the top 100, at 71st place for Show Jumping Stallions.[...]","protected":false},"author":1,"featured_media":2186,"parent":742,"menu_order":0,"comment_status":"closed","ping_status":"closed","template":"","meta":[],"yoast_head":"<!-- This site is optimized with the Yoast SEO plugin v19.9 - https:\/\/yoast.com\/wordpress\/plugins\/seo\/ -->\n<title>OBOS Quality 004 WBFSH #2 Eventing Sire<\/title>\n<meta name=\"description\" content=\"Proven Sire of top-level eventers and show jumpers. Oldenburg, ISH studbook, Selle Francais, OS-International. 168 cm 1992.In 2022 he is Ranked 2rd place in the WBFSH for Eventing Stallions and in 2022 was in the top 100, at 71st place for Show Jumping Stallions.\" \/>\n<meta name=\"robots\" content=\"index, follow, max-snippet:-1, max-image-preview:large, max-video-preview:-1\" \/>\n<link rel=\"canonical\" href=\"https:\/\/seh-equine.com\/fr\/stallions\/obos-quality-004\/\" \/>\n<meta property=\"og:locale\" content=\"fr_FR\" \/>\n<meta property=\"og:type\" content=\"article\" \/>\n<meta property=\"og:title\" content=\"OBOS Quality 004 WBFSH #2 Eventing Sire\" \/>\n<meta property=\"og:description\" content=\"Proven Sire of top-level eventers and show jumpers. Oldenburg, ISH studbook, Selle Francais, OS-International. 168 cm 1992.In 2022 he is Ranked 2rd place in the WBFSH for Eventing Stallions and in 2022 was in the top 100, at 71st place for Show Jumping Stallions.\" \/>\n<meta property=\"og:url\" content=\"https:\/\/seh-equine.com\/fr\/stallions\/obos-quality-004\/\" \/>\n<meta property=\"og:site_name\" content=\"Stallions.\u00c9talons.Hengste\" \/>\n<meta property=\"article:modified_time\" content=\"2026-03-15T17:59:06+00:00\" \/>\n<meta property=\"og:image\" content=\"https:\/\/seh-equine.com\/wp-content\/uploads\/2021\/02\/OBOS-2-min.png\" \/>\n\t<meta property=\"og:image:width\" content=\"2140\" \/>\n\t<meta property=\"og:image:height\" content=\"1760\" \/>\n\t<meta property=\"og:image:type\" content=\"image\/png\" \/>\n<meta name=\"twitter:card\" content=\"summary_large_image\" \/>\n<meta name=\"twitter:label1\" content=\"Dur\u00e9e de lecture estim\u00e9e\" \/>\n\t<meta name=\"twitter:data1\" content=\"3 minutes\" \/>\n<script type=\"application\/ld+json\" class=\"yoast-schema-graph\">{\"@context\":\"https:\/\/schema.org\",\"@graph\":[{\"@type\":\"WebPage\",\"@id\":\"https:\/\/seh-equine.com\/stallions\/obos-quality-004\/\",\"url\":\"https:\/\/seh-equine.com\/stallions\/obos-quality-004\/\",\"name\":\"OBOS Quality 004 WBFSH #2 Eventing Sire\",\"isPartOf\":{\"@id\":\"https:\/\/seh-equine.com\/#website\"},\"datePublished\":\"2020-03-03T20:49:56+00:00\",\"dateModified\":\"2026-03-15T17:59:06+00:00\",\"description\":\"Proven Sire of top-level eventers and show jumpers. Oldenburg, ISH studbook, Selle Francais, OS-International. 168 cm 1992.In 2022 he is Ranked 2rd place in the WBFSH for Eventing Stallions and in 2022 was in the top 100, at 71st place for Show Jumping Stallions.\",\"breadcrumb\":{\"@id\":\"https:\/\/seh-equine.com\/stallions\/obos-quality-004\/#breadcrumb\"},\"inLanguage\":\"fr-FR\",\"potentialAction\":[{\"@type\":\"ReadAction\",\"target\":[\"https:\/\/seh-equine.com\/stallions\/obos-quality-004\/\"]}]},{\"@type\":\"BreadcrumbList\",\"@id\":\"https:\/\/seh-equine.com\/stallions\/obos-quality-004\/#breadcrumb\",\"itemListElement\":[{\"@type\":\"ListItem\",\"position\":1,\"name\":\"Home\",\"item\":\"https:\/\/seh-equine.com\/\"},{\"@type\":\"ListItem\",\"position\":2,\"name\":\"Stallions\",\"item\":\"https:\/\/seh-equine.com\/stallions\/\"},{\"@type\":\"ListItem\",\"position\":3,\"name\":\"OBOS Quality 004 WBFSH #2 Eventing Sire\"}]},{\"@type\":\"WebSite\",\"@id\":\"https:\/\/seh-equine.com\/#website\",\"url\":\"https:\/\/seh-equine.com\/\",\"name\":\"Stallions.\u00c9talons.Hengste\",\"description\":\"Equine Semen Agency\",\"publisher\":{\"@id\":\"https:\/\/seh-equine.com\/#organization\"},\"potentialAction\":[{\"@type\":\"SearchAction\",\"target\":{\"@type\":\"EntryPoint\",\"urlTemplate\":\"https:\/\/seh-equine.com\/?s={search_term_string}\"},\"query-input\":\"required name=search_term_string\"}],\"inLanguage\":\"fr-FR\"},{\"@type\":\"Organization\",\"@id\":\"https:\/\/seh-equine.com\/#organization\",\"name\":\"SEH Equine\",\"url\":\"https:\/\/seh-equine.com\/\",\"logo\":{\"@type\":\"ImageObject\",\"inLanguage\":\"fr-FR\",\"@id\":\"https:\/\/seh-equine.com\/#\/schema\/logo\/image\/\",\"url\":\"https:\/\/seh-equine.com\/wp-content\/uploads\/2020\/02\/Logo-1.png\",\"contentUrl\":\"https:\/\/seh-equine.com\/wp-content\/uploads\/2020\/02\/Logo-1.png\",\"width\":6900,\"height\":3289,\"caption\":\"SEH Equine\"},\"image\":{\"@id\":\"https:\/\/seh-equine.com\/#\/schema\/logo\/image\/\"}}]}<\/script>\n<!-- \/ Yoast SEO plugin. -->","yoast_head_json":{"title":"OBOS Quality 004 WBFSH #2 Eventing Sire","description":"Proven Sire of top-level eventers and show jumpers. Oldenburg, ISH studbook, Selle Francais, OS-International. 168 cm 1992.In 2022 he is Ranked 2rd place in the WBFSH for Eventing Stallions and in 2022 was in the top 100, at 71st place for Show Jumping Stallions.","robots":{"index":"index","follow":"follow","max-snippet":"max-snippet:-1","max-image-preview":"max-image-preview:large","max-video-preview":"max-video-preview:-1"},"canonical":"https:\/\/seh-equine.com\/fr\/stallions\/obos-quality-004\/","og_locale":"fr_FR","og_type":"article","og_title":"OBOS Quality 004 WBFSH #2 Eventing Sire","og_description":"Proven Sire of top-level eventers and show jumpers. Oldenburg, ISH studbook, Selle Francais, OS-International. 168 cm 1992.In 2022 he is Ranked 2rd place in the WBFSH for Eventing Stallions and in 2022 was in the top 100, at 71st place for Show Jumping Stallions.","og_url":"https:\/\/seh-equine.com\/fr\/stallions\/obos-quality-004\/","og_site_name":"Stallions.\u00c9talons.Hengste","article_modified_time":"2026-03-15T17:59:06+00:00","og_image":[{"width":2140,"height":1760,"url":"https:\/\/seh-equine.com\/wp-content\/uploads\/2021\/02\/OBOS-2-min.png","type":"image\/png"}],"twitter_card":"summary_large_image","twitter_misc":{"Dur\u00e9e de lecture estim\u00e9e":"3 minutes"},"schema":{"@context":"https:\/\/schema.org","@graph":[{"@type":"WebPage","@id":"https:\/\/seh-equine.com\/stallions\/obos-quality-004\/","url":"https:\/\/seh-equine.com\/stallions\/obos-quality-004\/","name":"OBOS Quality 004 WBFSH #2 Eventing Sire","isPartOf":{"@id":"https:\/\/seh-equine.com\/#website"},"datePublished":"2020-03-03T20:49:56+00:00","dateModified":"2026-03-15T17:59:06+00:00","description":"Proven Sire of top-level eventers and show jumpers. Oldenburg, ISH studbook, Selle Francais, OS-International. 168 cm 1992.In 2022 he is Ranked 2rd place in the WBFSH for Eventing Stallions and in 2022 was in the top 100, at 71st place for Show Jumping Stallions.","breadcrumb":{"@id":"https:\/\/seh-equine.com\/stallions\/obos-quality-004\/#breadcrumb"},"inLanguage":"fr-FR","potentialAction":[{"@type":"ReadAction","target":["https:\/\/seh-equine.com\/stallions\/obos-quality-004\/"]}]},{"@type":"BreadcrumbList","@id":"https:\/\/seh-equine.com\/stallions\/obos-quality-004\/#breadcrumb","itemListElement":[{"@type":"ListItem","position":1,"name":"Home","item":"https:\/\/seh-equine.com\/"},{"@type":"ListItem","position":2,"name":"Stallions","item":"https:\/\/seh-equine.com\/stallions\/"},{"@type":"ListItem","position":3,"name":"OBOS Quality 004 WBFSH #2 Eventing Sire"}]},{"@type":"WebSite","@id":"https:\/\/seh-equine.com\/#website","url":"https:\/\/seh-equine.com\/","name":"Stallions.\u00c9talons.Hengste","description":"Equine Semen Agency","publisher":{"@id":"https:\/\/seh-equine.com\/#organization"},"potentialAction":[{"@type":"SearchAction","target":{"@type":"EntryPoint","urlTemplate":"https:\/\/seh-equine.com\/?s={search_term_string}"},"query-input":"required name=search_term_string"}],"inLanguage":"fr-FR"},{"@type":"Organization","@id":"https:\/\/seh-equine.com\/#organization","name":"SEH Equine","url":"https:\/\/seh-equine.com\/","logo":{"@type":"ImageObject","inLanguage":"fr-FR","@id":"https:\/\/seh-equine.com\/#\/schema\/logo\/image\/","url":"https:\/\/seh-equine.com\/wp-content\/uploads\/2020\/02\/Logo-1.png","contentUrl":"https:\/\/seh-equine.com\/wp-content\/uploads\/2020\/02\/Logo-1.png","width":6900,"height":3289,"caption":"SEH Equine"},"image":{"@id":"https:\/\/seh-equine.com\/#\/schema\/logo\/image\/"}}]}},"_links":{"self":[{"href":"https:\/\/seh-equine.com\/fr\/wp-json\/wp\/v2\/pages\/1810"}],"collection":[{"href":"https:\/\/seh-equine.com\/fr\/wp-json\/wp\/v2\/pages"}],"about":[{"href":"https:\/\/seh-equine.com\/fr\/wp-json\/wp\/v2\/types\/page"}],"author":[{"embeddable":true,"href":"https:\/\/seh-equine.com\/fr\/wp-json\/wp\/v2\/users\/1"}],"replies":[{"embeddable":true,"href":"https:\/\/seh-equine.com\/fr\/wp-json\/wp\/v2\/comments?post=1810"}],"version-history":[{"count":46,"href":"https:\/\/seh-equine.com\/fr\/wp-json\/wp\/v2\/pages\/1810\/revisions"}],"predecessor-version":[{"id":3318,"href":"https:\/\/seh-equine.com\/fr\/wp-json\/wp\/v2\/pages\/1810\/revisions\/3318"}],"up":[{"embeddable":true,"href":"https:\/\/seh-equine.com\/fr\/wp-json\/wp\/v2\/pages\/742"}],"wp:featuredmedia":[{"embeddable":true,"href":"https:\/\/seh-equine.com\/fr\/wp-json\/wp\/v2\/media\/2186"}],"wp:attachment":[{"href":"https:\/\/seh-equine.com\/fr\/wp-json\/wp\/v2\/media?parent=1810"}],"curies":[{"name":"wp","href":"https:\/\/api.w.org\/{rel}","templated":true}]}}