{"id":1799,"date":"2020-03-03T19:40:26","date_gmt":"2020-03-03T19:40:26","guid":{"rendered":"https:\/\/seh-equine.com\/?page_id=1799"},"modified":"2024-02-28T18:46:51","modified_gmt":"2024-02-28T18:46:51","slug":"vivant-van-de-heffinck-showjumping-eventing-stallion","status":"publish","type":"page","link":"https:\/\/seh-equine.com\/fr\/stallions\/vivant-van-de-heffinck-showjumping-eventing-stallion\/","title":{"rendered":"Vivant van de Heffinck"},"content":{"rendered":"<div class=\"vc_row wpb_row vc_row-fluid unva-dhav-dotted vc_custom_1580499027528 vc_column-gap-10\"><div class=\"wpb_column vc_column_container text-default vc_col-sm-8\"><div class=\"vc_column-inner\"><div class=\"wpb_wrapper\">\n\t<div class=\"wpb_text_column wpb_content_element\" >\n\t\t<div class=\"wpb_wrapper\">\n\t\t\t<h1><span style=\"font-size: 36px;\">Vivant van de Heffinck<\/span><\/h1>\n<p><em>Olympic showjumping stallion with over 50% blood. Belgium warmblood, approved for Hanover, OS-International, Westphalia, Rhineland, South Germany Stud Book. WFFS Negative<\/em><\/p>\n\n\t\t<\/div>\n\t<\/div>\n<div class=\"vc_separator wpb_content_element vc_separator_align_center vc_sep_width_100 vc_sep_dashed vc_sep_border_width_2 vc_sep_pos_align_center vc_separator_no_text vc_sep_color_grey\" ><span class=\"vc_sep_holder vc_sep_holder_l\"><span  class=\"vc_sep_line\"><\/span><\/span><span class=\"vc_sep_holder vc_sep_holder_r\"><span  class=\"vc_sep_line\"><\/span><\/span>\n<\/div>\n\t<div class=\"wpb_text_column wpb_content_element\" >\n\t\t<div class=\"wpb_wrapper\">\n\t\t\t<p style=\"font-weight: 400;\">Vivant van de Heffinck has long been regarded as one of the most sought-after stallions in international show-jumping.\u00a0 This modern stallion offers excellent technique, scope, and character.\u00a0 Olympian, Vivant can boast an amazing 5 world cup qualifiers.\u00a0 In 2010 he took 7<sup>th<\/sup>\u00a0place in the World Cup Final, won the Munich Indoors Championship and ranked 5<sup>th<\/sup>\u00a0best jumping stallion in the world.\u00a0 He was a travailing reserve for the Beijing Olympics and placed 4<sup>th<\/sup>\u00a0in the Aachen Grand Prix, 3<sup>rd<\/sup> in the Bremen GP, won the Hagen GP and competed in the 2012 London Olympics. Retiring to stud at the age of 18, Vivant&#8217;s longevity in international stud is a testament to his very correct conformation.\u00a0 Although some frozen semen was available before his retirement, it is only now that we are truly seeing a consistent representation of his offspring and their performance abilities.<\/p>\n<p style=\"font-weight: 400;\">Vivant poss\u00e8de un pedigree int\u00e9ressant et diversifi\u00e9.  Il poss\u00e8de plus de 50% de pur-sang dans son sang.  Son p\u00e8re, Fuego Du Prelet, issu de la lign\u00e9e d'\u00e9talons premium d'Alme Z, a connu le succ\u00e8s en saut d'obstacles international \u00e0 1,60m avec Dirk Demeersman.  La m\u00e8re-soeur, Landino par Landgraf 1 a connu le succ\u00e8s pendant de nombreuses ann\u00e9es avec Ludo Philippaerts, Belge.<\/p>\n<p>&nbsp;<\/p>\n<p style=\"font-weight: 400;\">In the 3<sup>rd<\/sup> generation, Hedjaz is also dam-sire to Otterongo, the fourth-placed Olympian in Sydney, 2000 and McLain Ward\u2019s (USA) Sapphire, one of the most successful show jumpers of recent times.<\/p>\n<p style=\"font-weight: 400;\">In Australia Vivant already has several offspring jumping and eventing with success internationally.\u00a0 Including Shane Rose&#8217;s 2021 Tokyo\u00a0 Olympic Silver eventer, Virgil (Vivant x Unknown). In Europe, Emily Sage and Vogue TW ( <a class=\"oajrlxb2 g5ia77u1 qu0x051f esr5mh6w e9989ue4 r7d6kgcz rq0escxv nhd2j8a9 nc684nl6 p7hjln8o kvgmc6g5 cxmmr5t8 oygrvhab hcukyx3x jb3vyjys rz4wbd8a qt6c0cv9 a8nywdso i1ao9s8h esuyzwwr f1sip0of lzcic4wl q66pz984 gpro0wi8 b1v8xokw\" tabindex=\"0\" role=\"link\" href=\"https:\/\/www.facebook.com\/vivantvandeheffinck\/?__cft__&#091;0&#093;=AZXfDPnhi_pyRO5hXtDyhMiglaIPXpXzqUSmUoQJPQRKOhEpEQpP32myabkL7R1Okykl2-hv1KJ11e-UdBcsLQjKjNmWF7ynssI5JZZ9fjSiMpTIXsHqdOcKkrZP-EnPOnApig7YV5uPGQ23dfcUR2YpA3JtsVetR4jkPoeRacW15Q&amp;__tn__=kK-R\"><span class=\"nc684nl6\">Vivant van de Heffinck<\/span><\/a> X Conthargos) took 5th place at the 2021 FEI WBFSH JUMPING WORLD BREEDING CHAMPIONSHIP FOR YOUNG HORSES.\u00a0 The 23-year-old rider, Philipp Schulze Topphoff had a fantastic win in the Longines FEI Jumping World Cup, 7yr Old Cup Final 2022 with Vivantas (Vivant X Balou du Rouet) and in August 2022, the 1st, 2cnd and 3rd placements in the Millstreet Young Irelander were all by Vivant.<\/p>\n<p>2023 saw Viva Fly (Vivant X MTF Star Power) win the 6-year-old German Championship, the Bundeschampionate and compete in the final at the FEI WBFSH Jumping World Championship For Young Horses with an unfortunate 4 faults.\u00a0 Other top young Vivant horses include Vivante Grafinia (Vivant x Balou du Rouet) competing at 150m with Kevin Staut and Vivantessa (Vivant X Conthargos), winner of the CSIU25YJ Grand Prix at Sentower Park.<\/p>\n<p>&nbsp;<\/p>\n<p style=\"font-weight: 400;\">The straws we have available have been processed at the world-renowned Stallion AI Centre, in England in 2018.\u00a0 Making them the most recent straws available in the EU<\/p>\n<p><a href=\"https:\/\/www.horsemagazine.com\/thm\/2017\/10\/a-tribute-to-vivant\/?fbclid=IwAR0FxdbmeEGCYuZUkp6NkByXdC7Vc4cxfMK7vv1kiPDScQT_aC1GzWvqeo0\" target=\"_blank\" rel=\"noopener noreferrer\"><strong>Cliquez ici pour lire \"Un hommage \u00e0 Vivant\".<\/strong><\/a><\/p>\n<p><a href=\"https:\/\/www.facebook.com\/vivantvandeheffinck\" target=\"_blank\" rel=\"noopener noreferrer\"><strong>Suivez ma page Facebook!<\/strong><\/a><\/p>\n\n\t\t<\/div>\n\t<\/div>\n<\/div><\/div><\/div><div class=\"wpb_column vc_column_container text-default vc_col-sm-4 vc_col-has-fill\"><div class=\"vc_column-inner vc_custom_1609769338301\"><div class=\"wpb_wrapper\">\n\t<div  class=\"wpb_single_image wpb_content_element vc_align_center\">\n\t\t\n\t\t<figure class=\"wpb_wrapper vc_figure\">\n\t\t\t<div class=\"vc_single_image-wrapper vc_box_shadow  vc_box_border_grey\"><img width=\"1058\" height=\"887\" src=\"https:\/\/seh-equine.com\/wp-content\/uploads\/2022\/12\/Vivant-side-profile.png\" class=\"vc_single_image-img attachment-full\" alt=\"\" decoding=\"async\" loading=\"lazy\" srcset=\"https:\/\/seh-equine.com\/wp-content\/uploads\/2022\/12\/Vivant-side-profile.png 1058w, https:\/\/seh-equine.com\/wp-content\/uploads\/2022\/12\/Vivant-side-profile-510x428.png 510w, https:\/\/seh-equine.com\/wp-content\/uploads\/2022\/12\/Vivant-side-profile-900x755.png 900w, https:\/\/seh-equine.com\/wp-content\/uploads\/2022\/12\/Vivant-side-profile-768x644.png 768w, https:\/\/seh-equine.com\/wp-content\/uploads\/2022\/12\/Vivant-side-profile-14x12.png 14w\" sizes=\"(max-width: 1058px) 100vw, 1058px\" \/><\/div>\n\t\t<\/figure>\n\t<\/div>\n\n\t<div class=\"wpb_text_column wpb_content_element\" >\n\t\t<div class=\"wpb_wrapper\">\n\t\t\t<h3 style=\"font-weight: 400;\"><strong>Vivant stud fee &#8211; Frozen<\/strong><\/h3>\n<p style=\"font-weight: 400;\"><strong> \u20ac1200<\/strong><\/p>\n<p style=\"font-weight: 400;\">\u00a0Live foal guarantee. Shipping costs payable Discounts can be discussed for multiple mares and premium mares. Please contact us for more information. We stock Vivant in England, France, Belgium and coming soon to Germany.<\/p>\n\n\t\t<\/div>\n\t<\/div>\n<div class=\"vc_btn3-container vc_btn3-center\" >\n\t<a class=\"vc_general vc_btn3 vc_btn3-size-lg vc_btn3-shape-round vc_btn3-style-3d vc_btn3-icon-left vc_btn3-color-primary\" href=\"https:\/\/seh-equine.com\/fr\/contact-us\/\" title=\"\"><i class=\"vc_btn3-icon fa fa-envelope\"><\/i> Obtenir plus d'informations<\/a><\/div>\n<\/div><\/div><\/div><\/div><div class=\"vc_row wpb_row vc_row-fluid unva-dhav-dotted vc_custom_1609769653326 vc_column-gap-10\"><div class=\"wpb_column vc_column_container text-default vc_col-sm-12\"><div class=\"vc_column-inner\"><div class=\"wpb_wrapper\"><div class=\"vc_row wpb_row vc_inner vc_row-fluid\"><div class=\"wpb_column vc_column_container vc_col-sm-6 vc_col-has-fill\"><div class=\"vc_column-inner vc_custom_1595357926433\"><div class=\"wpb_wrapper\"><div class=\"vc_empty_space\"   style=\"height: 300px\" ><span class=\"vc_empty_space_inner\"><\/span><\/div>\n<\/div><\/div><\/div><div class=\"wpb_column vc_column_container vc_col-sm-6\"><div class=\"vc_column-inner vc_custom_1592220059575\"><div class=\"wpb_wrapper\"><div class=\"vc_separator wpb_content_element vc_separator_align_center vc_sep_width_100 vc_sep_pos_align_center vc_sep_color_grey vc_separator-has-text\" ><span class=\"vc_sep_holder vc_sep_holder_l\"><span  class=\"vc_sep_line\"><\/span><\/span><h4>D\u00e9tails du pedigree<\/h4><span class=\"vc_sep_holder vc_sep_holder_r\"><span  class=\"vc_sep_line\"><\/span><\/span>\n<\/div>\n\t<div  class=\"wpb_single_image wpb_content_element vc_align_center  wpb_animate_when_almost_visible wpb_bounceIn bounceIn\">\n\t\t\n\t\t<figure class=\"wpb_wrapper vc_figure\">\n\t\t\t<a href=\"https:\/\/sporthorse-data.com\/pedigree\/vivant-van-de-heffinck\" target=\"_blank\" class=\"vc_single_image-wrapper vc_box_shadow_3d  vc_box_border_grey\"><img width=\"510\" height=\"156\" src=\"https:\/\/seh-equine.com\/wp-content\/uploads\/2020\/03\/Screenshot-2020-03-03-at-19.45.00-510x156.png\" class=\"vc_single_image-img attachment-medium\" alt=\"\" decoding=\"async\" loading=\"lazy\" srcset=\"https:\/\/seh-equine.com\/wp-content\/uploads\/2020\/03\/Screenshot-2020-03-03-at-19.45.00-510x156.png 510w, https:\/\/seh-equine.com\/wp-content\/uploads\/2020\/03\/Screenshot-2020-03-03-at-19.45.00-900x275.png 900w, https:\/\/seh-equine.com\/wp-content\/uploads\/2020\/03\/Screenshot-2020-03-03-at-19.45.00-768x235.png 768w, https:\/\/seh-equine.com\/wp-content\/uploads\/2020\/03\/Screenshot-2020-03-03-at-19.45.00-600x184.png 600w, https:\/\/seh-equine.com\/wp-content\/uploads\/2020\/03\/Screenshot-2020-03-03-at-19.45.00.png 1418w\" sizes=\"(max-width: 510px) 100vw, 510px\" \/><\/a>\n\t\t<\/figure>\n\t<\/div>\n<div class=\"vc_btn3-container vc_btn3-center\" >\n\t<a class=\"vc_general vc_btn3 vc_btn3-size-sm vc_btn3-shape-round vc_btn3-style-3d vc_btn3-icon-left vc_btn3-color-primary\" href=\"https:\/\/sporthorse-data.com\/pedigree\/vivant-van-de-heffinck\" title=\"\" target=\"_blank\"><i class=\"vc_btn3-icon fa fa-mouse-pointer\"><\/i> En savoir plus<\/a><\/div>\n<\/div><\/div><\/div><\/div><\/div><\/div><\/div><\/div><div class=\"vc_row wpb_row vc_row-fluid unva-dhav-dotted\"><div class=\"wpb_column vc_column_container text-default vc_col-sm-12\"><div class=\"vc_column-inner\"><div class=\"wpb_wrapper\">\n\t<div  class=\"wpb_single_image wpb_content_element vc_align_left\">\n\t\t<h2 class=\"wpb_heading wpb_singleimage_heading\">Emily Sage and Vogue TW<\/h2>\n\t\t<figure class=\"wpb_wrapper vc_figure\">\n\t\t\t<div class=\"vc_single_image-wrapper   vc_box_border_grey\"><img width=\"150\" height=\"150\" src=\"https:\/\/seh-equine.com\/wp-content\/uploads\/2022\/11\/Emily-Sage-and-Vogue-TW-150x150.jpg\" class=\"vc_single_image-img attachment-thumbnail\" alt=\"\" decoding=\"async\" loading=\"lazy\" \/><\/div>\n\t\t<\/figure>\n\t<\/div>\n<\/div><\/div><\/div><\/div><div class=\"vc_row wpb_row vc_row-fluid unva-dhav-dotted\"><div class=\"wpb_column vc_column_container text-default vc_col-sm-12\"><div class=\"vc_column-inner\"><div class=\"wpb_wrapper\">\n\t<div  class=\"wpb_single_image wpb_content_element vc_align_left\">\n\t\t<h2 class=\"wpb_heading wpb_singleimage_heading\">Philipp Schulze Topphoff and Vivantas<\/h2>\n\t\t<figure class=\"wpb_wrapper vc_figure\">\n\t\t\t<div class=\"vc_single_image-wrapper   vc_box_border_grey\"><img width=\"150\" height=\"150\" src=\"https:\/\/seh-equine.com\/wp-content\/uploads\/2022\/11\/Vivantas-and-Philipp-Schulze-Topphoff-150x150.jpg\" class=\"vc_single_image-img attachment-thumbnail\" alt=\"\" decoding=\"async\" loading=\"lazy\" \/><\/div>\n\t\t<\/figure>\n\t<\/div>\n<\/div><\/div><\/div><\/div><div class=\"vc_row wpb_row vc_row-fluid unva-dhav-dotted\"><div class=\"wpb_column vc_column_container text-default vc_col-sm-12\"><div class=\"vc_column-inner\"><div class=\"wpb_wrapper\">\n\t<div  class=\"wpb_single_image wpb_content_element vc_align_left\">\n\t\t<h2 class=\"wpb_heading wpb_singleimage_heading\">Silver Olympians - Shane Rose and Virgil. EquiRatings ELO rated Virgil as the top 10 for eventers in 2021.<\/h2>\n\t\t<figure class=\"wpb_wrapper vc_figure\">\n\t\t\t<div class=\"vc_single_image-wrapper   vc_box_border_grey\"><img width=\"150\" height=\"150\" src=\"https:\/\/seh-equine.com\/wp-content\/uploads\/2022\/11\/Virgil-at-WEG1-5-150x150.jpg\" class=\"vc_single_image-img attachment-thumbnail\" alt=\"\" decoding=\"async\" loading=\"lazy\" \/><\/div>\n\t\t<\/figure>\n\t<\/div>\n<\/div><\/div><\/div><\/div><div class=\"vc_row wpb_row vc_row-fluid unva-dhav-dotted\"><div class=\"wpb_column vc_column_container text-default vc_col-sm-12\"><div class=\"vc_column-inner\"><div class=\"wpb_wrapper\">\n\t<div class=\"wpb_video_widget wpb_content_element vc_clearfix   vc_video-aspect-ratio-169 vc_video-el-width-100 vc_video-align-left\" >\n\t\t<div class=\"wpb_wrapper\">\n\t\t\t<h2 class=\"wpb_heading wpb_video_heading\">Vivant in action with Katharina Offel<\/h2>\n\t\t\t<div class=\"wpb_video_wrapper\"><iframe title=\"Vivant and  Katharina Offel\" width=\"1170\" height=\"878\" src=\"https:\/\/www.youtube.com\/embed\/bVzpyfhrPZU?feature=oembed\" frameborder=\"0\" allow=\"accelerometer; autoplay; clipboard-write; encrypted-media; gyroscope; picture-in-picture\" allowfullscreen><\/iframe><\/div>\n\t\t<\/div>\n\t<\/div>\n<\/div><\/div><\/div><\/div>","protected":false},"excerpt":{"rendered":"Vivant van de Heffinck Olympic showjumping stallion with over 50% blood. Belgium warmblood, approved for Hanover, OS-International, Westphalia, Rhineland, South Germany Stud Book. WFFS Negative Vivant van de Heffinck has long been regarded as one of the most sought-after stallions in international show-jumping.\u00a0 This modern stallion offers excellent technique, scope, and character.\u00a0 Olympian, Vivant can[...]","protected":false},"author":1,"featured_media":0,"parent":742,"menu_order":0,"comment_status":"closed","ping_status":"closed","template":"","meta":[],"yoast_head":"<!-- This site is optimized with the Yoast SEO plugin v19.9 - https:\/\/yoast.com\/wordpress\/plugins\/seo\/ -->\n<title>Vivant van de Heffinck - Stallions.\u00c9talons.Hengste<\/title>\n<meta name=\"description\" content=\"Olympic showjumping stallion with over 50% blood. Belgium warmblood, approved for Hanover, OS-International, Westphalia, Rhineland...\" \/>\n<meta name=\"robots\" content=\"index, follow, max-snippet:-1, max-image-preview:large, max-video-preview:-1\" \/>\n<link rel=\"canonical\" href=\"https:\/\/seh-equine.com\/fr\/stallions\/vivant-van-de-heffinck-showjumping-eventing-stallion\/\" \/>\n<meta property=\"og:locale\" content=\"fr_FR\" \/>\n<meta property=\"og:type\" content=\"article\" \/>\n<meta property=\"og:title\" content=\"Vivant van de Heffinck\" \/>\n<meta property=\"og:description\" content=\"Click here to learn more about Vivant, one of the most successful showjumping stallions of all time.\" \/>\n<meta property=\"og:url\" content=\"https:\/\/seh-equine.com\/fr\/stallions\/vivant-van-de-heffinck-showjumping-eventing-stallion\/\" \/>\n<meta property=\"og:site_name\" content=\"Stallions.\u00c9talons.Hengste\" \/>\n<meta property=\"article:modified_time\" content=\"2024-02-28T18:46:51+00:00\" \/>\n<meta property=\"og:image\" content=\"https:\/\/seh-equine.com\/wp-content\/uploads\/2022\/12\/vivant-jump-with-logo.png\" \/>\n\t<meta property=\"og:image:width\" content=\"940\" \/>\n\t<meta property=\"og:image:height\" content=\"788\" \/>\n\t<meta property=\"og:image:type\" content=\"image\/png\" \/>\n<meta name=\"twitter:card\" content=\"summary_large_image\" \/>\n<meta name=\"twitter:label1\" content=\"Dur\u00e9e de lecture estim\u00e9e\" \/>\n\t<meta name=\"twitter:data1\" content=\"3 minutes\" \/>\n<script type=\"application\/ld+json\" class=\"yoast-schema-graph\">{\"@context\":\"https:\/\/schema.org\",\"@graph\":[{\"@type\":\"WebPage\",\"@id\":\"https:\/\/seh-equine.com\/stallions\/vivant-van-de-heffinck-showjumping-eventing-stallion\/\",\"url\":\"https:\/\/seh-equine.com\/stallions\/vivant-van-de-heffinck-showjumping-eventing-stallion\/\",\"name\":\"Vivant van de Heffinck - Stallions.\u00c9talons.Hengste\",\"isPartOf\":{\"@id\":\"https:\/\/seh-equine.com\/#website\"},\"datePublished\":\"2020-03-03T19:40:26+00:00\",\"dateModified\":\"2024-02-28T18:46:51+00:00\",\"description\":\"Olympic showjumping stallion with over 50% blood. Belgium warmblood, approved for Hanover, OS-International, Westphalia, Rhineland...\",\"breadcrumb\":{\"@id\":\"https:\/\/seh-equine.com\/stallions\/vivant-van-de-heffinck-showjumping-eventing-stallion\/#breadcrumb\"},\"inLanguage\":\"fr-FR\",\"potentialAction\":[{\"@type\":\"ReadAction\",\"target\":[\"https:\/\/seh-equine.com\/stallions\/vivant-van-de-heffinck-showjumping-eventing-stallion\/\"]}]},{\"@type\":\"BreadcrumbList\",\"@id\":\"https:\/\/seh-equine.com\/stallions\/vivant-van-de-heffinck-showjumping-eventing-stallion\/#breadcrumb\",\"itemListElement\":[{\"@type\":\"ListItem\",\"position\":1,\"name\":\"Home\",\"item\":\"https:\/\/seh-equine.com\/\"},{\"@type\":\"ListItem\",\"position\":2,\"name\":\"Stallions\",\"item\":\"https:\/\/seh-equine.com\/stallions\/\"},{\"@type\":\"ListItem\",\"position\":3,\"name\":\"Vivant van de Heffinck\"}]},{\"@type\":\"WebSite\",\"@id\":\"https:\/\/seh-equine.com\/#website\",\"url\":\"https:\/\/seh-equine.com\/\",\"name\":\"Stallions.\u00c9talons.Hengste\",\"description\":\"Equine Semen Agency\",\"publisher\":{\"@id\":\"https:\/\/seh-equine.com\/#organization\"},\"potentialAction\":[{\"@type\":\"SearchAction\",\"target\":{\"@type\":\"EntryPoint\",\"urlTemplate\":\"https:\/\/seh-equine.com\/?s={search_term_string}\"},\"query-input\":\"required name=search_term_string\"}],\"inLanguage\":\"fr-FR\"},{\"@type\":\"Organization\",\"@id\":\"https:\/\/seh-equine.com\/#organization\",\"name\":\"SEH Equine\",\"url\":\"https:\/\/seh-equine.com\/\",\"logo\":{\"@type\":\"ImageObject\",\"inLanguage\":\"fr-FR\",\"@id\":\"https:\/\/seh-equine.com\/#\/schema\/logo\/image\/\",\"url\":\"https:\/\/seh-equine.com\/wp-content\/uploads\/2020\/02\/Logo-1.png\",\"contentUrl\":\"https:\/\/seh-equine.com\/wp-content\/uploads\/2020\/02\/Logo-1.png\",\"width\":6900,\"height\":3289,\"caption\":\"SEH Equine\"},\"image\":{\"@id\":\"https:\/\/seh-equine.com\/#\/schema\/logo\/image\/\"}}]}<\/script>\n<!-- \/ Yoast SEO plugin. -->","yoast_head_json":{"title":"Vivant van de Heffinck - Stallions.\u00c9talons.Hengste","description":"Olympic showjumping stallion with over 50% blood. Belgium warmblood, approved for Hanover, OS-International, Westphalia, Rhineland...","robots":{"index":"index","follow":"follow","max-snippet":"max-snippet:-1","max-image-preview":"max-image-preview:large","max-video-preview":"max-video-preview:-1"},"canonical":"https:\/\/seh-equine.com\/fr\/stallions\/vivant-van-de-heffinck-showjumping-eventing-stallion\/","og_locale":"fr_FR","og_type":"article","og_title":"Vivant van de Heffinck","og_description":"Click here to learn more about Vivant, one of the most successful showjumping stallions of all time.","og_url":"https:\/\/seh-equine.com\/fr\/stallions\/vivant-van-de-heffinck-showjumping-eventing-stallion\/","og_site_name":"Stallions.\u00c9talons.Hengste","article_modified_time":"2024-02-28T18:46:51+00:00","og_image":[{"width":940,"height":788,"url":"https:\/\/seh-equine.com\/wp-content\/uploads\/2022\/12\/vivant-jump-with-logo.png","type":"image\/png"}],"twitter_card":"summary_large_image","twitter_misc":{"Dur\u00e9e de lecture estim\u00e9e":"3 minutes"},"schema":{"@context":"https:\/\/schema.org","@graph":[{"@type":"WebPage","@id":"https:\/\/seh-equine.com\/stallions\/vivant-van-de-heffinck-showjumping-eventing-stallion\/","url":"https:\/\/seh-equine.com\/stallions\/vivant-van-de-heffinck-showjumping-eventing-stallion\/","name":"Vivant van de Heffinck - Stallions.\u00c9talons.Hengste","isPartOf":{"@id":"https:\/\/seh-equine.com\/#website"},"datePublished":"2020-03-03T19:40:26+00:00","dateModified":"2024-02-28T18:46:51+00:00","description":"Olympic showjumping stallion with over 50% blood. Belgium warmblood, approved for Hanover, OS-International, Westphalia, Rhineland...","breadcrumb":{"@id":"https:\/\/seh-equine.com\/stallions\/vivant-van-de-heffinck-showjumping-eventing-stallion\/#breadcrumb"},"inLanguage":"fr-FR","potentialAction":[{"@type":"ReadAction","target":["https:\/\/seh-equine.com\/stallions\/vivant-van-de-heffinck-showjumping-eventing-stallion\/"]}]},{"@type":"BreadcrumbList","@id":"https:\/\/seh-equine.com\/stallions\/vivant-van-de-heffinck-showjumping-eventing-stallion\/#breadcrumb","itemListElement":[{"@type":"ListItem","position":1,"name":"Home","item":"https:\/\/seh-equine.com\/"},{"@type":"ListItem","position":2,"name":"Stallions","item":"https:\/\/seh-equine.com\/stallions\/"},{"@type":"ListItem","position":3,"name":"Vivant van de Heffinck"}]},{"@type":"WebSite","@id":"https:\/\/seh-equine.com\/#website","url":"https:\/\/seh-equine.com\/","name":"Stallions.\u00c9talons.Hengste","description":"Equine Semen Agency","publisher":{"@id":"https:\/\/seh-equine.com\/#organization"},"potentialAction":[{"@type":"SearchAction","target":{"@type":"EntryPoint","urlTemplate":"https:\/\/seh-equine.com\/?s={search_term_string}"},"query-input":"required name=search_term_string"}],"inLanguage":"fr-FR"},{"@type":"Organization","@id":"https:\/\/seh-equine.com\/#organization","name":"SEH Equine","url":"https:\/\/seh-equine.com\/","logo":{"@type":"ImageObject","inLanguage":"fr-FR","@id":"https:\/\/seh-equine.com\/#\/schema\/logo\/image\/","url":"https:\/\/seh-equine.com\/wp-content\/uploads\/2020\/02\/Logo-1.png","contentUrl":"https:\/\/seh-equine.com\/wp-content\/uploads\/2020\/02\/Logo-1.png","width":6900,"height":3289,"caption":"SEH Equine"},"image":{"@id":"https:\/\/seh-equine.com\/#\/schema\/logo\/image\/"}}]}},"_links":{"self":[{"href":"https:\/\/seh-equine.com\/fr\/wp-json\/wp\/v2\/pages\/1799"}],"collection":[{"href":"https:\/\/seh-equine.com\/fr\/wp-json\/wp\/v2\/pages"}],"about":[{"href":"https:\/\/seh-equine.com\/fr\/wp-json\/wp\/v2\/types\/page"}],"author":[{"embeddable":true,"href":"https:\/\/seh-equine.com\/fr\/wp-json\/wp\/v2\/users\/1"}],"replies":[{"embeddable":true,"href":"https:\/\/seh-equine.com\/fr\/wp-json\/wp\/v2\/comments?post=1799"}],"version-history":[{"count":40,"href":"https:\/\/seh-equine.com\/fr\/wp-json\/wp\/v2\/pages\/1799\/revisions"}],"predecessor-version":[{"id":1907,"href":"https:\/\/seh-equine.com\/fr\/wp-json\/wp\/v2\/pages\/1799\/revisions\/1907"}],"up":[{"embeddable":true,"href":"https:\/\/seh-equine.com\/fr\/wp-json\/wp\/v2\/pages\/742"}],"wp:attachment":[{"href":"https:\/\/seh-equine.com\/fr\/wp-json\/wp\/v2\/media?parent=1799"}],"curies":[{"name":"wp","href":"https:\/\/api.w.org\/{rel}","templated":true}]}}