{"id":1738,"date":"2020-01-31T20:13:23","date_gmt":"2020-01-31T20:13:23","guid":{"rendered":"https:\/\/seh-equine.com\/?page_id=1738"},"modified":"2026-03-15T20:03:50","modified_gmt":"2026-03-15T20:03:50","slug":"ansiei-thoroughbred-stallion","status":"publish","type":"page","link":"https:\/\/seh-equine.com\/fr\/stallions\/ansiei-thoroughbred-stallion\/","title":{"rendered":"Ansiei xx"},"content":{"rendered":"<div class=\"vc_row wpb_row vc_row-fluid unva-dhav-dotted\"><div class=\"wpb_column vc_column_container text-default vc_col-sm-12 vc_hidden-lg\"><div class=\"vc_column-inner\"><div class=\"wpb_wrapper\">\n\t<div  class=\"wpb_single_image wpb_content_element vc_align_left\">\n\t\t\n\t\t<figure class=\"wpb_wrapper vc_figure\">\n\t\t\t<div class=\"vc_single_image-wrapper   vc_box_border_grey\"><\/div>\n\t\t<\/figure>\n\t<\/div>\n<\/div><\/div><\/div><\/div><div class=\"vc_row wpb_row vc_row-fluid unva-dhav-dotted vc_custom_1580499027528 vc_column-gap-10\"><div class=\"wpb_column vc_column_container text-default vc_col-sm-8\"><div class=\"vc_column-inner\"><div class=\"wpb_wrapper\">\n\t<div class=\"wpb_text_column wpb_content_element\" >\n\t\t<div class=\"wpb_wrapper\">\n\t\t\t<h1>Ansiei xx<\/h1>\n<p><em>SHB(GB) Life Graded Stallion &amp; Weatherby registered Stallion<\/em><br \/>\n<em>Stud-book ISH enti\u00e8rement approuv\u00e9.<\/em><br \/>\n<em>Approuv\u00e9 Selle Fran\u00e7ais<\/em><br \/>\n<em>Test\u00e9 indemne de WFFS<\/em><br \/>\n<em>16.1 hh, <\/em><em>2007<\/em><\/p>\n\n\t\t<\/div>\n\t<\/div>\n<div class=\"vc_separator wpb_content_element vc_separator_align_center vc_sep_width_100 vc_sep_dashed vc_sep_border_width_2 vc_sep_pos_align_center vc_separator_no_text vc_sep_color_grey\" ><span class=\"vc_sep_holder vc_sep_holder_l\"><span  class=\"vc_sep_line\"><\/span><\/span><span class=\"vc_sep_holder vc_sep_holder_r\"><span  class=\"vc_sep_line\"><\/span><\/span>\n<\/div>\n\t<div class=\"wpb_text_column wpb_content_element\" >\n\t\t<div class=\"wpb_wrapper\">\n\t\t\t<p>Ansiei est un \u00e9talon Thoroughbred remarqu\u00e9 et un athl\u00e8te accompli \u00e0 part enti\u00e8re, ayant gagn\u00e9 plus de 188 000 \u00a3 en seulement quelques sorties.<\/p>\n<p>&nbsp;<\/p>\n<p>Son ascendance comprend les c\u00e9l\u00e8bres Northern Dancer et Grey Sovereign. Il a \u00e9t\u00e9 m\u00e9ticuleusement \u00e9lev\u00e9 en ligne, et sa lign\u00e9e comprend non pas un, mais deux croisements avec le c\u00e9l\u00e8bre Grey Sovereign. La lign\u00e9e de Grey Sovereign a \u00e9t\u00e9 extr\u00eamement influente dans l'infusion de sang dans les warmbloods europ\u00e9ens, et on la retrouve dans les pedigrees de nombreux sauteurs d'obstacles de haut niveau, y compris les performers olympiques Clinton et Corrado, ainsi que dans les courses de saut d'obstacles fran\u00e7aises avec de nombreux \u00e9talons de sa lign\u00e9e, qui comprend Kalaglow, Zeddaan, Caro et Fortino.<\/p>\n<p>&nbsp;<\/p>\n<p>La m\u00e8re d'Ansiei est Albiatra, une jument de course d'obstacles \u00e0 succ\u00e8s, et son p\u00e8re Dixieland Band est le p\u00e8re de l'\u00e9talon Premium Bandmaster de la Hunter Improvement Society.<\/p>\n<p>&nbsp;<\/p>\n<p>Pour son classement au Selle Fran\u00e7ais en 2021, il a re\u00e7u une note exceptionnelle pour ses radios, montrant sa remarquable r\u00e9sistance depuis qu'il a commenc\u00e9 \u00e0 concourir \u00e0 2 ans.<\/p>\n<p>&nbsp;<\/p>\n<p>C'est un \u00e9talon tr\u00e8s athl\u00e9tique, dot\u00e9 d'un pas incroyablement fort et d'un puissant galop qu'il transmet \u00e0 sa prog\u00e9niture. Cette derni\u00e8re est donc est tout aussi puissante, audacieuse, athl\u00e9tique, facile \u00e0 entra\u00eener et belle. Les produits d'Ansiei concourent avec succ\u00e8s dans de nombreuses disciplines \u00e9questres \u00e0 travers l'Europe, notamment le concours complet, le saut d'obstacles et le concours complet, avec des cavaliers professionnels et novices dans tous les formats.<\/p>\n<p>La Descendance :<\/p>\n<p>Avec Bonmahon Liberation participant au CCI 4* international avec Sarah Dowley, cavali\u00e8re 5*, ses produits   montrent l\u00e0 encore  sa remarquable capacit\u00e9 d'entra\u00eenement et son athl\u00e9tisme.<\/p>\n<p>Sarah nous a dit :\n\"Il est incroyablement intelligent et aime son m\u00e9tier. Il veut travailler dur et faire plaisir tout  en demeurant courageux et prudent lorsqu'il galope sur le cross. Nous sommes vraiment optimistes quant \u00e0 son avenir, et il a la capacit\u00e9 d'aller jusqu'au bout \".<\/p>\n<p>&nbsp;<\/p>\n<p>Produits :<\/p>\n<p>competed at the Advanced level in eventing<\/p>\n<p>competed at the CCI4* level in eventing<\/p>\n<p>competed at the Intermediate level in eventing<\/p>\n<p>competed at the CCI3* level in eventing<\/p>\n<p>competed at the Novice level in eventing<\/p>\n<p>competed at the Burghley Young Horse classes<\/p>\n<p>competed in unaffiliated dressage and show jumping<\/p>\n<p>competed in county level showing classes<\/p>\n<p>Lors du SHB(GB) National Hunter Show en 2021, un poulain a \u00e9t\u00e9 nomm\u00e9 Champion Supr\u00eame des Poulains.<\/p>\n<p>Lors du SHB(GB) National Hunter Show de 2022, un yearling a remport\u00e9 la classe des chasseurs en main et des chevaux de sport.<\/p>\n<p>Certains produits ont \u00e9galement \u00e9t\u00e9 aper\u00e7us en train de chasser avec le North Shropshire.<\/p>\n<p>La prog\u00e9niture a \u00e9t\u00e9 vendue en Europe et aux \u00c9tats-Unis, et il est un excellent \u00e9talon reproducteur polyvalent pour une gamme vari\u00e9e de juments.<\/p>\n<p><a href=\"https:\/\/www.facebook.com\/Ansiei-Full-Thoroughbred-Weatherbys-and-SHBGB-Approved-Stallion-120303708650484\/\" target=\"_blank\" rel=\"noopener noreferrer\"><strong>Suivez Ansiei sur Facebook pour de plus amples informations<\/strong><\/a><\/p>\n\n\t\t<\/div>\n\t<\/div>\n<\/div><\/div><\/div><div class=\"wpb_column vc_column_container text-default vc_col-sm-4 vc_col-has-fill\"><div class=\"vc_column-inner vc_custom_1609769338301\"><div class=\"wpb_wrapper\">\n\t<div  class=\"wpb_single_image wpb_content_element vc_align_center\">\n\t\t\n\t\t<figure class=\"wpb_wrapper vc_figure\">\n\t\t\t<div class=\"vc_single_image-wrapper vc_box_shadow  vc_box_border_grey\"><img width=\"386\" height=\"292\" src=\"https:\/\/seh-equine.com\/wp-content\/uploads\/2022\/12\/Ansiei-e1671050605499.jpg\" class=\"vc_single_image-img attachment-full\" alt=\"\" decoding=\"async\" loading=\"lazy\" srcset=\"https:\/\/seh-equine.com\/wp-content\/uploads\/2022\/12\/Ansiei-e1671050605499.jpg 386w, https:\/\/seh-equine.com\/wp-content\/uploads\/2022\/12\/Ansiei-e1671050605499-16x12.jpg 16w\" sizes=\"(max-width: 386px) 100vw, 386px\" \/><\/div>\n\t\t<\/figure>\n\t<\/div>\n\n\t<div class=\"wpb_text_column wpb_content_element\" >\n\t\t<div class=\"wpb_wrapper\">\n\t\t\t<h3 style=\"font-weight: 400;\"><strong>Ansiei stud fee<\/strong><\/h3>\n<p style=\"font-weight: 400;\"><strong>800\u20ac chilled and frozen<\/strong><\/p>\n<p style=\"font-weight: 400;\">50% payment on order plus shipment. 50% on the first of October. No foal, free return. Shipping costs payable Discounts can be discussed for multiple mares and premium mares. Please contact us for more information.<\/p>\n<p>IN FRANCE-<\/p>\n<p>120\u20ac a la reservation + 680\u20ac <span class=\"S1PPyQ\">si poulain vivant, 48 heures<\/span><\/p>\n\n\t\t<\/div>\n\t<\/div>\n<div class=\"vc_btn3-container vc_btn3-center\" >\n\t<a class=\"vc_general vc_btn3 vc_btn3-size-lg vc_btn3-shape-round vc_btn3-style-3d vc_btn3-icon-left vc_btn3-color-primary\" href=\"https:\/\/seh-equine.com\/fr\/contact-us\/\" title=\"\"><i class=\"vc_btn3-icon fa fa-envelope\"><\/i> Obtenir plus d'informations<\/a><\/div>\n<\/div><\/div><\/div><\/div><div class=\"vc_row wpb_row vc_row-fluid unva-dhav-dotted vc_custom_1580499027528 vc_column-gap-10\"><div class=\"wpb_column vc_column_container text-default vc_col-sm-12\"><div class=\"vc_column-inner\"><div class=\"wpb_wrapper\"><div class=\"vc_row wpb_row vc_inner vc_row-fluid\"><div class=\"wpb_column vc_column_container vc_col-sm-6 vc_col-has-fill\"><div class=\"vc_column-inner vc_custom_1619135755628\"><div class=\"wpb_wrapper\"><div class=\"vc_empty_space\"   style=\"height: 300px\" ><span class=\"vc_empty_space_inner\"><\/span><\/div>\n<\/div><\/div><\/div><div class=\"wpb_column vc_column_container vc_col-sm-6\"><div class=\"vc_column-inner vc_custom_1592220059575\"><div class=\"wpb_wrapper\"><div class=\"vc_separator wpb_content_element vc_separator_align_center vc_sep_width_100 vc_sep_pos_align_center vc_sep_color_grey vc_separator-has-text\" ><span class=\"vc_sep_holder vc_sep_holder_l\"><span  class=\"vc_sep_line\"><\/span><\/span><h4>D\u00e9tails du pedigree<\/h4><span class=\"vc_sep_holder vc_sep_holder_r\"><span  class=\"vc_sep_line\"><\/span><\/span>\n<\/div>\n\t<div  class=\"wpb_single_image wpb_content_element vc_align_center  wpb_animate_when_almost_visible wpb_bounceIn bounceIn\">\n\t\t\n\t\t<figure class=\"wpb_wrapper vc_figure\">\n\t\t\t<a href=\"https:\/\/sporthorse-data.com\/pedigree\/ansiei\" target=\"_blank\" class=\"vc_single_image-wrapper vc_box_shadow_3d  vc_box_border_grey\"><img width=\"510\" height=\"156\" src=\"https:\/\/seh-equine.com\/wp-content\/uploads\/2020\/03\/Screenshot-2020-03-03-at-19.19.37-510x156.png\" class=\"vc_single_image-img attachment-medium\" alt=\"\" decoding=\"async\" loading=\"lazy\" srcset=\"https:\/\/seh-equine.com\/wp-content\/uploads\/2020\/03\/Screenshot-2020-03-03-at-19.19.37-510x156.png 510w, https:\/\/seh-equine.com\/wp-content\/uploads\/2020\/03\/Screenshot-2020-03-03-at-19.19.37-900x275.png 900w, https:\/\/seh-equine.com\/wp-content\/uploads\/2020\/03\/Screenshot-2020-03-03-at-19.19.37-768x234.png 768w, https:\/\/seh-equine.com\/wp-content\/uploads\/2020\/03\/Screenshot-2020-03-03-at-19.19.37-600x183.png 600w, https:\/\/seh-equine.com\/wp-content\/uploads\/2020\/03\/Screenshot-2020-03-03-at-19.19.37.png 1436w\" sizes=\"(max-width: 510px) 100vw, 510px\" \/><\/a>\n\t\t<\/figure>\n\t<\/div>\n<div class=\"vc_btn3-container vc_btn3-center\" >\n\t<a class=\"vc_general vc_btn3 vc_btn3-size-sm vc_btn3-shape-round vc_btn3-style-3d vc_btn3-icon-left vc_btn3-color-primary\" href=\"https:\/\/sporthorse-data.com\/pedigree\/ansiei\" title=\"\" target=\"_blank\"><i class=\"vc_btn3-icon fa fa-mouse-pointer\"><\/i> En savoir plus<\/a><\/div>\n<\/div><\/div><\/div><\/div><div class=\"vc_row wpb_row vc_inner vc_row-fluid\"><div class=\"wpb_column vc_column_container vc_col-sm-12 vc_col-has-fill\"><div class=\"vc_column-inner vc_custom_1592220069561\"><div class=\"wpb_wrapper\">\n\t<div class=\"wpb_video_widget wpb_content_element vc_clearfix   vc_video-aspect-ratio-169 vc_video-el-width-100 vc_video-align-left\" >\n\t\t<div class=\"wpb_wrapper\">\n\t\t\t<h2 class=\"wpb_heading wpb_video_heading\">Ansiei, L' \u00e9talon pur-sang avec une prog\u00e9niture CCI 4*<\/h2>\n\t\t\t<div class=\"wpb_video_wrapper\"><iframe title=\"Ansiei xx eventing stallion\" width=\"1170\" height=\"878\" src=\"https:\/\/www.youtube.com\/embed\/xpoBac7NeOo?feature=oembed\" frameborder=\"0\" allow=\"accelerometer; autoplay; clipboard-write; encrypted-media; gyroscope; picture-in-picture; web-share\" referrerpolicy=\"strict-origin-when-cross-origin\" allowfullscreen><\/iframe><\/div>\n\t\t<\/div>\n\t<\/div>\n<div class=\"vc_separator wpb_content_element vc_separator_align_center vc_sep_width_100 vc_sep_pos_align_center vc_sep_color_grey vc_separator-has-text\" ><span class=\"vc_sep_holder vc_sep_holder_l\"><span  class=\"vc_sep_line\"><\/span><\/span><h4>Produits :<\/h4><span class=\"vc_sep_holder vc_sep_holder_r\"><span  class=\"vc_sep_line\"><\/span><\/span>\n<\/div><\/div><\/div><\/div><\/div>\n\t<div class=\"wpb_text_column wpb_content_element\" >\n\t\t<div class=\"wpb_wrapper\">\n\t\t\t\n\t\t<\/div>\n\t<\/div>\n<div class=\"vc_row wpb_row vc_inner vc_row-fluid\"><div class=\"wpb_column vc_column_container vc_col-sm-6\"><div class=\"vc_column-inner\"><div class=\"wpb_wrapper\">\n\t<div  class=\"wpb_single_image wpb_content_element vc_align_center  wpb_animate_when_almost_visible wpb_bounceIn bounceIn\">\n\t\t\n\t\t<figure class=\"wpb_wrapper vc_figure\">\n\t\t\t<a href=\"https:\/\/seh-equine.com\/wp-content\/uploads\/2020\/03\/XtGsYtcw-900x627.jpeg\" target=\"_self\" class=\"vc_single_image-wrapper vc_box_shadow_3d  vc_box_border_grey\"><img class=\"vc_single_image-img\" src=\"https:\/\/seh-equine.com\/wp-content\/uploads\/2020\/03\/XtGsYtcw-400x300.jpeg\" width=\"400\" height=\"300\" alt=\"XtGsYtcw\" title=\"XtGsYtcw\" \/><\/a>\n\t\t<\/figure>\n\t<\/div>\n<div class=\"vc_btn3-container vc_btn3-center\" >\n\t<a class=\"vc_general vc_btn3 vc_btn3-size-lg vc_btn3-shape-square vc_btn3-style-3d vc_btn3-block vc_btn3-color-grey\" href=\"https:\/\/www.britisheventing.com\/results\/horse\/a1U4I000002lf94UAA\" title=\"\" target=\"_blank\">BONMAHON WIL DO<\/a><\/div>\n<\/div><\/div><\/div><div class=\"wpb_column vc_column_container vc_col-sm-6\"><div class=\"vc_column-inner\"><div class=\"wpb_wrapper\">\n\t<div  class=\"wpb_single_image wpb_content_element vc_align_center  wpb_animate_when_almost_visible wpb_bounceIn bounceIn\">\n\t\t\n\t\t<figure class=\"wpb_wrapper vc_figure\">\n\t\t\t<a href=\"https:\/\/seh-equine.com\/wp-content\/uploads\/2020\/02\/B156213A-830B-4803-B450-D87D31C6C6BC-1547064190.jpeg\" target=\"_self\" class=\"vc_single_image-wrapper vc_box_shadow_3d  vc_box_border_grey\"><img class=\"vc_single_image-img\" src=\"https:\/\/seh-equine.com\/wp-content\/uploads\/2020\/02\/B156213A-830B-4803-B450-D87D31C6C6BC-1547064190-400x300.jpeg\" width=\"400\" height=\"300\" alt=\"B156213A-830B-4803-B450-D87D31C6C6BC-1547064190\" title=\"B156213A-830B-4803-B450-D87D31C6C6BC-1547064190\" \/><\/a>\n\t\t<\/figure>\n\t<\/div>\n<div class=\"vc_btn3-container vc_btn3-center\" >\n\t<a class=\"vc_general vc_btn3 vc_btn3-size-lg vc_btn3-shape-square vc_btn3-style-3d vc_btn3-block vc_btn3-color-grey\" href=\"https:\/\/www.britisheventing.com\/results\/horse\/a1U4I0000038OVjUAM\" title=\"\" target=\"_blank\">BONMAHON LIBERATION<\/a><\/div>\n<\/div><\/div><\/div><\/div><div class=\"vc_btn3-container vc_btn3-center\" >\n\t<a class=\"vc_general vc_btn3 vc_btn3-size-lg vc_btn3-shape-rounded vc_btn3-style-3d vc_btn3-block vc_btn3-icon-left vc_btn3-color-primary\" href=\"https:\/\/seh-equine.com\/fr\/contact-us\/\" title=\"\"><i class=\"vc_btn3-icon fa fa-envelope\"><\/i> Obtenir plus d'informations<\/a><\/div>\n<\/div><\/div><\/div><\/div>","protected":false},"excerpt":{"rendered":"Ansiei xx SHB(GB) Life Graded Stallion &amp; Weatherby registered Stallion Fully Approved ISH Studbook. Selle Fran\u00e7ais approved. Tested clear from WFFS 16.1 hh, 2007 Ansiei is a proven Thoroughbred stallion and an accomplished athlete in his own right, having won over \u00a0\u00a3188,000 in only a few outings. &nbsp; His ancestry includes the well-known Northern Dancer[...]","protected":false},"author":1,"featured_media":0,"parent":742,"menu_order":0,"comment_status":"closed","ping_status":"closed","template":"","meta":[],"yoast_head":"<!-- This site is optimized with the Yoast SEO plugin v19.9 - https:\/\/yoast.com\/wordpress\/plugins\/seo\/ -->\n<title>Stallions.\u00c9talons.Hengste Ansiei xx -<\/title>\n<meta name=\"description\" content=\"Ansiei, thoroughbred stallion, eventing stallion, sport horse stallion, proven stallion, pur-sang selle francais etalon\" \/>\n<meta name=\"robots\" content=\"index, follow, max-snippet:-1, max-image-preview:large, max-video-preview:-1\" \/>\n<link rel=\"canonical\" href=\"https:\/\/seh-equine.com\/fr\/stallions\/ansiei-thoroughbred-stallion\/\" \/>\n<meta property=\"og:locale\" content=\"fr_FR\" \/>\n<meta property=\"og:type\" content=\"article\" \/>\n<meta property=\"og:title\" content=\"Ansiei xx\" \/>\n<meta property=\"og:description\" content=\"Thoroughbred stallion with 4* progeny\" \/>\n<meta property=\"og:url\" content=\"https:\/\/seh-equine.com\/fr\/stallions\/ansiei-thoroughbred-stallion\/\" \/>\n<meta property=\"og:site_name\" content=\"Stallions.\u00c9talons.Hengste\" \/>\n<meta property=\"article:modified_time\" content=\"2026-03-15T20:03:50+00:00\" \/>\n<meta property=\"og:image\" content=\"https:\/\/seh-equine.com\/wp-content\/uploads\/2020\/01\/IMG-1488996518.jpg\" \/>\n\t<meta property=\"og:image:width\" content=\"900\" \/>\n\t<meta property=\"og:image:height\" content=\"600\" \/>\n\t<meta property=\"og:image:type\" content=\"image\/jpeg\" \/>\n<meta name=\"twitter:card\" content=\"summary_large_image\" \/>\n<meta name=\"twitter:label1\" content=\"Dur\u00e9e de lecture estim\u00e9e\" \/>\n\t<meta name=\"twitter:data1\" content=\"3 minutes\" \/>\n<script type=\"application\/ld+json\" class=\"yoast-schema-graph\">{\"@context\":\"https:\/\/schema.org\",\"@graph\":[{\"@type\":\"WebPage\",\"@id\":\"https:\/\/seh-equine.com\/stallions\/ansiei-thoroughbred-stallion\/\",\"url\":\"https:\/\/seh-equine.com\/stallions\/ansiei-thoroughbred-stallion\/\",\"name\":\"Stallions.\u00c9talons.Hengste Ansiei xx -\",\"isPartOf\":{\"@id\":\"https:\/\/seh-equine.com\/#website\"},\"datePublished\":\"2020-01-31T20:13:23+00:00\",\"dateModified\":\"2026-03-15T20:03:50+00:00\",\"description\":\"Ansiei, thoroughbred stallion, eventing stallion, sport horse stallion, proven stallion, pur-sang selle francais etalon\",\"breadcrumb\":{\"@id\":\"https:\/\/seh-equine.com\/stallions\/ansiei-thoroughbred-stallion\/#breadcrumb\"},\"inLanguage\":\"fr-FR\",\"potentialAction\":[{\"@type\":\"ReadAction\",\"target\":[\"https:\/\/seh-equine.com\/stallions\/ansiei-thoroughbred-stallion\/\"]}]},{\"@type\":\"BreadcrumbList\",\"@id\":\"https:\/\/seh-equine.com\/stallions\/ansiei-thoroughbred-stallion\/#breadcrumb\",\"itemListElement\":[{\"@type\":\"ListItem\",\"position\":1,\"name\":\"Home\",\"item\":\"https:\/\/seh-equine.com\/\"},{\"@type\":\"ListItem\",\"position\":2,\"name\":\"Stallions\",\"item\":\"https:\/\/seh-equine.com\/stallions\/\"},{\"@type\":\"ListItem\",\"position\":3,\"name\":\"Ansiei xx\"}]},{\"@type\":\"WebSite\",\"@id\":\"https:\/\/seh-equine.com\/#website\",\"url\":\"https:\/\/seh-equine.com\/\",\"name\":\"Stallions.\u00c9talons.Hengste\",\"description\":\"Equine Semen Agency\",\"publisher\":{\"@id\":\"https:\/\/seh-equine.com\/#organization\"},\"potentialAction\":[{\"@type\":\"SearchAction\",\"target\":{\"@type\":\"EntryPoint\",\"urlTemplate\":\"https:\/\/seh-equine.com\/?s={search_term_string}\"},\"query-input\":\"required name=search_term_string\"}],\"inLanguage\":\"fr-FR\"},{\"@type\":\"Organization\",\"@id\":\"https:\/\/seh-equine.com\/#organization\",\"name\":\"SEH Equine\",\"url\":\"https:\/\/seh-equine.com\/\",\"logo\":{\"@type\":\"ImageObject\",\"inLanguage\":\"fr-FR\",\"@id\":\"https:\/\/seh-equine.com\/#\/schema\/logo\/image\/\",\"url\":\"https:\/\/seh-equine.com\/wp-content\/uploads\/2020\/02\/Logo-1.png\",\"contentUrl\":\"https:\/\/seh-equine.com\/wp-content\/uploads\/2020\/02\/Logo-1.png\",\"width\":6900,\"height\":3289,\"caption\":\"SEH Equine\"},\"image\":{\"@id\":\"https:\/\/seh-equine.com\/#\/schema\/logo\/image\/\"}}]}<\/script>\n<!-- \/ Yoast SEO plugin. -->","yoast_head_json":{"title":"Stallions.\u00c9talons.Hengste Ansiei xx -","description":"Ansiei, thoroughbred stallion, eventing stallion, sport horse stallion, proven stallion, pur-sang selle francais etalon","robots":{"index":"index","follow":"follow","max-snippet":"max-snippet:-1","max-image-preview":"max-image-preview:large","max-video-preview":"max-video-preview:-1"},"canonical":"https:\/\/seh-equine.com\/fr\/stallions\/ansiei-thoroughbred-stallion\/","og_locale":"fr_FR","og_type":"article","og_title":"Ansiei xx","og_description":"Thoroughbred stallion with 4* progeny","og_url":"https:\/\/seh-equine.com\/fr\/stallions\/ansiei-thoroughbred-stallion\/","og_site_name":"Stallions.\u00c9talons.Hengste","article_modified_time":"2026-03-15T20:03:50+00:00","og_image":[{"width":900,"height":600,"url":"https:\/\/seh-equine.com\/wp-content\/uploads\/2020\/01\/IMG-1488996518.jpg","type":"image\/jpeg"}],"twitter_card":"summary_large_image","twitter_misc":{"Dur\u00e9e de lecture estim\u00e9e":"3 minutes"},"schema":{"@context":"https:\/\/schema.org","@graph":[{"@type":"WebPage","@id":"https:\/\/seh-equine.com\/stallions\/ansiei-thoroughbred-stallion\/","url":"https:\/\/seh-equine.com\/stallions\/ansiei-thoroughbred-stallion\/","name":"Stallions.\u00c9talons.Hengste Ansiei xx -","isPartOf":{"@id":"https:\/\/seh-equine.com\/#website"},"datePublished":"2020-01-31T20:13:23+00:00","dateModified":"2026-03-15T20:03:50+00:00","description":"Ansiei, thoroughbred stallion, eventing stallion, sport horse stallion, proven stallion, pur-sang selle francais etalon","breadcrumb":{"@id":"https:\/\/seh-equine.com\/stallions\/ansiei-thoroughbred-stallion\/#breadcrumb"},"inLanguage":"fr-FR","potentialAction":[{"@type":"ReadAction","target":["https:\/\/seh-equine.com\/stallions\/ansiei-thoroughbred-stallion\/"]}]},{"@type":"BreadcrumbList","@id":"https:\/\/seh-equine.com\/stallions\/ansiei-thoroughbred-stallion\/#breadcrumb","itemListElement":[{"@type":"ListItem","position":1,"name":"Home","item":"https:\/\/seh-equine.com\/"},{"@type":"ListItem","position":2,"name":"Stallions","item":"https:\/\/seh-equine.com\/stallions\/"},{"@type":"ListItem","position":3,"name":"Ansiei xx"}]},{"@type":"WebSite","@id":"https:\/\/seh-equine.com\/#website","url":"https:\/\/seh-equine.com\/","name":"Stallions.\u00c9talons.Hengste","description":"Equine Semen Agency","publisher":{"@id":"https:\/\/seh-equine.com\/#organization"},"potentialAction":[{"@type":"SearchAction","target":{"@type":"EntryPoint","urlTemplate":"https:\/\/seh-equine.com\/?s={search_term_string}"},"query-input":"required name=search_term_string"}],"inLanguage":"fr-FR"},{"@type":"Organization","@id":"https:\/\/seh-equine.com\/#organization","name":"SEH Equine","url":"https:\/\/seh-equine.com\/","logo":{"@type":"ImageObject","inLanguage":"fr-FR","@id":"https:\/\/seh-equine.com\/#\/schema\/logo\/image\/","url":"https:\/\/seh-equine.com\/wp-content\/uploads\/2020\/02\/Logo-1.png","contentUrl":"https:\/\/seh-equine.com\/wp-content\/uploads\/2020\/02\/Logo-1.png","width":6900,"height":3289,"caption":"SEH Equine"},"image":{"@id":"https:\/\/seh-equine.com\/#\/schema\/logo\/image\/"}}]}},"_links":{"self":[{"href":"https:\/\/seh-equine.com\/fr\/wp-json\/wp\/v2\/pages\/1738"}],"collection":[{"href":"https:\/\/seh-equine.com\/fr\/wp-json\/wp\/v2\/pages"}],"about":[{"href":"https:\/\/seh-equine.com\/fr\/wp-json\/wp\/v2\/types\/page"}],"author":[{"embeddable":true,"href":"https:\/\/seh-equine.com\/fr\/wp-json\/wp\/v2\/users\/1"}],"replies":[{"embeddable":true,"href":"https:\/\/seh-equine.com\/fr\/wp-json\/wp\/v2\/comments?post=1738"}],"version-history":[{"count":44,"href":"https:\/\/seh-equine.com\/fr\/wp-json\/wp\/v2\/pages\/1738\/revisions"}],"predecessor-version":[{"id":1861,"href":"https:\/\/seh-equine.com\/fr\/wp-json\/wp\/v2\/pages\/1738\/revisions\/1861"}],"up":[{"embeddable":true,"href":"https:\/\/seh-equine.com\/fr\/wp-json\/wp\/v2\/pages\/742"}],"wp:attachment":[{"href":"https:\/\/seh-equine.com\/fr\/wp-json\/wp\/v2\/media?parent=1738"}],"curies":[{"name":"wp","href":"https:\/\/api.w.org\/{rel}","templated":true}]}}