{"id":1538,"date":"2018-01-13T09:41:07","date_gmt":"2018-01-13T09:41:07","guid":{"rendered":"http:\/\/victorthemes.com\/themes\/unova\/?page_id=676"},"modified":"2018-01-13T09:41:07","modified_gmt":"2018-01-13T09:41:07","slug":"team-members-2","status":"publish","type":"page","link":"https:\/\/seh-equine.com\/fr\/team-members-2\/","title":{"rendered":"Team-members"},"content":{"rendered":"<div class=\"vc_row wpb_row vc_row-fluid unva-dhav-dotted vc_custom_1515837171726\"><div class=\"wpb_column vc_column_container text-default vc_col-sm-12\"><div class=\"vc_column-inner\"><div class=\"wpb_wrapper\">    <section class=\"unva-team direction-hover unva-team-69f5c3199fa89\">\n    <div class=\"container\">\n      <div class=\"row\">\n            <div class=\"col-md-4 col-sm-6\">\n        <div class=\"unva-item mate-item\">\n          <div class=\"unva-image\">\n            <img src=\"https:\/\/seh-equine.com\/wp-content\/uploads\/2018\/02\/mate12.png\" alt=\"Vincy Vincent\">            <div class=\"unva-social\">\n              <div class=\"unva-table-wrap\">\n                <div class=\"unva-align-wrap\">\n                                      <a href=\"https:\/\/www.facebook.com\/\" target=\"_blank\"><i class=\"fa fa-facebook\" aria-hidden=\"true\"><\/i><\/a>\n                                      <a href=\"https:\/\/www.twitter.com\/\" target=\"_blank\"><i class=\"fa fa-twitter\" aria-hidden=\"true\"><\/i><\/a>\n                                      <a href=\"https:\/\/www.pinterest.com\/\" target=\"_blank\"><i class=\"fa fa-pinterest\" aria-hidden=\"true\"><\/i><\/a>\n                                  <\/div>\n              <\/div>\n            <\/div>\n                      <\/div>\n          <div class=\"mate-info\">\n            <p>Then one day he was shooting at some through the ground to came a best bling crude to the east.<\/p>            <h4 class=\"mate-name\">Vincy Vincent<\/h4>\n            <h5 class=\"mate-designation\">Video Production<\/h5>          <\/div>\n        <\/div>\n      <\/div>\n            <div class=\"col-md-4 col-sm-6\">\n        <div class=\"unva-item mate-item\">\n          <div class=\"unva-image\">\n            <img src=\"https:\/\/seh-equine.com\/wp-content\/uploads\/2018\/02\/mate12.png\" alt=\"Jimmy Breeze\">            <div class=\"unva-social\">\n              <div class=\"unva-table-wrap\">\n                <div class=\"unva-align-wrap\">\n                                      <a href=\"https:\/\/plus.google.com\/\" target=\"_blank\"><i class=\"fa fa-google-plus\" aria-hidden=\"true\"><\/i><\/a>\n                                  <\/div>\n              <\/div>\n            <\/div>\n                      <\/div>\n          <div class=\"mate-info\">\n            <p>Then one day he was shooting at some through the ground to came a best bling crude to the east.<\/p>            <h4 class=\"mate-name\">Jimmy Breeze<\/h4>\n            <h5 class=\"mate-designation\">Co-Founder<\/h5>          <\/div>\n        <\/div>\n      <\/div>\n            <div class=\"col-md-4 col-sm-6\">\n        <div class=\"unva-item mate-item\">\n          <div class=\"unva-image\">\n            <img src=\"https:\/\/seh-equine.com\/wp-content\/uploads\/2018\/02\/mate12.png\" alt=\"Albert Joe\">            <div class=\"unva-social\">\n              <div class=\"unva-table-wrap\">\n                <div class=\"unva-align-wrap\">\n                                      <a href=\"https:\/\/www.facebook.com\/\" target=\"_blank\"><i class=\"fa fa-facebook\" aria-hidden=\"true\"><\/i><\/a>\n                                      <a href=\"https:\/\/www.twitter.com\/\" target=\"_blank\"><i class=\"fa fa-twitter\" aria-hidden=\"true\"><\/i><\/a>\n                                      <a href=\"https:\/\/www.pinterest.com\/\" target=\"_blank\"><i class=\"fa fa-pinterest\" aria-hidden=\"true\"><\/i><\/a>\n                                  <\/div>\n              <\/div>\n            <\/div>\n                      <\/div>\n          <div class=\"mate-info\">\n            <p>Then one day he was shooting at some through the ground to came a best bling crude to the east.<\/p>            <h4 class=\"mate-name\">Albert Joe<\/h4>\n            <h5 class=\"mate-designation\">Advertising Manager<\/h5>          <\/div>\n        <\/div>\n      <\/div>\n            <div class=\"col-md-4 col-sm-6\">\n        <div class=\"unva-item mate-item\">\n          <div class=\"unva-image\">\n            <img src=\"https:\/\/seh-equine.com\/wp-content\/uploads\/2018\/02\/mate12.png\" alt=\"Beula Joe\">            <div class=\"unva-social\">\n              <div class=\"unva-table-wrap\">\n                <div class=\"unva-align-wrap\">\n                                      <a href=\"https:\/\/www.twitter.com\/\" target=\"_blank\"><i class=\"fa fa-twitter\" aria-hidden=\"true\"><\/i><\/a>\n                                      <a href=\"https:\/\/www.facebook.com\/\" target=\"_blank\"><i class=\"fa fa-facebook\" aria-hidden=\"true\"><\/i><\/a>\n                                      <a href=\"https:\/\/plus.google.com\/\" target=\"_blank\"><i class=\"fa fa-google-plus\" aria-hidden=\"true\"><\/i><\/a>\n                                      <a href=\"https:\/\/www.linkedin.com\/\" target=\"_blank\"><i class=\"fa fa-linkedin\" aria-hidden=\"true\"><\/i><\/a>\n                                  <\/div>\n              <\/div>\n            <\/div>\n                      <\/div>\n          <div class=\"mate-info\">\n            <p>Then one day he was shooting at some through the ground to came a best bling crude to the east.<\/p>            <h4 class=\"mate-name\">Beula Joe<\/h4>\n            <h5 class=\"mate-designation\">Creative Director<\/h5>          <\/div>\n        <\/div>\n      <\/div>\n            <div class=\"col-md-4 col-sm-6\">\n        <div class=\"unva-item mate-item\">\n          <div class=\"unva-image\">\n            <img src=\"https:\/\/seh-equine.com\/wp-content\/uploads\/2018\/02\/mate12.png\" alt=\"Josh Thomas\">            <div class=\"unva-social\">\n              <div class=\"unva-table-wrap\">\n                <div class=\"unva-align-wrap\">\n                                      <a href=\"https:\/\/www.pinterest.com\/\" target=\"_blank\"><i class=\"fa fa-pinterest\" aria-hidden=\"true\"><\/i><\/a>\n                                      <a href=\"https:\/\/plus.google.com\/\" target=\"_blank\"><i class=\"fa fa-google-plus\" aria-hidden=\"true\"><\/i><\/a>\n                                  <\/div>\n              <\/div>\n            <\/div>\n                      <\/div>\n          <div class=\"mate-info\">\n            <p>Then one day he was shooting at some through the ground to came a best bling crude to the east.<\/p>            <h4 class=\"mate-name\">Josh Thomas<\/h4>\n            <h5 class=\"mate-designation\">Business Designer<\/h5>          <\/div>\n        <\/div>\n      <\/div>\n            <div class=\"col-md-4 col-sm-6\">\n        <div class=\"unva-item mate-item\">\n          <div class=\"unva-image\">\n            <img src=\"https:\/\/seh-equine.com\/wp-content\/uploads\/2018\/02\/mate12.png\" alt=\"Ricky Martin\">            <div class=\"unva-social\">\n              <div class=\"unva-table-wrap\">\n                <div class=\"unva-align-wrap\">\n                                      <a href=\"https:\/\/www.facebook.com\/\" target=\"_blank\"><i class=\"fa fa-facebook\" aria-hidden=\"true\"><\/i><\/a>\n                                  <\/div>\n              <\/div>\n            <\/div>\n                      <\/div>\n          <div class=\"mate-info\">\n            <p>Then one day he was shooting at some through the ground to came a best bling crude to the east.<\/p>            <h4 class=\"mate-name\">Ricky Martin<\/h4>\n            <h5 class=\"mate-designation\">Production Agency <\/h5>          <\/div>\n        <\/div>\n      <\/div>\n            <div class=\"col-md-4 col-sm-6\">\n        <div class=\"unva-item mate-item\">\n          <div class=\"unva-image\">\n            <img src=\"https:\/\/seh-equine.com\/wp-content\/uploads\/2018\/02\/mate12.png\" alt=\"George Bailey\">            <div class=\"unva-social\">\n              <div class=\"unva-table-wrap\">\n                <div class=\"unva-align-wrap\">\n                                      <a href=\"https:\/\/www.linkedin.com\/\" target=\"_blank\"><i class=\"fa fa-linkedin\" aria-hidden=\"true\"><\/i><\/a>\n                                  <\/div>\n              <\/div>\n            <\/div>\n                      <\/div>\n          <div class=\"mate-info\">\n            <p>Then one day he was shooting at some through the ground to came a best bling crude to the east.<\/p>            <h4 class=\"mate-name\">George Bailey<\/h4>\n            <h5 class=\"mate-designation\">Technology <\/h5>          <\/div>\n        <\/div>\n      <\/div>\n            <div class=\"col-md-4 col-sm-6\">\n        <div class=\"unva-item mate-item\">\n          <div class=\"unva-image\">\n            <img src=\"https:\/\/seh-equine.com\/wp-content\/uploads\/2018\/02\/mate12.png\" alt=\"Angeline\">            <div class=\"unva-social\">\n              <div class=\"unva-table-wrap\">\n                <div class=\"unva-align-wrap\">\n                                      <a href=\"https:\/\/www.facebook.com\/\" target=\"_blank\"><i class=\"fa fa-facebook\" aria-hidden=\"true\"><\/i><\/a>\n                                      <a href=\"https:\/\/plus.google.com\/\" target=\"_blank\"><i class=\"fa fa-google-plus\" aria-hidden=\"true\"><\/i><\/a>\n                                      <a href=\"https:\/\/www.twitter.com\/\" target=\"_blank\"><i class=\"fa fa-twitter\" aria-hidden=\"true\"><\/i><\/a>\n                                  <\/div>\n              <\/div>\n            <\/div>\n                      <\/div>\n          <div class=\"mate-info\">\n            <p>Then one day he was shooting at some through the ground to came a best bling crude to the east.<\/p>            <h4 class=\"mate-name\">Angeline<\/h4>\n            <h5 class=\"mate-designation\">Co-Founder<\/h5>          <\/div>\n        <\/div>\n      <\/div>\n            <div class=\"col-md-4 col-sm-6\">\n        <div class=\"unva-item mate-item\">\n          <div class=\"unva-image\">\n            <img src=\"https:\/\/seh-equine.com\/wp-content\/uploads\/2018\/02\/mate12.png\" alt=\"Sasha Blizz\">            <div class=\"unva-social\">\n              <div class=\"unva-table-wrap\">\n                <div class=\"unva-align-wrap\">\n                                      <a href=\"https:\/\/www.twitter.com\/\" target=\"_blank\"><i class=\"fa fa-twitter\" aria-hidden=\"true\"><\/i><\/a>\n                                      <a href=\"https:\/\/www.linkedin.com\/\" target=\"_blank\"><i class=\"fa fa-linkedin\" aria-hidden=\"true\"><\/i><\/a>\n                                  <\/div>\n              <\/div>\n            <\/div>\n                      <\/div>\n          <div class=\"mate-info\">\n            <p>Then one day he was shooting at some through the ground to came a best bling crude to the east.<\/p>            <h4 class=\"mate-name\">Sasha Blizz<\/h4>\n            <h5 class=\"mate-designation\">Video Production<\/h5>          <\/div>\n        <\/div>\n      <\/div>\n            <\/div>\n    <\/div>\n    <\/section> <!-- Team End -->\n\n<\/div><\/div><\/div><\/div><div data-vc-full-width=\"true\" data-vc-full-width-init=\"false\" data-vc-parallax=\"1.5\" data-vc-parallax-image=\"https:\/\/seh-equine.com\/wp-content\/uploads\/2018\/02\/home-one-slide-two-1.jpg\" class=\"vc_row wpb_row vc_row-fluid unva-dhav-dotted vc_custom_1520857510562 vc_row-has-fill vc_general vc_parallax vc_parallax-content-moving\"><div class=\"unva-overlay-pattern\" style=\"background-color:rgba(107,116,230,0.88);\"><\/div><div class=\"wpb_column vc_column_container text-default vc_col-sm-12\"><div class=\"vc_column-inner\"><div class=\"wpb_wrapper\"><div class=\"section-title-wrap unva-stitle-69f5c319a3738 cpation-center\"><h2 class=\"section-title\"> We always deliver products more than you expected<\/h2><div class=\"unva-btn-group\"><a href=\"#0\" class=\"unva-btn\">Lets Start<i class=\"fa fa-arrow-circle-right\" aria-hidden=\"true\"><\/i><\/a><\/div><\/div><\/div><\/div><\/div><\/div><div class=\"vc_row-full-width vc_clearfix\"><\/div>","protected":false},"excerpt":{"rendered":"","protected":false},"author":1,"featured_media":0,"parent":0,"menu_order":0,"comment_status":"closed","ping_status":"closed","template":"","meta":[],"yoast_head":"<!-- This site is optimized with the Yoast SEO plugin v19.9 - https:\/\/yoast.com\/wordpress\/plugins\/seo\/ -->\n<title>Team-members - Stallions.\u00c9talons.Hengste<\/title>\n<meta name=\"robots\" content=\"index, follow, max-snippet:-1, max-image-preview:large, max-video-preview:-1\" \/>\n<link rel=\"canonical\" href=\"https:\/\/seh-equine.com\/fr\/team-members-2\/\" \/>\n<meta property=\"og:locale\" content=\"fr_FR\" \/>\n<meta property=\"og:type\" content=\"article\" \/>\n<meta property=\"og:title\" content=\"Team-members - Stallions.\u00c9talons.Hengste\" \/>\n<meta property=\"og:url\" content=\"https:\/\/seh-equine.com\/fr\/team-members-2\/\" \/>\n<meta property=\"og:site_name\" content=\"Stallions.\u00c9talons.Hengste\" \/>\n<meta name=\"twitter:card\" content=\"summary_large_image\" \/>\n<meta name=\"twitter:label1\" content=\"Dur\u00e9e de lecture estim\u00e9e\" \/>\n\t<meta name=\"twitter:data1\" content=\"1 minute\" \/>\n<script type=\"application\/ld+json\" class=\"yoast-schema-graph\">{\"@context\":\"https:\/\/schema.org\",\"@graph\":[{\"@type\":\"WebPage\",\"@id\":\"https:\/\/seh-equine.com\/team-members-2\/\",\"url\":\"https:\/\/seh-equine.com\/team-members-2\/\",\"name\":\"Team-members - Stallions.\u00c9talons.Hengste\",\"isPartOf\":{\"@id\":\"https:\/\/seh-equine.com\/#website\"},\"datePublished\":\"2018-01-13T09:41:07+00:00\",\"dateModified\":\"2018-01-13T09:41:07+00:00\",\"breadcrumb\":{\"@id\":\"https:\/\/seh-equine.com\/team-members-2\/#breadcrumb\"},\"inLanguage\":\"fr-FR\",\"potentialAction\":[{\"@type\":\"ReadAction\",\"target\":[\"https:\/\/seh-equine.com\/team-members-2\/\"]}]},{\"@type\":\"BreadcrumbList\",\"@id\":\"https:\/\/seh-equine.com\/team-members-2\/#breadcrumb\",\"itemListElement\":[{\"@type\":\"ListItem\",\"position\":1,\"name\":\"Home\",\"item\":\"https:\/\/seh-equine.com\/\"},{\"@type\":\"ListItem\",\"position\":2,\"name\":\"Team-members\"}]},{\"@type\":\"WebSite\",\"@id\":\"https:\/\/seh-equine.com\/#website\",\"url\":\"https:\/\/seh-equine.com\/\",\"name\":\"Stallions.\u00c9talons.Hengste\",\"description\":\"Equine Semen Agency\",\"publisher\":{\"@id\":\"https:\/\/seh-equine.com\/#organization\"},\"potentialAction\":[{\"@type\":\"SearchAction\",\"target\":{\"@type\":\"EntryPoint\",\"urlTemplate\":\"https:\/\/seh-equine.com\/?s={search_term_string}\"},\"query-input\":\"required name=search_term_string\"}],\"inLanguage\":\"fr-FR\"},{\"@type\":\"Organization\",\"@id\":\"https:\/\/seh-equine.com\/#organization\",\"name\":\"SEH Equine\",\"url\":\"https:\/\/seh-equine.com\/\",\"logo\":{\"@type\":\"ImageObject\",\"inLanguage\":\"fr-FR\",\"@id\":\"https:\/\/seh-equine.com\/#\/schema\/logo\/image\/\",\"url\":\"https:\/\/seh-equine.com\/wp-content\/uploads\/2020\/02\/Logo-1.png\",\"contentUrl\":\"https:\/\/seh-equine.com\/wp-content\/uploads\/2020\/02\/Logo-1.png\",\"width\":6900,\"height\":3289,\"caption\":\"SEH Equine\"},\"image\":{\"@id\":\"https:\/\/seh-equine.com\/#\/schema\/logo\/image\/\"}}]}<\/script>\n<!-- \/ Yoast SEO plugin. -->","yoast_head_json":{"title":"Team-members - Stallions.\u00c9talons.Hengste","robots":{"index":"index","follow":"follow","max-snippet":"max-snippet:-1","max-image-preview":"max-image-preview:large","max-video-preview":"max-video-preview:-1"},"canonical":"https:\/\/seh-equine.com\/fr\/team-members-2\/","og_locale":"fr_FR","og_type":"article","og_title":"Team-members - Stallions.\u00c9talons.Hengste","og_url":"https:\/\/seh-equine.com\/fr\/team-members-2\/","og_site_name":"Stallions.\u00c9talons.Hengste","twitter_card":"summary_large_image","twitter_misc":{"Dur\u00e9e de lecture estim\u00e9e":"1 minute"},"schema":{"@context":"https:\/\/schema.org","@graph":[{"@type":"WebPage","@id":"https:\/\/seh-equine.com\/team-members-2\/","url":"https:\/\/seh-equine.com\/team-members-2\/","name":"Team-members - Stallions.\u00c9talons.Hengste","isPartOf":{"@id":"https:\/\/seh-equine.com\/#website"},"datePublished":"2018-01-13T09:41:07+00:00","dateModified":"2018-01-13T09:41:07+00:00","breadcrumb":{"@id":"https:\/\/seh-equine.com\/team-members-2\/#breadcrumb"},"inLanguage":"fr-FR","potentialAction":[{"@type":"ReadAction","target":["https:\/\/seh-equine.com\/team-members-2\/"]}]},{"@type":"BreadcrumbList","@id":"https:\/\/seh-equine.com\/team-members-2\/#breadcrumb","itemListElement":[{"@type":"ListItem","position":1,"name":"Home","item":"https:\/\/seh-equine.com\/"},{"@type":"ListItem","position":2,"name":"Team-members"}]},{"@type":"WebSite","@id":"https:\/\/seh-equine.com\/#website","url":"https:\/\/seh-equine.com\/","name":"Stallions.\u00c9talons.Hengste","description":"Equine Semen Agency","publisher":{"@id":"https:\/\/seh-equine.com\/#organization"},"potentialAction":[{"@type":"SearchAction","target":{"@type":"EntryPoint","urlTemplate":"https:\/\/seh-equine.com\/?s={search_term_string}"},"query-input":"required name=search_term_string"}],"inLanguage":"fr-FR"},{"@type":"Organization","@id":"https:\/\/seh-equine.com\/#organization","name":"SEH Equine","url":"https:\/\/seh-equine.com\/","logo":{"@type":"ImageObject","inLanguage":"fr-FR","@id":"https:\/\/seh-equine.com\/#\/schema\/logo\/image\/","url":"https:\/\/seh-equine.com\/wp-content\/uploads\/2020\/02\/Logo-1.png","contentUrl":"https:\/\/seh-equine.com\/wp-content\/uploads\/2020\/02\/Logo-1.png","width":6900,"height":3289,"caption":"SEH Equine"},"image":{"@id":"https:\/\/seh-equine.com\/#\/schema\/logo\/image\/"}}]}},"_links":{"self":[{"href":"https:\/\/seh-equine.com\/fr\/wp-json\/wp\/v2\/pages\/1538"}],"collection":[{"href":"https:\/\/seh-equine.com\/fr\/wp-json\/wp\/v2\/pages"}],"about":[{"href":"https:\/\/seh-equine.com\/fr\/wp-json\/wp\/v2\/types\/page"}],"author":[{"embeddable":true,"href":"https:\/\/seh-equine.com\/fr\/wp-json\/wp\/v2\/users\/1"}],"replies":[{"embeddable":true,"href":"https:\/\/seh-equine.com\/fr\/wp-json\/wp\/v2\/comments?post=1538"}],"version-history":[{"count":0,"href":"https:\/\/seh-equine.com\/fr\/wp-json\/wp\/v2\/pages\/1538\/revisions"}],"wp:attachment":[{"href":"https:\/\/seh-equine.com\/fr\/wp-json\/wp\/v2\/media?parent=1538"}],"curies":[{"name":"wp","href":"https:\/\/api.w.org\/{rel}","templated":true}]}}